{"id":103,"date":"2024-04-19T16:57:00","date_gmt":"2024-04-19T16:57:00","guid":{"rendered":"https:\/\/wp.hont.hu\/?page_id=103"},"modified":"2024-04-19T18:23:08","modified_gmt":"2024-04-19T18:23:08","slug":"valasztasi-ugyintezes","status":"publish","type":"page","link":"https:\/\/wp.hont.hu\/index.php\/valasztasi-ugyintezes\/","title":{"rendered":"V\u00e1laszt\u00e1si \u00fcgyint\u00e9z\u00e9s"},"content":{"rendered":"<div id=\"SZB_leiras193\" class=\"szb_leiras\" style=\"text-align: center;\">K\u00e9relmek beny\u00fajt\u00e1sa \u00e9s egy\u00e9b \u00fcgyint\u00e9z\u00e9s a <b>Nemzeti V\u00e1laszt\u00e1si Iroda<\/b> honlapj\u00e1n lehets\u00e9ges.<br \/>\n<a class=\"www\" title=\"+WEB\" href=\"https:\/\/www.valasztas.hu\/ugyintezes\" target=\"link_www\" rel=\"noopener\">https:\/\/www.valasztas.hu\/ugyintezes<\/a><\/div>\n","protected":false},"excerpt":{"rendered":"<p>K\u00e9relmek beny\u00fajt\u00e1sa \u00e9s egy\u00e9b \u00fcgyint\u00e9z\u00e9s a Nemzeti V\u00e1laszt\u00e1si Iroda honlapj\u00e1n lehets\u00e9ges. https:\/\/www.valasztas.hu\/ugyintezes<\/p>\n","protected":false},"author":1,"featured_media":0,"parent":0,"menu_order":0,"comment_status":"closed","ping_status":"closed","template":"","meta":{"footnotes":""},"class_list":["post-103","page","type-page","status-publish","hentry"],"aioseo_notices":[],"_links":{"self":[{"href":"https:\/\/wp.hont.hu\/index.php\/wp-json\/wp\/v2\/pages\/103","targetHints":{"allow":["GET"]}}],"collection":[{"href":"https:\/\/wp.hont.hu\/index.php\/wp-json\/wp\/v2\/pages"}],"about":[{"href":"https:\/\/wp.hont.hu\/index.php\/wp-json\/wp\/v2\/types\/page"}],"author":[{"embeddable":true,"href":"https:\/\/wp.hont.hu\/index.php\/wp-json\/wp\/v2\/users\/1"}],"replies":[{"embeddable":true,"href":"https:\/\/wp.hont.hu\/index.php\/wp-json\/wp\/v2\/comments?post=103"}],"version-history":[{"count":3,"href":"https:\/\/wp.hont.hu\/index.php\/wp-json\/wp\/v2\/pages\/103\/revisions"}],"predecessor-version":[{"id":187,"href":"https:\/\/wp.hont.hu\/index.php\/wp-json\/wp\/v2\/pages\/103\/revisions\/187"}],"wp:attachment":[{"href":"https:\/\/wp.hont.hu\/index.php\/wp-json\/wp\/v2\/media?parent=103"}],"curies":[{"name":"wp","href":"https:\/\/api.w.org\/{rel}","templated":true}]}}