{"id":105,"date":"2024-04-19T16:57:11","date_gmt":"2024-04-19T16:57:11","guid":{"rendered":"https:\/\/wp.hont.hu\/?page_id=105"},"modified":"2024-04-19T18:22:41","modified_gmt":"2024-04-19T18:22:41","slug":"2024-evi-altalanos-valasztasok","status":"publish","type":"page","link":"https:\/\/wp.hont.hu\/index.php\/2024-evi-altalanos-valasztasok\/","title":{"rendered":"2024. \u00e9vi \u00e1ltal\u00e1nos v\u00e1laszt\u00e1sok"},"content":{"rendered":"<p id=\"SZB_cim194\" class=\"Pr\" style=\"text-align: center;\"><strong>V\u00e1laszt\u00f3polg\u00e1roknak<\/strong><\/p>\n<p class=\"Pr\" style=\"text-align: center;\">Tudnival\u00f3k a Nemzeti V\u00e1laszt\u00e1si Iroda honlapj\u00e1n!<br \/>\n<a class=\"www\" title=\"+WEB\" href=\"https:\/\/www.valasztas.hu\/valasztopolgaroknak\" target=\"link_www\" rel=\"noopener noreferrer\">https:\/\/www.valasztas.hu\/valasztopolgaroknak<\/a><strong><br \/>\n<\/strong><\/p>\n<hr \/>\n<p style=\"text-align: center;\"><strong>Jel\u00f6lteknek<\/strong><\/p>\n<p style=\"text-align: center;\">Tudnival\u00f3k a Nemzeti V\u00e1laszt\u00e1si Iroda honlapj\u00e1n!<br \/>\n<a class=\"www\" title=\"+WEB\" href=\"https:\/\/www.valasztas.hu\/jelolteknek\" target=\"link_www\" rel=\"noopener noreferrer\">https:\/\/www.valasztas.hu\/jelolteknek<\/a><\/p>\n<p style=\"text-align: center;\">Nyomtatv\u00e1nyok:<br \/>\n<a class=\"www\" title=\"+WEB\" href=\"https:\/\/www.valasztas.hu\/helyi-onkormanyzati-valasztasok1\" target=\"link_www\" rel=\"noopener noreferrer\">https:\/\/www.valasztas.hu\/helyi-onkormanyzati-valasztasok1<\/a><\/p>\n","protected":false},"excerpt":{"rendered":"<p>V\u00e1laszt\u00f3polg\u00e1roknak Tudnival\u00f3k a Nemzeti V\u00e1laszt\u00e1si Iroda honlapj\u00e1n! https:\/\/www.valasztas.hu\/valasztopolgaroknak Jel\u00f6lteknek Tudnival\u00f3k a Nemzeti V\u00e1laszt\u00e1si Iroda honlapj\u00e1n! https:\/\/www.valasztas.hu\/jelolteknek Nyomtatv\u00e1nyok: https:\/\/www.valasztas.hu\/helyi-onkormanyzati-valasztasok1<\/p>\n","protected":false},"author":1,"featured_media":0,"parent":0,"menu_order":0,"comment_status":"closed","ping_status":"closed","template":"","meta":{"footnotes":""},"class_list":["post-105","page","type-page","status-publish","hentry"],"aioseo_notices":[],"_links":{"self":[{"href":"https:\/\/wp.hont.hu\/index.php\/wp-json\/wp\/v2\/pages\/105","targetHints":{"allow":["GET"]}}],"collection":[{"href":"https:\/\/wp.hont.hu\/index.php\/wp-json\/wp\/v2\/pages"}],"about":[{"href":"https:\/\/wp.hont.hu\/index.php\/wp-json\/wp\/v2\/types\/page"}],"author":[{"embeddable":true,"href":"https:\/\/wp.hont.hu\/index.php\/wp-json\/wp\/v2\/users\/1"}],"replies":[{"embeddable":true,"href":"https:\/\/wp.hont.hu\/index.php\/wp-json\/wp\/v2\/comments?post=105"}],"version-history":[{"count":2,"href":"https:\/\/wp.hont.hu\/index.php\/wp-json\/wp\/v2\/pages\/105\/revisions"}],"predecessor-version":[{"id":186,"href":"https:\/\/wp.hont.hu\/index.php\/wp-json\/wp\/v2\/pages\/105\/revisions\/186"}],"wp:attachment":[{"href":"https:\/\/wp.hont.hu\/index.php\/wp-json\/wp\/v2\/media?parent=105"}],"curies":[{"name":"wp","href":"https:\/\/api.w.org\/{rel}","templated":true}]}}