{"id":112,"date":"2024-04-19T16:59:40","date_gmt":"2024-04-19T16:59:40","guid":{"rendered":"https:\/\/wp.hont.hu\/?page_id=112"},"modified":"2024-07-10T12:35:01","modified_gmt":"2024-07-10T12:35:01","slug":"palyazatok-hont","status":"publish","type":"page","link":"https:\/\/wp.hont.hu\/index.php\/palyazatok-hont\/","title":{"rendered":"P\u00e1ly\u00e1zatok"},"content":{"rendered":"<p style=\"text-align: center;\"><a href=\"https:\/\/wp.hont.hu\/index.php\/palyazatok-hont\/dejtari-agglomeracio-szennyvizelvezetesenek-es-tisztitasanak-fejlesztese\"><strong>DEJT\u00c1RI AGGLOMER\u00c1CI\u00d3 SZENNYV\u00cdZELVEZET\u00c9S\u00c9NEK \u00c9S TISZT\u00cdT\u00c1S\u00c1NAK FEJLESZT\u00c9SE<\/strong><\/a><img loading=\"lazy\" decoding=\"async\" class=\"alignnone wp-image-523 aligncenter\" src=\"https:\/\/wp.hont.hu\/wp-content\/uploads\/2024\/07\/kehop_2_2_2_15_2022_00181_c_fekvo_nyomdai-page-001-1024x719.jpg\" alt=\"\" width=\"444\" height=\"312\" srcset=\"https:\/\/wp.hont.hu\/wp-content\/uploads\/2024\/07\/kehop_2_2_2_15_2022_00181_c_fekvo_nyomdai-page-001-1024x719.jpg 1024w, https:\/\/wp.hont.hu\/wp-content\/uploads\/2024\/07\/kehop_2_2_2_15_2022_00181_c_fekvo_nyomdai-page-001-300x211.jpg 300w, https:\/\/wp.hont.hu\/wp-content\/uploads\/2024\/07\/kehop_2_2_2_15_2022_00181_c_fekvo_nyomdai-page-001-768x539.jpg 768w, https:\/\/wp.hont.hu\/wp-content\/uploads\/2024\/07\/kehop_2_2_2_15_2022_00181_c_fekvo_nyomdai-page-001-1536x1079.jpg 1536w, https:\/\/wp.hont.hu\/wp-content\/uploads\/2024\/07\/kehop_2_2_2_15_2022_00181_c_fekvo_nyomdai-page-001-2048x1439.jpg 2048w, https:\/\/wp.hont.hu\/wp-content\/uploads\/2024\/07\/kehop_2_2_2_15_2022_00181_c_fekvo_nyomdai-page-001-18x12.jpg 18w, https:\/\/wp.hont.hu\/wp-content\/uploads\/2024\/07\/kehop_2_2_2_15_2022_00181_c_fekvo_nyomdai-page-001-384x270.jpg 384w\" sizes=\"auto, (max-width: 444px) 100vw, 444px\" \/><\/p>\n<hr \/>\n<p style=\"text-align: center;\"><strong><a href=\"https:\/\/wp.hont.hu\/index.php\/palyazatok-hont\/energetikai-korszerusites-hont-kozsegben\">ENERGETIKAI KORSZER\u0170S\u00cdT\u00c9S HONT K\u00d6ZS\u00c9GBEN<\/a><br \/>\nTOP-3.2.1-16-NG1-2017-00037<br \/>\n<\/strong><img loading=\"lazy\" decoding=\"async\" class=\"alignnone wp-image-37\" src=\"https:\/\/wp.hont.hu\/wp-content\/uploads\/2024\/04\/palyazatok-1024x708.jpg\" alt=\"\" width=\"444\" height=\"307\" srcset=\"https:\/\/wp.hont.hu\/wp-content\/uploads\/2024\/04\/palyazatok-1024x708.jpg 1024w, https:\/\/wp.hont.hu\/wp-content\/uploads\/2024\/04\/palyazatok-300x207.jpg 300w, https:\/\/wp.hont.hu\/wp-content\/uploads\/2024\/04\/palyazatok-768x531.jpg 768w, https:\/\/wp.hont.hu\/wp-content\/uploads\/2024\/04\/palyazatok-18x12.jpg 18w, https:\/\/wp.hont.hu\/wp-content\/uploads\/2024\/04\/palyazatok-391x270.jpg 391w, https:\/\/wp.hont.hu\/wp-content\/uploads\/2024\/04\/palyazatok.jpg 1453w\" sizes=\"auto, (max-width: 444px) 100vw, 444px\" \/><\/p>\n<hr \/>\n<p style=\"text-align: center;\"><a href=\"https:\/\/wp.hont.hu\/index.php\/palyazatok-hont\/fozokonyha-felujitasa-hont-kozsegben\"><strong>F\u0150Z\u0150KONYHA FEL\u00daJ\u00cdT\u00c1SA HONT K\u00d6ZS\u00c9GBEN<\/strong><\/a><br \/>\n<strong>TOP-4.2.1-15-NG1-2016-00013<\/strong><br \/>\n<img loading=\"lazy\" decoding=\"async\" class=\"wp-image-37 aligncenter\" src=\"https:\/\/wp.hont.hu\/wp-content\/uploads\/2024\/04\/palyazatok-1024x708.jpg\" alt=\"\" width=\"444\" height=\"307\" srcset=\"https:\/\/wp.hont.hu\/wp-content\/uploads\/2024\/04\/palyazatok-1024x708.jpg 1024w, https:\/\/wp.hont.hu\/wp-content\/uploads\/2024\/04\/palyazatok-300x207.jpg 300w, https:\/\/wp.hont.hu\/wp-content\/uploads\/2024\/04\/palyazatok-768x531.jpg 768w, https:\/\/wp.hont.hu\/wp-content\/uploads\/2024\/04\/palyazatok-18x12.jpg 18w, https:\/\/wp.hont.hu\/wp-content\/uploads\/2024\/04\/palyazatok-391x270.jpg 391w, https:\/\/wp.hont.hu\/wp-content\/uploads\/2024\/04\/palyazatok.jpg 1453w\" sizes=\"auto, (max-width: 444px) 100vw, 444px\" \/><\/p>\n<hr \/>\n<p style=\"text-align: center;\"><strong>FALUNAP HONTON<br \/>\n<img loading=\"lazy\" decoding=\"async\" class=\"alignnone wp-image-262\" src=\"https:\/\/wp.hont.hu\/wp-content\/uploads\/2024\/04\/falunap_palyazat.jpg\" alt=\"\" width=\"444\" height=\"321\" srcset=\"https:\/\/wp.hont.hu\/wp-content\/uploads\/2024\/04\/falunap_palyazat.jpg 934w, https:\/\/wp.hont.hu\/wp-content\/uploads\/2024\/04\/falunap_palyazat-300x217.jpg 300w, https:\/\/wp.hont.hu\/wp-content\/uploads\/2024\/04\/falunap_palyazat-768x555.jpg 768w, https:\/\/wp.hont.hu\/wp-content\/uploads\/2024\/04\/falunap_palyazat-18x12.jpg 18w, https:\/\/wp.hont.hu\/wp-content\/uploads\/2024\/04\/falunap_palyazat-374x270.jpg 374w\" sizes=\"auto, (max-width: 444px) 100vw, 444px\" \/><br \/>\n<\/strong><\/p>\n<hr \/>\n<p style=\"text-align: center;\"><strong>HONT K\u00d6ZS\u00c9G EG\u00c9SZS\u00c9G\u00dcGYI ALAPELL\u00c1T\u00c1S\u00c1NAK FEJLESZT\u00c9SE<\/strong><br \/>\n<img loading=\"lazy\" decoding=\"async\" class=\"aligncenter wp-image-265\" src=\"https:\/\/wp.hont.hu\/wp-content\/uploads\/2024\/04\/szechenyi_terv.png\" alt=\"\" width=\"444\" height=\"135\" srcset=\"https:\/\/wp.hont.hu\/wp-content\/uploads\/2024\/04\/szechenyi_terv.png 845w, https:\/\/wp.hont.hu\/wp-content\/uploads\/2024\/04\/szechenyi_terv-300x91.png 300w, https:\/\/wp.hont.hu\/wp-content\/uploads\/2024\/04\/szechenyi_terv-768x233.png 768w, https:\/\/wp.hont.hu\/wp-content\/uploads\/2024\/04\/szechenyi_terv-18x5.png 18w, https:\/\/wp.hont.hu\/wp-content\/uploads\/2024\/04\/szechenyi_terv-604x183.png 604w\" sizes=\"auto, (max-width: 444px) 100vw, 444px\" \/><strong><a href=\"https:\/\/wp.hont.hu\/wp-content\/uploads\/2024\/04\/szechenyi_terv.pdf\" target=\"_blank\" rel=\"noopener\">A dokumentum megtekint\u00e9se<\/a><\/strong><\/p>\n<hr \/>\n<p><img loading=\"lazy\" decoding=\"async\" class=\"size-full wp-image-269 aligncenter\" src=\"https:\/\/wp.hont.hu\/wp-content\/uploads\/2024\/04\/szechenyi_terv_1.jpg\" alt=\"\" width=\"247\" height=\"231\" srcset=\"https:\/\/wp.hont.hu\/wp-content\/uploads\/2024\/04\/szechenyi_terv_1.jpg 247w, https:\/\/wp.hont.hu\/wp-content\/uploads\/2024\/04\/szechenyi_terv_1-13x12.jpg 13w\" sizes=\"auto, (max-width: 247px) 100vw, 247px\" \/><\/p>\n","protected":false},"excerpt":{"rendered":"<p>DEJT\u00c1RI AGGLOMER\u00c1CI\u00d3 SZENNYV\u00cdZELVEZET\u00c9S\u00c9NEK \u00c9S TISZT\u00cdT\u00c1S\u00c1NAK FEJLESZT\u00c9SE ENERGETIKAI KORSZER\u0170S\u00cdT\u00c9S HONT K\u00d6ZS\u00c9GBEN TOP-3.2.1-16-NG1-2017-00037 F\u0150Z\u0150KONYHA FEL\u00daJ\u00cdT\u00c1SA HONT K\u00d6ZS\u00c9GBEN TOP-4.2.1-15-NG1-2016-00013 FALUNAP HONTON HONT K\u00d6ZS\u00c9G EG\u00c9SZS\u00c9G\u00dcGYI ALAPELL\u00c1T\u00c1S\u00c1NAK FEJLESZT\u00c9SE A dokumentum megtekint\u00e9se<\/p>\n","protected":false},"author":1,"featured_media":0,"parent":0,"menu_order":0,"comment_status":"closed","ping_status":"closed","template":"","meta":{"footnotes":""},"class_list":["post-112","page","type-page","status-publish","hentry"],"aioseo_notices":[],"_links":{"self":[{"href":"https:\/\/wp.hont.hu\/index.php\/wp-json\/wp\/v2\/pages\/112","targetHints":{"allow":["GET"]}}],"collection":[{"href":"https:\/\/wp.hont.hu\/index.php\/wp-json\/wp\/v2\/pages"}],"about":[{"href":"https:\/\/wp.hont.hu\/index.php\/wp-json\/wp\/v2\/types\/page"}],"author":[{"embeddable":true,"href":"https:\/\/wp.hont.hu\/index.php\/wp-json\/wp\/v2\/users\/1"}],"replies":[{"embeddable":true,"href":"https:\/\/wp.hont.hu\/index.php\/wp-json\/wp\/v2\/comments?post=112"}],"version-history":[{"count":22,"href":"https:\/\/wp.hont.hu\/index.php\/wp-json\/wp\/v2\/pages\/112\/revisions"}],"predecessor-version":[{"id":535,"href":"https:\/\/wp.hont.hu\/index.php\/wp-json\/wp\/v2\/pages\/112\/revisions\/535"}],"wp:attachment":[{"href":"https:\/\/wp.hont.hu\/index.php\/wp-json\/wp\/v2\/media?parent=112"}],"curies":[{"name":"wp","href":"https:\/\/api.w.org\/{rel}","templated":true}]}}