{"id":118,"date":"2024-04-19T17:00:49","date_gmt":"2024-04-19T17:00:49","guid":{"rendered":"https:\/\/wp.hont.hu\/?page_id=118"},"modified":"2025-09-03T10:43:08","modified_gmt":"2025-09-03T10:43:08","slug":"egeszsegugyi-intezmenyek","status":"publish","type":"page","link":"https:\/\/wp.hont.hu\/index.php\/egeszsegugyi-intezmenyek\/","title":{"rendered":"Eg\u00e9szs\u00e9g\u00fcgyi int\u00e9zm\u00e9nyek"},"content":{"rendered":"<p><span style=\"text-decoration: underline;\"><strong>H\u00e1ziorvosi Szolg\u00e1lat<\/strong><\/span><\/p>\n<p><strong>Dr. Koreny Csilla Hajnalka<\/strong> \u2013 H\u00e1ziorvos, Belgy\u00f3gy\u00e1sz<br \/>\n<strong>B\u00f6lkei Erika \u2013 <\/strong>Szak\u00e1pol\u00f3<br \/>\nC\u00edm: 2647 Hont, Ipoly u. 55.<br \/>\nTelefon: Hont: 35\/567-003<\/p>\n<p><strong>Rendel\u00e9s:<\/strong><br \/>\nKedd: 9:00-11:00<br \/>\nP\u00e9ntek: 9:00-11:00<\/p>\n<p><strong>Dr\u00e9gelypal\u00e1nk: <\/strong><br \/>\nC\u00edm: 2646 Dr\u00e9gelypal\u00e1nk Kossuth \u00fat 44-46.<br \/>\nTelefon: +36 35\/367-101<\/p>\n<p><strong>Rendel\u00e9si id\u0151:<\/strong><br \/>\nH\u00e9tf\u0151: 9:00-11:00; Prevenci\u00f3s rendel\u00e9s: 11:00-13:00<br \/>\nKedd: Iskolaorvos: 11:00-12:00<br \/>\nSzerda: 8:00-11:00; Prevenci\u00f3s rendel\u00e9s: 11:00-13:00<br \/>\nCs\u00fct\u00f6rt\u00f6k: 9:00-12:00<\/p>\n<p><strong><span style=\"text-decoration: underline;\">Falugondnoki gy\u00f3gyszeres j\u00e1rat id\u0151pontja:<\/span><\/strong><br \/>\nKedd, p\u00e9ntek: 13:00<\/p>\n<hr \/>\n<p><span style=\"text-decoration: underline;\"><strong>K\u00f6zponti orvosi \u00fcgyelet<\/strong><\/span><\/p>\n<p><strong>Orsz\u00e1gos Orvosi \u00dcgyelet Nonprofit Kft.<br \/>\n<\/strong>C\u00edm: Balassagyarmat, Szont\u00e1gh P\u00e1l \u00fat 2.<br \/>\nTelefon: 30\/894-3479<strong><br \/>\n<\/strong>Seg\u00e9lyh\u00edv\u00f3: 112<\/p>\n<p>\u00dcgyeleti rend:<strong><br \/>\n<\/strong>H\u00e9tk\u00f6znap: 16:00\u20138:00<br \/>\nH\u00e9tv\u00e9g\u00e9n, \u00dcnnep \u00e9s Munkasz\u00fcneti napokon: 8:00\u20138:00<\/p>\n<hr \/>\n<p><span style=\"text-decoration: underline;\"><strong>Fog\u00e1szati rendel\u00e9s<\/strong><\/span><\/p>\n<p><strong>Dr. Beini Nasser<br \/>\n<\/strong>C\u00edm: 2646 Dr\u00e9gelypal\u00e1nk Kossuth \u00fat 44-46.<br \/>\nTelefon: 35\/367-060<strong><br \/>\n<\/strong><\/p>\n<p>Rendel\u00e9s:<br \/>\nKedd: Dr\u00e9gelypal\u00e1nk: 13:00-20:00<br \/>\nCs\u00fct\u00f6rt\u00f6k: Dr\u00e9gelypal\u00e1nk: 6:30-11:30<strong><br \/>\n<\/strong><\/p>\n<p>S\u00fcrg\u0151s esetben a kemencei rendel\u00e9st is ig\u00e9nybe lehet venni.<\/p>\n<p>Rendel\u00e9s:<br \/>\nH\u00e9tf\u0151: Kemence: 12:00-18:00<br \/>\nKedd: Kemence: 8:00-12:00<br \/>\nSzerda: Kemence: iskolafog\u00e1szat<br \/>\nCs\u00fct\u00f6rt\u00f6k: Kemence: 12:00-18:00<br \/>\nP\u00e9ntek: Kemence: 8:00-12:00<\/p>\n<hr \/>\n<p><span style=\"text-decoration: underline;\"><strong>V\u00e9d\u0151n\u0151i Szolg\u00e1lat<\/strong><\/span><\/p>\n<p><strong>Varga Mih\u00e1lyn\u00e9<\/strong> \u2013 Ter\u00fcleti v\u00e9d\u0151n\u0151<strong><br \/>\n<\/strong>C\u00edm: 2647 Hont, Ipoly u. 55.<br \/>\nTelefon: 20\/299-4267<\/p>\n<p>V\u00e9d\u0151n\u0151i tan\u00e1csad\u00e1s: \/N\u0151k, V\u00e1rand\u00f3s any\u00e1k r\u00e9sz\u00e9re\/<br \/>\nH\u00e9tf\u0151: 9:00-10:00<\/p>\n<p>Csecsem\u0151-gyermek-ifj\u00fas\u00e1gi tan\u00e1csad\u00e1s:<br \/>\nH\u00e9tf\u0151: 10:00-11:00<\/p>\n","protected":false},"excerpt":{"rendered":"<p>H\u00e1ziorvosi Szolg\u00e1lat Dr. Koreny Csilla Hajnalka \u2013 H\u00e1ziorvos, Belgy\u00f3gy\u00e1sz B\u00f6lkei Erika \u2013 Szak\u00e1pol\u00f3 C\u00edm: 2647 Hont, Ipoly u. 55. Telefon: Hont: 35\/567-003 Rendel\u00e9s: Kedd: 9:00-11:00 P\u00e9ntek: 9:00-11:00 Dr\u00e9gelypal\u00e1nk: C\u00edm: 2646 Dr\u00e9gelypal\u00e1nk Kossuth \u00fat 44-46. Telefon: +36 35\/367-101 Rendel\u00e9si id\u0151: H\u00e9tf\u0151: 9:00-11:00; Prevenci\u00f3s rendel\u00e9s: 11:00-13:00 Kedd: Iskolaorvos: 11:00-12:00 Szerda: 8:00-11:00; Prevenci\u00f3s rendel\u00e9s: 11:00-13:00 Cs\u00fct\u00f6rt\u00f6k: 9:00-12:00 Falugondnoki gy\u00f3gyszeres j\u00e1rat id\u0151pontja: Kedd, p\u00e9ntek: 13:00 K\u00f6zponti orvosi \u00fcgyelet Orsz\u00e1gos Orvosi \u00dcgyelet Nonprofit Kft. C\u00edm: Balassagyarmat, Szont\u00e1gh P\u00e1l \u00fat 2. Telefon: 30\/894-3479 Seg\u00e9lyh\u00edv\u00f3: 112 \u00dcgyeleti&#8230;<\/p>\n<p class=\"read-more\"><a class=\"btn btn-default\" href=\"https:\/\/wp.hont.hu\/index.php\/egeszsegugyi-intezmenyek\/\"> Read More<span class=\"screen-reader-text\">  Read More<\/span><\/a><\/p>\n","protected":false},"author":1,"featured_media":0,"parent":0,"menu_order":0,"comment_status":"closed","ping_status":"closed","template":"","meta":{"footnotes":""},"class_list":["post-118","page","type-page","status-publish","hentry"],"aioseo_notices":[],"_links":{"self":[{"href":"https:\/\/wp.hont.hu\/index.php\/wp-json\/wp\/v2\/pages\/118","targetHints":{"allow":["GET"]}}],"collection":[{"href":"https:\/\/wp.hont.hu\/index.php\/wp-json\/wp\/v2\/pages"}],"about":[{"href":"https:\/\/wp.hont.hu\/index.php\/wp-json\/wp\/v2\/types\/page"}],"author":[{"embeddable":true,"href":"https:\/\/wp.hont.hu\/index.php\/wp-json\/wp\/v2\/users\/1"}],"replies":[{"embeddable":true,"href":"https:\/\/wp.hont.hu\/index.php\/wp-json\/wp\/v2\/comments?post=118"}],"version-history":[{"count":17,"href":"https:\/\/wp.hont.hu\/index.php\/wp-json\/wp\/v2\/pages\/118\/revisions"}],"predecessor-version":[{"id":817,"href":"https:\/\/wp.hont.hu\/index.php\/wp-json\/wp\/v2\/pages\/118\/revisions\/817"}],"wp:attachment":[{"href":"https:\/\/wp.hont.hu\/index.php\/wp-json\/wp\/v2\/media?parent=118"}],"curies":[{"name":"wp","href":"https:\/\/api.w.org\/{rel}","templated":true}]}}