{"id":120,"date":"2024-04-19T17:00:56","date_gmt":"2024-04-19T17:00:56","guid":{"rendered":"https:\/\/wp.hont.hu\/?page_id=120"},"modified":"2025-02-07T07:47:45","modified_gmt":"2025-02-07T07:47:45","slug":"kapcsolat","status":"publish","type":"page","link":"https:\/\/wp.hont.hu\/index.php\/kapcsolat\/","title":{"rendered":"Kapcsolat"},"content":{"rendered":"<p style=\"text-align: center;\"><strong>Hont K\u00f6zs\u00e9g \u00d6nkorm\u00e1nyzata<br \/>\n<\/strong><br \/>\n<strong>G\u00e1l Magdolna<\/strong> \u2013 polg\u00e1rmester<br \/>\n<strong>El\u00e9rhet\u0151s\u00e9gek:<\/strong><br \/>\nC\u00edm: 2647 Hont, Ipoly u. 55.<br \/>\nTelefon: <span class=\"contact-tag view service-contact \">35\/368-242<\/span><br \/>\nEmail: <span class=\"email-tag view service-email \"><a href=\"mailto:onkormanyzat@hont.hu\" target=\"_blank\" rel=\"noopener\">onkormanyzat@hont.hu<\/a>, <a href=\"mailto:polgarmester@hont.hu\" target=\"_blank\" rel=\"noopener\">polgarmester@hont.hu<\/a><\/span><\/p>\n<p style=\"text-align: center;\"><strong>Fecser Erika <\/strong>\u2013 jegyz\u0151<br \/>\nEmail: <a href=\"mailto:jegyzo@dpkoh.hu\">jegyzo@dpkoh.hu<\/a><\/p>\n","protected":false},"excerpt":{"rendered":"<p>Hont K\u00f6zs\u00e9g \u00d6nkorm\u00e1nyzata G\u00e1l Magdolna \u2013 polg\u00e1rmester El\u00e9rhet\u0151s\u00e9gek: C\u00edm: 2647 Hont, Ipoly u. 55. Telefon: 35\/368-242 Email: onkormanyzat@hont.hu, polgarmester@hont.hu Fecser Erika \u2013 jegyz\u0151 Email: jegyzo@dpkoh.hu<\/p>\n","protected":false},"author":1,"featured_media":0,"parent":0,"menu_order":0,"comment_status":"closed","ping_status":"closed","template":"","meta":{"footnotes":""},"class_list":["post-120","page","type-page","status-publish","hentry"],"aioseo_notices":[],"_links":{"self":[{"href":"https:\/\/wp.hont.hu\/index.php\/wp-json\/wp\/v2\/pages\/120","targetHints":{"allow":["GET"]}}],"collection":[{"href":"https:\/\/wp.hont.hu\/index.php\/wp-json\/wp\/v2\/pages"}],"about":[{"href":"https:\/\/wp.hont.hu\/index.php\/wp-json\/wp\/v2\/types\/page"}],"author":[{"embeddable":true,"href":"https:\/\/wp.hont.hu\/index.php\/wp-json\/wp\/v2\/users\/1"}],"replies":[{"embeddable":true,"href":"https:\/\/wp.hont.hu\/index.php\/wp-json\/wp\/v2\/comments?post=120"}],"version-history":[{"count":6,"href":"https:\/\/wp.hont.hu\/index.php\/wp-json\/wp\/v2\/pages\/120\/revisions"}],"predecessor-version":[{"id":673,"href":"https:\/\/wp.hont.hu\/index.php\/wp-json\/wp\/v2\/pages\/120\/revisions\/673"}],"wp:attachment":[{"href":"https:\/\/wp.hont.hu\/index.php\/wp-json\/wp\/v2\/media?parent=120"}],"curies":[{"name":"wp","href":"https:\/\/api.w.org\/{rel}","templated":true}]}}