{"id":122,"date":"2024-04-19T17:01:12","date_gmt":"2024-04-19T17:01:12","guid":{"rendered":"https:\/\/wp.hont.hu\/?page_id=122"},"modified":"2024-04-24T09:09:35","modified_gmt":"2024-04-24T09:09:35","slug":"muvelodesi-haz-es-konyvtar","status":"publish","type":"page","link":"https:\/\/wp.hont.hu\/index.php\/muvelodesi-haz-es-konyvtar\/","title":{"rendered":"M\u0171vel\u0151d\u00e9si H\u00e1z \u00e9s K\u00f6nyvt\u00e1r"},"content":{"rendered":"<p><img loading=\"lazy\" decoding=\"async\" class=\"aligncenter wp-image-357\" src=\"https:\/\/wp.hont.hu\/wp-content\/uploads\/2024\/04\/436754644_733262852040790_8112366891568994997_n.jpg\" alt=\"\" width=\"495\" height=\"371\" srcset=\"https:\/\/wp.hont.hu\/wp-content\/uploads\/2024\/04\/436754644_733262852040790_8112366891568994997_n.jpg 816w, https:\/\/wp.hont.hu\/wp-content\/uploads\/2024\/04\/436754644_733262852040790_8112366891568994997_n-300x225.jpg 300w, https:\/\/wp.hont.hu\/wp-content\/uploads\/2024\/04\/436754644_733262852040790_8112366891568994997_n-768x576.jpg 768w, https:\/\/wp.hont.hu\/wp-content\/uploads\/2024\/04\/436754644_733262852040790_8112366891568994997_n-16x12.jpg 16w, https:\/\/wp.hont.hu\/wp-content\/uploads\/2024\/04\/436754644_733262852040790_8112366891568994997_n-360x270.jpg 360w\" sizes=\"auto, (max-width: 495px) 100vw, 495px\" \/><\/p>\n<p><strong>El\u00e9rhet\u0151s\u00e9gek:<br \/>\nTekn\u0151s Vikt\u00f3ria <\/strong>\u2013 k\u00f6nyvt\u00e1ros<strong><br \/>\n<\/strong>C\u00edm: 2647 Hont, Ipoly u. 18.<br \/>\nTelefon: 30\/491-2259<br \/>\nEmail: <a href=\"mailto:konyvtar@hont.hu\" target=\"_blank\" rel=\"noopener\">konyvtar@hont.hu<\/a><\/p>\n<p><strong>K\u00f6nyvt\u00e1r nyitvatart\u00e1s:<\/strong><br \/>\nSzerda: 16:00-18:00<br \/>\nP\u00e9ntek: 16:00-19:00<br \/>\nSzombat: 15:00-18:00<\/p>\n<p><strong>M\u0171vel\u0151d\u00e9si H\u00e1z nyitvatart\u00e1s:<\/strong><br \/>\nH\u00e9tf\u0151: 8:00-16:00<br \/>\nKedd: 8:00-16:00<br \/>\nSzerda: 8:00-16:00<br \/>\nCs\u00fct\u00f6rt\u00f6k: 8:00-16:00<br \/>\nP\u00e9ntek: 8:00-16:00<\/p>\n<p>Vagy egyeztet\u00e9s alapj\u00e1n!<\/p>\n","protected":false},"excerpt":{"rendered":"<p>El\u00e9rhet\u0151s\u00e9gek: Tekn\u0151s Vikt\u00f3ria \u2013 k\u00f6nyvt\u00e1ros C\u00edm: 2647 Hont, Ipoly u. 18. Telefon: 30\/491-2259 Email: konyvtar@hont.hu K\u00f6nyvt\u00e1r nyitvatart\u00e1s: Szerda: 16:00-18:00 P\u00e9ntek: 16:00-19:00 Szombat: 15:00-18:00 M\u0171vel\u0151d\u00e9si H\u00e1z nyitvatart\u00e1s: H\u00e9tf\u0151: 8:00-16:00 Kedd: 8:00-16:00 Szerda: 8:00-16:00 Cs\u00fct\u00f6rt\u00f6k: 8:00-16:00 P\u00e9ntek: 8:00-16:00 Vagy egyeztet\u00e9s alapj\u00e1n!<\/p>\n","protected":false},"author":1,"featured_media":0,"parent":0,"menu_order":0,"comment_status":"closed","ping_status":"closed","template":"","meta":{"footnotes":""},"class_list":["post-122","page","type-page","status-publish","hentry"],"aioseo_notices":[],"_links":{"self":[{"href":"https:\/\/wp.hont.hu\/index.php\/wp-json\/wp\/v2\/pages\/122","targetHints":{"allow":["GET"]}}],"collection":[{"href":"https:\/\/wp.hont.hu\/index.php\/wp-json\/wp\/v2\/pages"}],"about":[{"href":"https:\/\/wp.hont.hu\/index.php\/wp-json\/wp\/v2\/types\/page"}],"author":[{"embeddable":true,"href":"https:\/\/wp.hont.hu\/index.php\/wp-json\/wp\/v2\/users\/1"}],"replies":[{"embeddable":true,"href":"https:\/\/wp.hont.hu\/index.php\/wp-json\/wp\/v2\/comments?post=122"}],"version-history":[{"count":15,"href":"https:\/\/wp.hont.hu\/index.php\/wp-json\/wp\/v2\/pages\/122\/revisions"}],"predecessor-version":[{"id":401,"href":"https:\/\/wp.hont.hu\/index.php\/wp-json\/wp\/v2\/pages\/122\/revisions\/401"}],"wp:attachment":[{"href":"https:\/\/wp.hont.hu\/index.php\/wp-json\/wp\/v2\/media?parent=122"}],"curies":[{"name":"wp","href":"https:\/\/api.w.org\/{rel}","templated":true}]}}