{"id":235,"date":"2024-04-19T21:26:06","date_gmt":"2024-04-19T21:26:06","guid":{"rendered":"https:\/\/wp.hont.hu\/?page_id=235"},"modified":"2026-02-20T09:23:59","modified_gmt":"2026-02-20T09:23:59","slug":"onkormanyzati-rendeletek","status":"publish","type":"page","link":"https:\/\/wp.hont.hu\/index.php\/onkormanyzati-rendeletek\/","title":{"rendered":"\u00d6nkorm\u00e1nyzati rendeletek, hat\u00e1rozatok"},"content":{"rendered":"<p style=\"font-size: 20px; text-align: center;\">Az \u00f6nkorm\u00e1nyzati rendeletek a <a href=\"https:\/\/or.njt.hu\/onkorm\/-:3:312:-:-:1:-:-:-\/1\/10\" target=\"_blank\" rel=\"noopener noreferrer\"><strong>Nemzeti Jogszab\u00e1lyt\u00e1rban<\/strong><\/a> megtekinthet\u0151ek.<\/p>\n<p style=\"font-size: 18px; text-align: center;\">A megye \u00e9s a telep\u00fcl\u00e9s kiv\u00e1laszt\u00e1s\u00e1t k\u00f6vet\u0151en van lehet\u0151s\u00e9g<br \/>\nHont K\u00f6zs\u00e9g \u00d6nkorm\u00e1nyzata rendeleteinek, hat\u00e1rozatainak megtekint\u00e9s\u00e9re.<\/p>\n<hr \/>\n<p style=\"text-align: center;\"><strong>Hont K\u00f6zs\u00e9g \u00d6nkorm\u00e1nyzata K\u00e9pvisel\u0151-test\u00fclet\u00e9nek 35\/2024. (VII.2.) hat\u00e1rozata<br \/>\n<\/strong>a szab\u00e1lyoz\u00e1si tervlapban megl\u00e9v\u0151 szab\u00e1lyoz\u00e1si vonalak \u00e9rv\u00e9nyess\u00e9g\u00e9r\u0151l<strong><br \/>\n<a href=\"https:\/\/wp.hont.hu\/wp-content\/uploads\/2024\/07\/35-2024_hont_hatarozat.pdf\" target=\"_blank\" rel=\"noopener\">A hat\u00e1rozat megtekint\u00e9se<\/a><br \/>\n<\/strong><\/p>\n<hr \/>\n<p style=\"font-size: 18px; text-align: center;\"><strong>Hont k\u00f6zs\u00e9g k\u00e9pvisel\u0151 test\u00fclet\u00e9nek 6\/2012. (III.23.) \u00f6nkorm\u00e1nyzati rendelete<\/strong><br \/>\naz avar \u00e9s kerti hullad\u00e9kok ny\u00edlt-t\u00e9ri \u00e9get\u00e9s\u00e9r\u0151l<br \/>\n<strong><a href=\"https:\/\/or.njt.hu\/eli\/451491\/r\/2012\/6\" target=\"_blank\" rel=\"noopener noreferrer\">A rendelet megtekint\u00e9se<\/a><\/strong><\/p>\n<hr \/>\n<p style=\"text-align: center;\"><strong>Hont K\u00f6zs\u00e9g \u00d6nkorm\u00e1nyzata K\u00e9pvisel\u0151-test\u00fclet\u00e9nek 6\/2006. (VI.15.) rendelete<br \/>\n<\/strong>a Helyi \u00c9p\u00edt\u00e9si Szab\u00e1lyzatr\u00f3l<strong><br \/>\n<a href=\"https:\/\/wp.hont.hu\/wp-content\/uploads\/2026\/02\/hesz_rendelet_hont.pdf\" target=\"_blank\" rel=\"noopener\">A rendelet megtekint\u00e9se<\/a><br \/>\n<a href=\"https:\/\/wp.hont.hu\/wp-content\/uploads\/2026\/02\/hesz_melleklet.pdf\" target=\"_blank\" rel=\"noopener\">Kieg\u00e9sz\u00edt\u0151 mell\u00e9klet<\/a><\/strong><\/p>\n","protected":false},"excerpt":{"rendered":"<p>Az \u00f6nkorm\u00e1nyzati rendeletek a Nemzeti Jogszab\u00e1lyt\u00e1rban megtekinthet\u0151ek. A megye \u00e9s a telep\u00fcl\u00e9s kiv\u00e1laszt\u00e1s\u00e1t k\u00f6vet\u0151en van lehet\u0151s\u00e9g Hont K\u00f6zs\u00e9g \u00d6nkorm\u00e1nyzata rendeleteinek, hat\u00e1rozatainak megtekint\u00e9s\u00e9re. Hont K\u00f6zs\u00e9g \u00d6nkorm\u00e1nyzata K\u00e9pvisel\u0151-test\u00fclet\u00e9nek 35\/2024. (VII.2.) hat\u00e1rozata a szab\u00e1lyoz\u00e1si tervlapban megl\u00e9v\u0151 szab\u00e1lyoz\u00e1si vonalak \u00e9rv\u00e9nyess\u00e9g\u00e9r\u0151l A hat\u00e1rozat megtekint\u00e9se Hont k\u00f6zs\u00e9g k\u00e9pvisel\u0151 test\u00fclet\u00e9nek 6\/2012. (III.23.) \u00f6nkorm\u00e1nyzati rendelete az avar \u00e9s kerti hullad\u00e9kok ny\u00edlt-t\u00e9ri \u00e9get\u00e9s\u00e9r\u0151l A rendelet megtekint\u00e9se Hont K\u00f6zs\u00e9g \u00d6nkorm\u00e1nyzata K\u00e9pvisel\u0151-test\u00fclet\u00e9nek 6\/2006. (VI.15.) rendelete a Helyi \u00c9p\u00edt\u00e9si Szab\u00e1lyzatr\u00f3l A rendelet megtekint\u00e9se Kieg\u00e9sz\u00edt\u0151 mell\u00e9klet<\/p>\n","protected":false},"author":1,"featured_media":0,"parent":0,"menu_order":0,"comment_status":"closed","ping_status":"closed","template":"","meta":{"footnotes":""},"class_list":["post-235","page","type-page","status-publish","hentry"],"aioseo_notices":[],"_links":{"self":[{"href":"https:\/\/wp.hont.hu\/index.php\/wp-json\/wp\/v2\/pages\/235","targetHints":{"allow":["GET"]}}],"collection":[{"href":"https:\/\/wp.hont.hu\/index.php\/wp-json\/wp\/v2\/pages"}],"about":[{"href":"https:\/\/wp.hont.hu\/index.php\/wp-json\/wp\/v2\/types\/page"}],"author":[{"embeddable":true,"href":"https:\/\/wp.hont.hu\/index.php\/wp-json\/wp\/v2\/users\/1"}],"replies":[{"embeddable":true,"href":"https:\/\/wp.hont.hu\/index.php\/wp-json\/wp\/v2\/comments?post=235"}],"version-history":[{"count":14,"href":"https:\/\/wp.hont.hu\/index.php\/wp-json\/wp\/v2\/pages\/235\/revisions"}],"predecessor-version":[{"id":900,"href":"https:\/\/wp.hont.hu\/index.php\/wp-json\/wp\/v2\/pages\/235\/revisions\/900"}],"wp:attachment":[{"href":"https:\/\/wp.hont.hu\/index.php\/wp-json\/wp\/v2\/media?parent=235"}],"curies":[{"name":"wp","href":"https:\/\/api.w.org\/{rel}","templated":true}]}}