{"id":290,"date":"2024-04-22T10:13:31","date_gmt":"2024-04-22T10:13:31","guid":{"rendered":"https:\/\/wp.hont.hu\/?page_id=290"},"modified":"2025-02-11T14:47:23","modified_gmt":"2025-02-11T14:47:23","slug":"polgarmesteri-koszonto","status":"publish","type":"page","link":"https:\/\/wp.hont.hu\/index.php\/polgarmesteri-koszonto\/","title":{"rendered":"Polg\u00e1rmesteri k\u00f6sz\u00f6nt\u0151"},"content":{"rendered":"<p style=\"text-align: left;\"><img loading=\"lazy\" decoding=\"async\" class=\"aligncenter wp-image-92\" src=\"https:\/\/wp.hont.hu\/wp-content\/uploads\/2024\/04\/hont_cimer-1-838x1024.png\" alt=\"\" width=\"215\" height=\"263\" srcset=\"https:\/\/wp.hont.hu\/wp-content\/uploads\/2024\/04\/hont_cimer-1-838x1024.png 838w, https:\/\/wp.hont.hu\/wp-content\/uploads\/2024\/04\/hont_cimer-1-246x300.png 246w, https:\/\/wp.hont.hu\/wp-content\/uploads\/2024\/04\/hont_cimer-1-768x938.png 768w, https:\/\/wp.hont.hu\/wp-content\/uploads\/2024\/04\/hont_cimer-1-1258x1536.png 1258w, https:\/\/wp.hont.hu\/wp-content\/uploads\/2024\/04\/hont_cimer-1-10x12.png 10w, https:\/\/wp.hont.hu\/wp-content\/uploads\/2024\/04\/hont_cimer-1-221x270.png 221w, https:\/\/wp.hont.hu\/wp-content\/uploads\/2024\/04\/hont_cimer-1.png 1676w\" sizes=\"auto, (max-width: 215px) 100vw, 215px\" \/><strong>Kedves L\u00e1togat\u00f3k!<\/strong><\/p>\n<p style=\"text-align: left;\">\u00d6r\u00f6mmel k\u00f6sz\u00f6nt\u00f6m \u00d6n\u00f6ket Hont k\u00f6zs\u00e9g hivatalos honlapj\u00e1n!<br \/>\nB\u00fcszkes\u00e9ggel t\u00f6lt el, hogy polg\u00e1rmesterk\u00e9nt egy olyan k\u00f6z\u00f6ss\u00e9get szolg\u00e1lhatok, amely hagyom\u00e1nyaira \u00e9p\u00edtve, de a fejl\u0151d\u00e9s \u00fatj\u00e1t k\u00f6vetve halad el\u0151re.<br \/>\nHonlapunk c\u00e9lja, hogy \u00e1tl\u00e1that\u00f3, naprak\u00e9sz inform\u00e1ci\u00f3kkal seg\u00edtse \u00d6n\u00f6ket mindennapi \u00fcgyeik int\u00e9z\u00e9s\u00e9ben, valamint bemutassa telep\u00fcl\u00e9s\u00fcnk \u00e9rt\u00e9keit, esem\u00e9nyeit \u00e9s terveit.<br \/>\nHiszem, hogy egy er\u0151s k\u00f6z\u00f6ss\u00e9g alapja az \u00f6sszefog\u00e1s \u00e9s a p\u00e1rbesz\u00e9d, ez\u00e9rt mindig nyitott vagyok javaslataikra, v\u00e9lem\u00e9ny\u00fckre.<br \/>\nK\u00e9rem, fedezz\u00e9k fel oldalunkat, \u00e9s ha k\u00e9rd\u00e9s\u00fck, \u00e9szrev\u00e9tel\u00fck van, forduljanak hozz\u00e1nk bizalommal!<br \/>\nRem\u00e9lj\u00fck min\u00e9l el\u0151bb ell\u00e1togatnak hozz\u00e1nk szem\u00e9lyesen is \u00e9s felfedezik k\u00f6zs\u00e9g\u00fcnk sz\u00e9ps\u00e9g\u00e9t, term\u00e9szeti gazdags\u00e1g\u00e1t \u00e9s igazi felt\u00f6lt\u0151d\u00e9sben lesz r\u00e9sz\u00fck!<br \/>\nK\u00edv\u00e1nok mindannyiuknak eg\u00e9szs\u00e9get, sikereket \u00e9s sok \u00f6r\u00f6m\u00f6t Hont k\u00f6z\u00f6ss\u00e9g\u00e9ben!<\/p>\n<p style=\"text-align: right;\">Tisztelettel:<br \/>\n<strong>G\u00e1l Magdolna<\/strong><br \/>\nHont K\u00f6zs\u00e9g polg\u00e1rmestere<\/p>\n","protected":false},"excerpt":{"rendered":"<p>Kedves L\u00e1togat\u00f3k! \u00d6r\u00f6mmel k\u00f6sz\u00f6nt\u00f6m \u00d6n\u00f6ket Hont k\u00f6zs\u00e9g hivatalos honlapj\u00e1n! B\u00fcszkes\u00e9ggel t\u00f6lt el, hogy polg\u00e1rmesterk\u00e9nt egy olyan k\u00f6z\u00f6ss\u00e9get szolg\u00e1lhatok, amely hagyom\u00e1nyaira \u00e9p\u00edtve, de a fejl\u0151d\u00e9s \u00fatj\u00e1t k\u00f6vetve halad el\u0151re. Honlapunk c\u00e9lja, hogy \u00e1tl\u00e1that\u00f3, naprak\u00e9sz inform\u00e1ci\u00f3kkal seg\u00edtse \u00d6n\u00f6ket mindennapi \u00fcgyeik int\u00e9z\u00e9s\u00e9ben, valamint bemutassa telep\u00fcl\u00e9s\u00fcnk \u00e9rt\u00e9keit, esem\u00e9nyeit \u00e9s terveit. Hiszem, hogy egy er\u0151s k\u00f6z\u00f6ss\u00e9g alapja az \u00f6sszefog\u00e1s \u00e9s a p\u00e1rbesz\u00e9d, ez\u00e9rt mindig nyitott vagyok javaslataikra, v\u00e9lem\u00e9ny\u00fckre. K\u00e9rem, fedezz\u00e9k fel oldalunkat, \u00e9s ha k\u00e9rd\u00e9s\u00fck, \u00e9szrev\u00e9tel\u00fck van, forduljanak hozz\u00e1nk bizalommal! Rem\u00e9lj\u00fck min\u00e9l el\u0151bb ell\u00e1togatnak hozz\u00e1nk&#8230;<\/p>\n<p class=\"read-more\"><a class=\"btn btn-default\" href=\"https:\/\/wp.hont.hu\/index.php\/polgarmesteri-koszonto\/\"> Read More<span class=\"screen-reader-text\">  Read More<\/span><\/a><\/p>\n","protected":false},"author":1,"featured_media":0,"parent":0,"menu_order":0,"comment_status":"closed","ping_status":"closed","template":"","meta":{"footnotes":""},"class_list":["post-290","page","type-page","status-publish","hentry"],"aioseo_notices":[],"_links":{"self":[{"href":"https:\/\/wp.hont.hu\/index.php\/wp-json\/wp\/v2\/pages\/290","targetHints":{"allow":["GET"]}}],"collection":[{"href":"https:\/\/wp.hont.hu\/index.php\/wp-json\/wp\/v2\/pages"}],"about":[{"href":"https:\/\/wp.hont.hu\/index.php\/wp-json\/wp\/v2\/types\/page"}],"author":[{"embeddable":true,"href":"https:\/\/wp.hont.hu\/index.php\/wp-json\/wp\/v2\/users\/1"}],"replies":[{"embeddable":true,"href":"https:\/\/wp.hont.hu\/index.php\/wp-json\/wp\/v2\/comments?post=290"}],"version-history":[{"count":7,"href":"https:\/\/wp.hont.hu\/index.php\/wp-json\/wp\/v2\/pages\/290\/revisions"}],"predecessor-version":[{"id":680,"href":"https:\/\/wp.hont.hu\/index.php\/wp-json\/wp\/v2\/pages\/290\/revisions\/680"}],"wp:attachment":[{"href":"https:\/\/wp.hont.hu\/index.php\/wp-json\/wp\/v2\/media?parent=290"}],"curies":[{"name":"wp","href":"https:\/\/api.w.org\/{rel}","templated":true}]}}