{"id":320,"date":"2024-04-23T10:29:09","date_gmt":"2024-04-23T10:29:09","guid":{"rendered":"https:\/\/wp.hont.hu\/?page_id=320"},"modified":"2024-07-10T12:28:38","modified_gmt":"2024-07-10T12:28:38","slug":"energetikai-korszerusites-hont-kozsegben","status":"publish","type":"page","link":"https:\/\/wp.hont.hu\/index.php\/palyazatok-hont\/energetikai-korszerusites-hont-kozsegben\/","title":{"rendered":"Energetikai korszer\u0171s\u00edt\u00e9s Hont k\u00f6zs\u00e9gben"},"content":{"rendered":"<p style=\"text-align: center;\"><strong>TOP-3.2.1-16-NG1-2017-00037<\/strong><\/p>\n<p style=\"text-align: left;\"><strong><img loading=\"lazy\" decoding=\"async\" class=\"alignleft wp-image-37\" src=\"https:\/\/wp.hont.hu\/wp-content\/uploads\/2024\/04\/palyazatok-1024x708.jpg\" alt=\"\" width=\"385\" height=\"266\" srcset=\"https:\/\/wp.hont.hu\/wp-content\/uploads\/2024\/04\/palyazatok-1024x708.jpg 1024w, https:\/\/wp.hont.hu\/wp-content\/uploads\/2024\/04\/palyazatok-300x207.jpg 300w, https:\/\/wp.hont.hu\/wp-content\/uploads\/2024\/04\/palyazatok-768x531.jpg 768w, https:\/\/wp.hont.hu\/wp-content\/uploads\/2024\/04\/palyazatok-18x12.jpg 18w, https:\/\/wp.hont.hu\/wp-content\/uploads\/2024\/04\/palyazatok-391x270.jpg 391w, https:\/\/wp.hont.hu\/wp-content\/uploads\/2024\/04\/palyazatok.jpg 1453w\" sizes=\"auto, (max-width: 385px) 100vw, 385px\" \/>A kedvezm\u00e9nyezett neve:<\/strong> Hont K\u00f6zs\u00e9g \u00d6nkorm\u00e1nyzata<br \/>\n<strong>A projekt c\u00edme:<\/strong> Energetikai korszer\u0171s\u00edt\u00e9s Hont k\u00f6zs\u00e9gben<br \/>\n<strong>A szerz\u0151d\u00f6tt t\u00e1mogat\u00e1s \u00f6sszege:<\/strong> 52.700.000 Ft<br \/>\n<strong>A t\u00e1mogat\u00e1s m\u00e9rt\u00e9ke %-ban:<\/strong> 100<br \/>\n<strong>A projekt megval\u00f3s\u00edt\u00e1s id\u0151tartama: <\/strong>2019.02.01. \u2013 2023.12.31.<br \/>\n<strong>A projekt azonos\u00edt\u00f3 sz\u00e1ma:<\/strong><br \/>\nTOP-3.2.1-16-NG1-2017-00037<\/p>\n<p style=\"text-align: center;\"><strong>SAJT\u00d3K\u00d6ZLEM\u00c9NY<\/strong><\/p>\n<p style=\"text-align: justify;\">A projektben keret\u00e9ben az \u00f6nkorm\u00e1nyzat tulajdon\u00e1ban l\u00e9v\u0151 \u00f3voda \u00e9s f\u0151z\u0151 konyha \u00e9p\u00fclet\u00e9nek energiatudatos korszer\u0171s\u00edt\u00e9se val\u00f3sult meg, meg\u00fajul\u00f3 energia felhaszn\u00e1l\u00e1s\u00e1val.<br \/>\nA fel\u00faj\u00edt\u00e1s keret\u00e9ben sor ker\u00fclt a k\u00fcls\u0151 hat\u00e1rol\u00f3 fel\u00fcletek ut\u00f3lagos h\u0151szigetel\u00e9s\u00e9re, az \u00e9rv\u00e9nyben l\u00e9v\u0151 h\u0151technikai el\u0151\u00edr\u00e1soknak nem megfelel\u0151 homlokzati ny\u00edl\u00e1sz\u00e1r\u00f3k cser\u00e9j\u00e9re az \u00e9p\u00fcletek energetikai jellemz\u0151inek meghat\u00e1roz\u00e1s\u00e1r\u00f3l sz\u00f3l\u00f3 7\/2006. (V.24.) TNM rendelet k\u00f6vetelm\u00e9nyszintj\u00e9nek megfelel\u0151en, tov\u00e1bb\u00e1 sor ker\u00fclt a f\u0171t\u00e9si rendszer korszer\u0171s\u00edt\u00e9s\u00e9re is, az \u00e9p\u00fclet f\u0171t\u0171s\u00e9t leveg\u0151-v\u00edz h\u0151szivatty\u00fa l\u00e1tja el.<br \/>\nA h\u0151technikai fejleszt\u00e9sek mellet az \u00e1ramfogyaszt\u00e1s ell\u00e1t\u00e1s\u00e1ra alkalmas napelemes rendszer telep\u00edt\u00e9se is megval\u00f3sult, tov\u00e1bb\u00e1 a beruh\u00e1z\u00e1s sor\u00e1n megt\u00f6rt\u00e9nt a p\u00e1ly\u00e1zati felh\u00edv\u00e1s alapj\u00e1n el\u0151\u00edrt projektar\u00e1nyos akad\u00e1lymentes\u00edt\u00e9se is.<br \/>\nA fejleszt\u00e9snek k\u00f6sz\u00f6nhet\u0151en cs\u00f6kkent az \u00e9p\u00fclet sz\u00e9ndioxid kibocs\u00e1t\u00e1sa, az \u00e9p\u00fclet h\u0151technikai adotts\u00e1gai javultak, h\u0151vesztes\u00e9gei cs\u00f6kkentek, a telep\u00fcl\u00e9s pedig k\u00f6rnyezetbar\u00e1t \u00e9s gazdas\u00e1gilag hat\u00e9konyabban \u00fczemeltethet\u0151 k\u00f6zint\u00e9zm\u00e9nnyel gazdagodott.<\/p>\n<p><strong>Tov\u00e1bbi inform\u00e1ci\u00f3 k\u00e9rhet\u0151:<\/strong><br \/>\nHont K\u00f6zs\u00e9g \u00d6nkorm\u00e1nyzata<br \/>\nTelefon: +36 (70) 312-3137<br \/>\nEmail: <a href=\"mailto:polgarmester@hont.hu\">polgarmester@hont.hu<\/a><\/p>\n","protected":false},"excerpt":{"rendered":"<p>TOP-3.2.1-16-NG1-2017-00037 A kedvezm\u00e9nyezett neve: Hont K\u00f6zs\u00e9g \u00d6nkorm\u00e1nyzata A projekt c\u00edme: Energetikai korszer\u0171s\u00edt\u00e9s Hont k\u00f6zs\u00e9gben A szerz\u0151d\u00f6tt t\u00e1mogat\u00e1s \u00f6sszege: 52.700.000 Ft A t\u00e1mogat\u00e1s m\u00e9rt\u00e9ke %-ban: 100 A projekt megval\u00f3s\u00edt\u00e1s id\u0151tartama: 2019.02.01. \u2013 2023.12.31. A projekt azonos\u00edt\u00f3 sz\u00e1ma: TOP-3.2.1-16-NG1-2017-00037 SAJT\u00d3K\u00d6ZLEM\u00c9NY A projektben keret\u00e9ben az \u00f6nkorm\u00e1nyzat tulajdon\u00e1ban l\u00e9v\u0151 \u00f3voda \u00e9s f\u0151z\u0151 konyha \u00e9p\u00fclet\u00e9nek energiatudatos korszer\u0171s\u00edt\u00e9se val\u00f3sult meg, meg\u00fajul\u00f3 energia felhaszn\u00e1l\u00e1s\u00e1val. A fel\u00faj\u00edt\u00e1s keret\u00e9ben sor ker\u00fclt a k\u00fcls\u0151 hat\u00e1rol\u00f3 fel\u00fcletek ut\u00f3lagos h\u0151szigetel\u00e9s\u00e9re, az \u00e9rv\u00e9nyben l\u00e9v\u0151 h\u0151technikai el\u0151\u00edr\u00e1soknak nem megfelel\u0151 homlokzati ny\u00edl\u00e1sz\u00e1r\u00f3k cser\u00e9j\u00e9re az \u00e9p\u00fcletek&#8230;<\/p>\n<p class=\"read-more\"><a class=\"btn btn-default\" href=\"https:\/\/wp.hont.hu\/index.php\/palyazatok-hont\/energetikai-korszerusites-hont-kozsegben\/\"> Read More<span class=\"screen-reader-text\">  Read More<\/span><\/a><\/p>\n","protected":false},"author":1,"featured_media":0,"parent":112,"menu_order":0,"comment_status":"closed","ping_status":"closed","template":"","meta":{"footnotes":""},"class_list":["post-320","page","type-page","status-publish","hentry"],"aioseo_notices":[],"_links":{"self":[{"href":"https:\/\/wp.hont.hu\/index.php\/wp-json\/wp\/v2\/pages\/320","targetHints":{"allow":["GET"]}}],"collection":[{"href":"https:\/\/wp.hont.hu\/index.php\/wp-json\/wp\/v2\/pages"}],"about":[{"href":"https:\/\/wp.hont.hu\/index.php\/wp-json\/wp\/v2\/types\/page"}],"author":[{"embeddable":true,"href":"https:\/\/wp.hont.hu\/index.php\/wp-json\/wp\/v2\/users\/1"}],"replies":[{"embeddable":true,"href":"https:\/\/wp.hont.hu\/index.php\/wp-json\/wp\/v2\/comments?post=320"}],"version-history":[{"count":11,"href":"https:\/\/wp.hont.hu\/index.php\/wp-json\/wp\/v2\/pages\/320\/revisions"}],"predecessor-version":[{"id":331,"href":"https:\/\/wp.hont.hu\/index.php\/wp-json\/wp\/v2\/pages\/320\/revisions\/331"}],"up":[{"embeddable":true,"href":"https:\/\/wp.hont.hu\/index.php\/wp-json\/wp\/v2\/pages\/112"}],"wp:attachment":[{"href":"https:\/\/wp.hont.hu\/index.php\/wp-json\/wp\/v2\/media?parent=320"}],"curies":[{"name":"wp","href":"https:\/\/api.w.org\/{rel}","templated":true}]}}