{"id":334,"date":"2024-04-23T10:42:05","date_gmt":"2024-04-23T10:42:05","guid":{"rendered":"https:\/\/wp.hont.hu\/?page_id=334"},"modified":"2024-04-24T09:10:39","modified_gmt":"2024-04-24T09:10:39","slug":"honti-ovoda","status":"publish","type":"page","link":"https:\/\/wp.hont.hu\/index.php\/honti-ovoda\/","title":{"rendered":"Honti \u00d3voda"},"content":{"rendered":"<p><img loading=\"lazy\" decoding=\"async\" class=\"aligncenter wp-image-363\" src=\"https:\/\/wp.hont.hu\/wp-content\/uploads\/2024\/04\/Ovi1-1024x576.jpg\" alt=\"\" width=\"495\" height=\"278\" srcset=\"https:\/\/wp.hont.hu\/wp-content\/uploads\/2024\/04\/Ovi1-1024x576.jpg 1024w, https:\/\/wp.hont.hu\/wp-content\/uploads\/2024\/04\/Ovi1-300x169.jpg 300w, https:\/\/wp.hont.hu\/wp-content\/uploads\/2024\/04\/Ovi1-768x432.jpg 768w, https:\/\/wp.hont.hu\/wp-content\/uploads\/2024\/04\/Ovi1-1536x864.jpg 1536w, https:\/\/wp.hont.hu\/wp-content\/uploads\/2024\/04\/Ovi1-18x10.jpg 18w, https:\/\/wp.hont.hu\/wp-content\/uploads\/2024\/04\/Ovi1-480x270.jpg 480w, https:\/\/wp.hont.hu\/wp-content\/uploads\/2024\/04\/Ovi1.jpg 1920w\" sizes=\"auto, (max-width: 495px) 100vw, 495px\" \/><\/p>\n<p><strong>El\u00e9rhet\u0151s\u00e9gek:<\/strong><br \/>\nC\u00edm: 2647 Hont, Ipoly u. 18.<br \/>\nTelefon: 35\/368-344<br \/>\nEmail: <a href=\"mailto:hontiovoda@freemail.hu\" target=\"_blank\" rel=\"noopener\">hontiovoda@freemail.hu<\/a><br \/>\nHonlap: <a href=\"https:\/\/www.hontiovoda.hu\" target=\"_blank\" rel=\"noopener\">www.hontiovoda.hu<\/a><\/p>\n<p><strong>Int\u00e9zm\u00e9nyvezet\u0151:<\/strong><br \/>\nHorv\u00e1th Orsolya<\/p>\n<p><strong>Nyitvatart\u00e1s:<\/strong><br \/>\nH\u00e9tf\u0151t\u0151l &#8211; p\u00e9ntekig: 7:00-15:30<\/p>\n<p style=\"text-align: center;\"><strong>Amit r\u00f3lunk tudni \u00e9rdemes<\/strong><\/p>\n<p style=\"text-align: justify;\">\u00d3vod\u00e1nk N\u00f3gr\u00e1d Megye hat\u00e1r\u00e1n helyezkedik el rendk\u00edv\u00fcl sz\u00e9p z\u00f6ld, hegyekkel \u00e9s erd\u0151kkel k\u00f6rbefont ter\u00fcleten. C\u00e9lunk a gyermekek \u00e9rzelmi nevel\u00e9s\u00e9nek fejleszt\u00e9se, szoci\u00e1lis kapcsolataik alak\u00edt\u00e1sa, valamint a z\u00f6ld k\u00f6rnyezet adta lehet\u0151s\u00e9gek akt\u00edv kihaszn\u00e1l\u00e1sa, fenntarthat\u00f3s\u00e1gra nevel\u00e9s. \u00d3vod\u00e1nk imm\u00e1r a Boldog \u00d3voda c\u00edmet birtokolja, \u00e9s magabiztosan haladunk a Z\u00f6ld \u00d3voda programban val\u00f3 r\u00e9szv\u00e9tel fel\u00e9.<br \/>\nA gyermekek \u00e9tkeztet\u00e9se helyben ker\u00fcl megtervez\u00e9sre \u00e9lelmez\u00e9svezet\u0151nk \u00e1ltal, valamint az \u00f3vod\u00e1hoz tartoz\u00f3 konyh\u00e1ban \u00e1ll\u00edtj\u00e1k el\u0151 a napi men\u00fct. \u00d3vod\u00e1nk honlapj\u00e1n, valamint az \u00e9p\u00fcleten bel\u00fcl szem\u00e9lyesen is megtekinthetik a heti \u00e9tlapot. A men\u00fc tervez\u00e9s\u00e9ben a v\u00e1ltoztat\u00e1s jog\u00e1t fenntartjuk.<\/p>\n","protected":false},"excerpt":{"rendered":"<p>El\u00e9rhet\u0151s\u00e9gek: C\u00edm: 2647 Hont, Ipoly u. 18. Telefon: 35\/368-344 Email: hontiovoda@freemail.hu Honlap: www.hontiovoda.hu Int\u00e9zm\u00e9nyvezet\u0151: Horv\u00e1th Orsolya Nyitvatart\u00e1s: H\u00e9tf\u0151t\u0151l &#8211; p\u00e9ntekig: 7:00-15:30 Amit r\u00f3lunk tudni \u00e9rdemes \u00d3vod\u00e1nk N\u00f3gr\u00e1d Megye hat\u00e1r\u00e1n helyezkedik el rendk\u00edv\u00fcl sz\u00e9p z\u00f6ld, hegyekkel \u00e9s erd\u0151kkel k\u00f6rbefont ter\u00fcleten. C\u00e9lunk a gyermekek \u00e9rzelmi nevel\u00e9s\u00e9nek fejleszt\u00e9se, szoci\u00e1lis kapcsolataik alak\u00edt\u00e1sa, valamint a z\u00f6ld k\u00f6rnyezet adta lehet\u0151s\u00e9gek akt\u00edv kihaszn\u00e1l\u00e1sa, fenntarthat\u00f3s\u00e1gra nevel\u00e9s. \u00d3vod\u00e1nk imm\u00e1r a Boldog \u00d3voda c\u00edmet birtokolja, \u00e9s magabiztosan haladunk a Z\u00f6ld \u00d3voda programban val\u00f3 r\u00e9szv\u00e9tel fel\u00e9. A gyermekek \u00e9tkeztet\u00e9se helyben ker\u00fcl&#8230;<\/p>\n<p class=\"read-more\"><a class=\"btn btn-default\" href=\"https:\/\/wp.hont.hu\/index.php\/honti-ovoda\/\"> Read More<span class=\"screen-reader-text\">  Read More<\/span><\/a><\/p>\n","protected":false},"author":1,"featured_media":0,"parent":0,"menu_order":0,"comment_status":"closed","ping_status":"closed","template":"","meta":{"footnotes":""},"class_list":["post-334","page","type-page","status-publish","hentry"],"aioseo_notices":[],"_links":{"self":[{"href":"https:\/\/wp.hont.hu\/index.php\/wp-json\/wp\/v2\/pages\/334","targetHints":{"allow":["GET"]}}],"collection":[{"href":"https:\/\/wp.hont.hu\/index.php\/wp-json\/wp\/v2\/pages"}],"about":[{"href":"https:\/\/wp.hont.hu\/index.php\/wp-json\/wp\/v2\/types\/page"}],"author":[{"embeddable":true,"href":"https:\/\/wp.hont.hu\/index.php\/wp-json\/wp\/v2\/users\/1"}],"replies":[{"embeddable":true,"href":"https:\/\/wp.hont.hu\/index.php\/wp-json\/wp\/v2\/comments?post=334"}],"version-history":[{"count":8,"href":"https:\/\/wp.hont.hu\/index.php\/wp-json\/wp\/v2\/pages\/334\/revisions"}],"predecessor-version":[{"id":405,"href":"https:\/\/wp.hont.hu\/index.php\/wp-json\/wp\/v2\/pages\/334\/revisions\/405"}],"wp:attachment":[{"href":"https:\/\/wp.hont.hu\/index.php\/wp-json\/wp\/v2\/media?parent=334"}],"curies":[{"name":"wp","href":"https:\/\/api.w.org\/{rel}","templated":true}]}}