{"id":339,"date":"2024-04-23T10:44:01","date_gmt":"2024-04-23T10:44:01","guid":{"rendered":"https:\/\/wp.hont.hu\/?page_id=339"},"modified":"2024-04-24T09:52:26","modified_gmt":"2024-04-24T09:52:26","slug":"tsitari-kapolna-es-forras-kutyika-maria-kegyhely","status":"publish","type":"page","link":"https:\/\/wp.hont.hu\/index.php\/tsitari-kapolna-es-forras-kutyika-maria-kegyhely\/","title":{"rendered":"Tsit\u00e1ri-k\u00e1polna \u00e9s forr\u00e1s (Kutyika) &#8211; M\u00e1ria kegyhely"},"content":{"rendered":"<p style=\"text-align: center;\"><strong>Tsit\u00e1ri-k\u00e1polna<br \/>\n<\/strong><strong data-wp-editing=\"1\"><img loading=\"lazy\" decoding=\"async\" class=\"aligncenter wp-image-423\" src=\"https:\/\/wp.hont.hu\/wp-content\/uploads\/2024\/04\/tsitar_tumb2.jpg\" alt=\"\" width=\"495\" height=\"248\" srcset=\"https:\/\/wp.hont.hu\/wp-content\/uploads\/2024\/04\/tsitar_tumb2.jpg 834w, https:\/\/wp.hont.hu\/wp-content\/uploads\/2024\/04\/tsitar_tumb2-300x150.jpg 300w, https:\/\/wp.hont.hu\/wp-content\/uploads\/2024\/04\/tsitar_tumb2-768x384.jpg 768w, https:\/\/wp.hont.hu\/wp-content\/uploads\/2024\/04\/tsitar_tumb2-18x9.jpg 18w, https:\/\/wp.hont.hu\/wp-content\/uploads\/2024\/04\/tsitar_tumb2-540x270.jpg 540w\" sizes=\"auto, (max-width: 495px) 100vw, 495px\" \/><\/strong><\/p>\n<p style=\"text-align: justify;\">A legend\u00e1s forr\u00e1s \u00e9s a Tsit\u00e1ri-k\u00e1polna egy f\u00e1kkal \u00e9s tujasorral takart kis kertben foglal helyet, amire a mit sem sejt\u0151 erre j\u00e1r\u00f3 tal\u00e1n r\u00e1 sem heder\u00edtene, els\u0151 pillant\u00e1sra annyira jelent\u00e9ktelennek t\u0171nik a lombok m\u00f6g\u00f6tt megb\u00faj\u00f3 kegyhely. Pedig mindenk\u00e9pp \u00e9rdemes ide bet\u00e9rni. Ha m\u00e1s\u00e9rt nem, a fest\u0151i k\u00f6rnyezet\u00e9rt, illetve a h\u0171s\u00edt\u0151 forr\u00e1sv\u00edz\u00e9rt, ami ny\u00e1ron k\u00fcl\u00f6n\u00f6sen \u00fcd\u00edt\u0151, de ezen a friss\u00edt\u0151 idillen t\u00fal is tal\u00e1lunk itt \u00e9lm\u00e9nyt \u00e9s \u00e9rdekess\u00e9get, ami a n\u00e9phagyom\u00e1nyba \u00e9s a k\u00f6rny\u00e9k m\u00faltj\u00e1ba enged betekint\u00e9st.<\/p>\n<p style=\"text-align: justify;\"><strong>Tsit\u00e1ri kereszt, ahol a h\u0151s\u00f6k is im\u00e1dkoztak<\/strong><br \/>\nAlig p\u00e1r m\u00e9terre a tsit\u00e1ri k\u00e1poln\u00e1t\u00f3l, ahol a forr\u00e1s \u00e9s hajdan\u00e1n az els\u0151 kereszt is \u00e1llt, egy \u00e9rdekes, barlangszer\u0171 j\u00e1ratot tal\u00e1lunk a hegyoldalban. A legenda szerint a t\u00e9rk\u00e9peken is felt\u00fcntetett <strong>\u201eSzondi-alag\u00faton\u201d<\/strong> j\u00e1rtak a dr\u00e9gelyi v\u00e1rv\u00e9d\u0151k a k\u00f6zeli kereszthez im\u00e1dkozni, \u00e9s itt mis\u00e9ztek 1552-ben is, amikor a t\u00f6r\u00f6k t\u00faler\u0151vel n\u00e9ztek farkasszemet.<\/p>\n<p style=\"text-align: center;\"><strong>Kutyika forr\u00e1s<\/strong><\/p>\n<p style=\"text-align: justify;\">A Kutyika \u00e9s a k\u00e1polna t\u00f6rt\u00e9nete valamikor a r\u00e9gm\u00falt hom\u00e1ly\u00e1ban kezd\u0151d\u00f6tt. Mint b\u00facs\u00faj\u00e1r\u00f3 helyr\u0151l az els\u0151 \u00edr\u00e1sos feljegyz\u00e9st az 1850-es \u00e9vekb\u0151l ismerj\u00fck. Egy Ipolys\u00e1gon \u00e9lt megyei aljegyz\u0151t\u0151l \u00e9s lev\u00e9lt\u00e1rost\u00f3l, a honti n\u00e9p\u00e9let jeles kutat\u00f3j\u00e1t\u00f3l \u00e9s jegyz\u0151t\u0151l, H\u0151ke Lajost\u00f3l tudjuk, hogy a forr\u00e1sn\u00e1l 1852 nyar\u00e1n egy v\u00e1ci asszonynak \u201eim\u00e1dkozt\u00e1ban&#8221; megjelent Sz\u0171z M\u00e1ria. Az asszony a csod\u00e1latos esem\u00e9nyt elmes\u00e9lte a helyieknek, majd hazat\u00e9rte ut\u00e1n a v\u00e1ciaknak is, ahonnan \u201e\u00f6tsz\u00e1z hitbuzg\u00f3 aszszony&#8221;-nyal t\u00e9rt vissza a Kutyik\u00e1hoz, \u201ekik lobog\u00f3kkal, \u00e9nekekkel j\u00f6ttek \u00fcdv\u00f6z\u00f6lni a k\u00fatban megjelent sz\u0171z M\u00e1ri\u00e1t.&#8221;<br \/>\nA v\u00e1ci asszonyok a forr\u00e1s mell\u00e9 egy kis k\u00e1poln\u00e1t \u00e9p\u00edttettek, amelynek fal\u00e1ra \u201eal fresco, egy a k\u00fatb\u00f3l kiemelked\u0151 kis le\u00e1nyt, sz\u0171z M\u00e1ri\u00e1t \u00e1br\u00e1zol\u00f3t ping\u00e1ltat\u00e1nak.&#8221; Ez a fresk\u00f3 1865-ig volt l\u00e1that\u00f3, majd az \u00faj festm\u00e9ny m\u00e1r a csodal\u00e1t\u00f3 asszonyt \u00e9s a neki kisle\u00e1ny alakj\u00e1ban megjelen\u0151 Sz\u0171z M\u00e1ri\u00e1t \u00e1br\u00e1zolta. Id\u0151vel a honti templomatya egy m\u00e1sik k\u00e1poln\u00e1t is \u00e9p\u00edttetett a m\u00e1r megl\u00e9v\u0151 mell\u00e9, amit 1948-ban elbontottak, hely\u00e9n ma az a \u201elourdes-i barlang&#8221; \u00e1ll, ahol a gy\u00f3gyultak h\u00e1lat\u00e1bl\u00e1i kaptak helyet.<br \/>\nA Kutyika \u201ecsodaerej\u0171&#8221; viz\u00e9t (bizony\u00edthat\u00f3an) a 19. sz\u00e1zad k\u00f6zepe \u00f3ta haszn\u00e1lj\u00e1k k\u00fcl\u00f6nf\u00e9le betegs\u00e9gek gy\u00f3gy\u00edt\u00e1s\u00e1ra. Hogy a jelen\u00e9sek \u00e9s a gy\u00f3gyul\u00e1sok id\u0151ben kapcsol\u00f3dnak-e egym\u00e1shoz, az m\u00e1r a feled\u00e9s hom\u00e1ly\u00e1ba v\u00e9sz, \u00e1m a helyi legenda a r\u00e9gm\u00faltba helyezve mes\u00e9l az els\u0151 csod\u00e1s gy\u00f3gyul\u00e1sr\u00f3l.<br \/>\nA t\u00f6rt\u00e9net szerint valamikor a forr\u00e1s mellett egy fakereszt \u00e1llt. Egy p\u00e1sztor \u00e9s vakon sz\u00fcletett fia sokszor legeltette erre a ny\u00e1j\u00e1t. Gyakran im\u00e1dkozott a keresztn\u00e9l \u00e9s az apa minden alkalommal megmosta a gyermek szem\u00e9t a Kutyika viz\u00e9vel, am\u00edg az egy napon meggy\u00f3gyult, s l\u00e1tni kezdett. A gy\u00f3gyul\u00e1sok \u00edr\u00e1sos eml\u00e9k\u00e9vel a m\u00e1r eml\u00edtett H\u0151ke Lajos 1866-ban \u00edrt feljegyz\u00e9seiben tal\u00e1lkozunk el\u0151sz\u00f6r: Honton, 1854-ben 27 \u201ecsod\u00e1latos gy\u00f3gyul\u00e1st&#8221; jegyeztek fel \u00e9s sz\u00e1mos olyan k\u00e9s\u0151bbi esetr\u0151l is tudunk, hogy szembetegek, b\u00e9n\u00e1k, n\u00e9m\u00e1k, gyomorbetegek, idegbajosok stb. gy\u00f3gyultak meg a Kutyika viz\u00e9t\u0151l. Az \u0151 h\u00e1l\u00e1jukat hirdetik a \u201elourdes-i barlang&#8221; fal\u00e1n l\u00e1that\u00f3 t\u00e1bl\u00e1k. Napjainkban is sok gy\u00f3gyul\u00e1st rem\u00e9l\u0151 ember keresi fel a forr\u00e1st, viz\u00e9b\u0151l nemcsak a zar\u00e1ndokok, de a helyiek is el\u0151szeretettel visznek haza.<\/p>\n<div id='gallery-1' class='gallery galleryid-339 gallery-columns-6 gallery-size-thumbnail'><figure class='gallery-item'>\n\t\t\t<div class='gallery-icon landscape'>\n\t\t\t\t<a href='https:\/\/wp.hont.hu\/wp-content\/uploads\/2024\/04\/tsitar_1.jpg' title=\"\" data-rl_title=\"\" class=\"rl-gallery-link\" data-rl_caption=\"\" data-rel=\"lightbox-gallery-1\"><img loading=\"lazy\" decoding=\"async\" width=\"150\" height=\"150\" src=\"https:\/\/wp.hont.hu\/wp-content\/uploads\/2024\/04\/tsitar_1-150x150.jpg\" class=\"attachment-thumbnail size-thumbnail\" alt=\"\" \/><\/a>\n\t\t\t<\/div><\/figure><figure class='gallery-item'>\n\t\t\t<div class='gallery-icon landscape'>\n\t\t\t\t<a href='https:\/\/wp.hont.hu\/wp-content\/uploads\/2024\/04\/tsitar_2.jpg' title=\"\" data-rl_title=\"\" class=\"rl-gallery-link\" data-rl_caption=\"\" data-rel=\"lightbox-gallery-1\"><img loading=\"lazy\" decoding=\"async\" width=\"150\" height=\"150\" src=\"https:\/\/wp.hont.hu\/wp-content\/uploads\/2024\/04\/tsitar_2-150x150.jpg\" class=\"attachment-thumbnail size-thumbnail\" alt=\"\" \/><\/a>\n\t\t\t<\/div><\/figure><figure class='gallery-item'>\n\t\t\t<div class='gallery-icon landscape'>\n\t\t\t\t<a href='https:\/\/wp.hont.hu\/wp-content\/uploads\/2024\/04\/tsitar_3.jpg' title=\"\" data-rl_title=\"\" class=\"rl-gallery-link\" data-rl_caption=\"\" data-rel=\"lightbox-gallery-1\"><img loading=\"lazy\" decoding=\"async\" width=\"150\" height=\"150\" src=\"https:\/\/wp.hont.hu\/wp-content\/uploads\/2024\/04\/tsitar_3-150x150.jpg\" class=\"attachment-thumbnail size-thumbnail\" alt=\"\" \/><\/a>\n\t\t\t<\/div><\/figure><figure class='gallery-item'>\n\t\t\t<div class='gallery-icon landscape'>\n\t\t\t\t<a href='https:\/\/wp.hont.hu\/wp-content\/uploads\/2024\/04\/tsitar_4.jpg' title=\"\" data-rl_title=\"\" class=\"rl-gallery-link\" data-rl_caption=\"\" data-rel=\"lightbox-gallery-1\"><img loading=\"lazy\" decoding=\"async\" width=\"150\" height=\"150\" src=\"https:\/\/wp.hont.hu\/wp-content\/uploads\/2024\/04\/tsitar_4-150x150.jpg\" class=\"attachment-thumbnail size-thumbnail\" alt=\"\" \/><\/a>\n\t\t\t<\/div><\/figure><figure class='gallery-item'>\n\t\t\t<div class='gallery-icon landscape'>\n\t\t\t\t<a href='https:\/\/wp.hont.hu\/wp-content\/uploads\/2024\/04\/tsitar_5.jpg' title=\"\" data-rl_title=\"\" class=\"rl-gallery-link\" data-rl_caption=\"\" data-rel=\"lightbox-gallery-1\"><img loading=\"lazy\" decoding=\"async\" width=\"150\" height=\"150\" src=\"https:\/\/wp.hont.hu\/wp-content\/uploads\/2024\/04\/tsitar_5-150x150.jpg\" class=\"attachment-thumbnail size-thumbnail\" alt=\"\" \/><\/a>\n\t\t\t<\/div><\/figure><figure class='gallery-item'>\n\t\t\t<div class='gallery-icon landscape'>\n\t\t\t\t<a href='https:\/\/wp.hont.hu\/wp-content\/uploads\/2024\/04\/tsitar_6.jpg' title=\"\" data-rl_title=\"\" class=\"rl-gallery-link\" data-rl_caption=\"\" data-rel=\"lightbox-gallery-1\"><img loading=\"lazy\" decoding=\"async\" width=\"150\" height=\"150\" src=\"https:\/\/wp.hont.hu\/wp-content\/uploads\/2024\/04\/tsitar_6-150x150.jpg\" class=\"attachment-thumbnail size-thumbnail\" alt=\"\" \/><\/a>\n\t\t\t<\/div><\/figure>\n\t\t<\/div>\n\n<p>&nbsp;<\/p>\n","protected":false},"excerpt":{"rendered":"<p>Tsit\u00e1ri-k\u00e1polna A legend\u00e1s forr\u00e1s \u00e9s a Tsit\u00e1ri-k\u00e1polna egy f\u00e1kkal \u00e9s tujasorral takart kis kertben foglal helyet, amire a mit sem sejt\u0151 erre j\u00e1r\u00f3 tal\u00e1n r\u00e1 sem heder\u00edtene, els\u0151 pillant\u00e1sra annyira jelent\u00e9ktelennek t\u0171nik a lombok m\u00f6g\u00f6tt megb\u00faj\u00f3 kegyhely. Pedig mindenk\u00e9pp \u00e9rdemes ide bet\u00e9rni. Ha m\u00e1s\u00e9rt nem, a fest\u0151i k\u00f6rnyezet\u00e9rt, illetve a h\u0171s\u00edt\u0151 forr\u00e1sv\u00edz\u00e9rt, ami ny\u00e1ron k\u00fcl\u00f6n\u00f6sen \u00fcd\u00edt\u0151, de ezen a friss\u00edt\u0151 idillen t\u00fal is tal\u00e1lunk itt \u00e9lm\u00e9nyt \u00e9s \u00e9rdekess\u00e9get, ami a n\u00e9phagyom\u00e1nyba \u00e9s a k\u00f6rny\u00e9k m\u00faltj\u00e1ba enged betekint\u00e9st. Tsit\u00e1ri kereszt, ahol&#8230;<\/p>\n<p class=\"read-more\"><a class=\"btn btn-default\" href=\"https:\/\/wp.hont.hu\/index.php\/tsitari-kapolna-es-forras-kutyika-maria-kegyhely\/\"> Read More<span class=\"screen-reader-text\">  Read More<\/span><\/a><\/p>\n","protected":false},"author":1,"featured_media":0,"parent":0,"menu_order":0,"comment_status":"closed","ping_status":"closed","template":"","meta":{"footnotes":""},"class_list":["post-339","page","type-page","status-publish","hentry"],"aioseo_notices":[],"_links":{"self":[{"href":"https:\/\/wp.hont.hu\/index.php\/wp-json\/wp\/v2\/pages\/339","targetHints":{"allow":["GET"]}}],"collection":[{"href":"https:\/\/wp.hont.hu\/index.php\/wp-json\/wp\/v2\/pages"}],"about":[{"href":"https:\/\/wp.hont.hu\/index.php\/wp-json\/wp\/v2\/types\/page"}],"author":[{"embeddable":true,"href":"https:\/\/wp.hont.hu\/index.php\/wp-json\/wp\/v2\/users\/1"}],"replies":[{"embeddable":true,"href":"https:\/\/wp.hont.hu\/index.php\/wp-json\/wp\/v2\/comments?post=339"}],"version-history":[{"count":9,"href":"https:\/\/wp.hont.hu\/index.php\/wp-json\/wp\/v2\/pages\/339\/revisions"}],"predecessor-version":[{"id":341,"href":"https:\/\/wp.hont.hu\/index.php\/wp-json\/wp\/v2\/pages\/339\/revisions\/341"}],"wp:attachment":[{"href":"https:\/\/wp.hont.hu\/index.php\/wp-json\/wp\/v2\/media?parent=339"}],"curies":[{"name":"wp","href":"https:\/\/api.w.org\/{rel}","templated":true}]}}