{"id":344,"date":"2024-04-23T10:45:21","date_gmt":"2024-04-23T10:45:21","guid":{"rendered":"https:\/\/wp.hont.hu\/?page_id=344"},"modified":"2024-04-24T09:39:49","modified_gmt":"2024-04-24T09:39:49","slug":"termeszeti-ertekek","status":"publish","type":"page","link":"https:\/\/wp.hont.hu\/index.php\/termeszeti-ertekek\/","title":{"rendered":"Term\u00e9szeti \u00e9rt\u00e9kek"},"content":{"rendered":"<p style=\"text-align: center;\"><strong>Honti Szakad\u00e9k<\/strong><br \/>\n<img loading=\"lazy\" decoding=\"async\" class=\"aligncenter wp-image-374\" src=\"https:\/\/wp.hont.hu\/wp-content\/uploads\/2024\/04\/Szakadek-1024x576.jpg\" alt=\"\" width=\"495\" height=\"278\" srcset=\"https:\/\/wp.hont.hu\/wp-content\/uploads\/2024\/04\/Szakadek-1024x576.jpg 1024w, https:\/\/wp.hont.hu\/wp-content\/uploads\/2024\/04\/Szakadek-300x169.jpg 300w, https:\/\/wp.hont.hu\/wp-content\/uploads\/2024\/04\/Szakadek-768x432.jpg 768w, https:\/\/wp.hont.hu\/wp-content\/uploads\/2024\/04\/Szakadek-1536x864.jpg 1536w, https:\/\/wp.hont.hu\/wp-content\/uploads\/2024\/04\/Szakadek-18x10.jpg 18w, https:\/\/wp.hont.hu\/wp-content\/uploads\/2024\/04\/Szakadek-480x270.jpg 480w, https:\/\/wp.hont.hu\/wp-content\/uploads\/2024\/04\/Szakadek.jpg 1920w\" sizes=\"auto, (max-width: 495px) 100vw, 495px\" \/><\/p>\n<p style=\"text-align: justify;\">B\u00f6rzs\u00f6ny \u00e9szaki szeglet\u00e9ben egy term\u00e9szetes f\u00f6ldtani szelv\u00e9ny t\u00e1rja fel a hegys\u00e9g vulkanizmus el\u0151tti m\u00faltj\u00e1nak r\u00e9szleteit. A m\u00e9ly szakad\u00e9k v\u00e9g\u00e9t v\u00edzes\u00e9s sz\u00ednes\u00edti. A szakad\u00e9kban gyalogolva el\u0151sz\u00f6r alighanem mindenkinek a s\u0171r\u0171, kellemetlen\u00fcl \u201eragaszkod\u00f3&#8221; n\u00f6v\u00e9nyzet fog felt\u0171nni. Azonban az \u00f6sv\u00e9ny j\u00f3l j\u00e1rhat\u00f3, a patak g\u00e1zl\u00f3j\u00e1nak keresztez\u00e9se ut\u00e1n m\u00e9g egy l\u00e9pcs\u0151 is seg\u00edti a halad\u00e1st. A r\u00f6vid szakad\u00e9k v\u00e9g\u00e9ben kis v\u00edzes\u00e9s csobog, melynek magass\u00e1ga 2-3 m\u00e9ter. A sz\u0171k szurdokb\u00f3l \u00e9rkez\u0151 v\u00edz egy k\u00f6rnyezet\u00e9n\u00e9l kem\u00e9nyebb, meszes-agyagos l\u00e9pcs\u0151n bukik al\u00e1. F\u00f6l\u00f6tte korl\u00e1t akad\u00e1lyozza meg a tov\u00e1bbhalad\u00e1st (\u00e9s azt, hogy a nagyobb hordal\u00e9k a v\u00edzes\u00e9sbe mos\u00f3djon). Az \u00f6sv\u00e9ny v\u00e9gigj\u00e1r\u00e1sa a f\u0151\u00fatt\u00f3l kb. 5-10 percet vesz ig\u00e9nybe, mellette pihen\u0151helyet is kialak\u00edtottak. N\u00e9h\u00e1ny inform\u00e1ci\u00f3s t\u00e1bla teszi lehet\u0151v\u00e9 az ismeretszerz\u00e9st. A patak csak r\u00f6vid utat tesz meg forr\u00e1s\u00e1t\u00f3l, stabil mell\u00e9kv\u00edzfoly\u00e1sai nincsenek, ez\u00e9rt gyakran kisz\u00e1rad &#8211; ennek megfelel\u0151en a v\u00edzes\u00e9sben t\u00f6bbnyire csak h\u00f3olvad\u00e1s vagy csapad\u00e9kos id\u0151szakok ut\u00e1n gy\u00f6ny\u00f6rk\u00f6dhet\u00fcnk. A ker\u00edt\u00e9s t\u00faloldal\u00e1n m\u00e9g n\u00e9h\u00e1ny m\u00e9teren kereszt\u00fcl kitart a k\u00fcl\u00f6nleges l\u00e1tv\u00e1nyvil\u00e1g: tov\u00e1bbi k\u00e9t kisebb v\u00edzes\u00e9st rejt a mederbe d\u0151lt, mohos f\u00e1kt\u00f3l egyre \u00e1thatolhatatlanabb szurdokfolyos\u00f3. A B\u00f6rzs\u00f6nyt vulk\u00e1ni vid\u00e9kk\u00e9nt ismerj\u00fck, de mi lehetett a hely\u00e9n a magma anyag felsz\u00ednre jut\u00e1sa el\u0151tt? Amint a mai K\u00e1rp\u00e1t-medenc\u00e9t, a B\u00f6rzs\u00f6ny ter\u00fclet\u00e9t is \u00f3ce\u00e1nok, m\u00e1skor tengerek bor\u00edtott\u00e1k. A vulkanizmus beindul\u00e1s\u00e1t megel\u0151z\u0151en sek\u00e9ly tenger hull\u00e1mzott e vid\u00e9ken: a kis m\u00e9lys\u00e9g \u00e1ltal\u00e1ban a tengerv\u00edzi hordal\u00e9kok, \u00fcled\u00e9kek felhalmoz\u00f3d\u00e1s\u00e1nak kedvez. A mai Hont k\u00f6rny\u00e9k\u00e9n kavicsos, agyagos, homokos \u00fcled\u00e9kek rak\u00f3dtak le 20-25 milli\u00f3 \u00e9ve &#8211; ezek t\u00e1rulnak fel a 30 m\u00e9teres magass\u00e1got is el\u00e9r\u0151 falakban. A Honti-szakad\u00e9kba l\u00e9pve nem tal\u00e1lkozunk a B\u00f6rzs\u00f6nyben megszokott, t\u00f6mb\u00f6s megjelen\u00e9s\u0171, s\u00f6t\u00e9t andezit szikl\u00e1kkal. Helyett\u00fck csill\u00e1mos, homokos agyagm\u00e1rga (azaz honti sl\u00edr), homokos agyag \u00e9s j\u00f3val kem\u00e9nyebb meszes agyag bukkan el\u0151. T\u00f6bbs\u00e9g\u00e9ben apr\u00f3szemcs\u00e9s k\u0151zetek vesznek k\u00f6r\u00fcl. A term\u00e9szetes m\u00f3don felt\u00e1rult r\u00e9tegek korallok, kagyl\u00f3k, csig\u00e1k k\u00f6v\u00fcleteit rejtik, de mamutcsontot is tal\u00e1ltak m\u00e1r benn\u00fck. \u00c9s hogy hogyan keletkezett a szakad\u00e9k? A benne csordog\u00e1l\u00f3 Z\u00e1tori-patak alak\u00edtotta ki. A v\u00edzfoly\u00e1s egykor a v\u00f6lgy fels\u0151 szakasz\u00e1n\u00e1l nyugat fel\u00e9 fordult, hogy a Parassapuszta ir\u00e1ny\u00e1ba tart\u00f3 v\u00f6lgy\u00f6n kereszt\u00fcl \u00e9rje el az Ipolyt. Azonban az 1700-as \u00e9vek v\u00e9g\u00e9n egy hirtelen j\u00f6tt, hatalmas z\u00e1por nyom\u00e1n olyan er\u0151vel sz\u00e1guldott le a patak, hogy \u00e1tt\u00f6rte, kimosta a kev\u00e9sb\u00e9 ellen\u00e1ll\u00f3 &#8211; \u00e9s m\u00e1r kor\u00e1bban is ostromolt &#8211; k\u0151zeteket. Ezzel r\u00f6videbb utat nyitott mag\u00e1nak az Ipoly fel\u00e9. A felsz\u00ednform\u00e1l\u00f3d\u00e1s term\u00e9szetesen nem \u00e1ll meg, \u00edgy napjainkban is tart.<\/p>\n<hr \/>\n<p style=\"text-align: center;\"><strong>Ipoly<\/strong><br \/>\n<img loading=\"lazy\" decoding=\"async\" class=\"aligncenter wp-image-408\" src=\"https:\/\/wp.hont.hu\/wp-content\/uploads\/2024\/04\/Ipoly-1024x768.jpg\" alt=\"\" width=\"495\" height=\"371\" srcset=\"https:\/\/wp.hont.hu\/wp-content\/uploads\/2024\/04\/Ipoly-1024x768.jpg 1024w, https:\/\/wp.hont.hu\/wp-content\/uploads\/2024\/04\/Ipoly-300x225.jpg 300w, https:\/\/wp.hont.hu\/wp-content\/uploads\/2024\/04\/Ipoly-768x576.jpg 768w, https:\/\/wp.hont.hu\/wp-content\/uploads\/2024\/04\/Ipoly-1536x1152.jpg 1536w, https:\/\/wp.hont.hu\/wp-content\/uploads\/2024\/04\/Ipoly-16x12.jpg 16w, https:\/\/wp.hont.hu\/wp-content\/uploads\/2024\/04\/Ipoly-360x270.jpg 360w, https:\/\/wp.hont.hu\/wp-content\/uploads\/2024\/04\/Ipoly.jpg 2000w\" sizes=\"auto, (max-width: 495px) 100vw, 495px\" \/><\/p>\n<p style=\"text-align: justify;\">Az Ipoly bizonyos szakaszai kimaradtak a szab\u00e1lyoz\u00e1sb\u00f3l. Ilyen az Ipolysz\u00f6g &#8211; Hont k\u00f6z\u00f6tti 30 kilom\u00e9teres szakasz, amelynek k\u00f6zel 3000 hekt\u00e1r kiterjed\u00e9s\u0171 ter\u00fclet\u00e9t v\u00e9di 1997 \u00f3ta a Duna-Ipoly Nemzeti Park. A t\u00f6rv\u00e9nyes oltalom 2001 \u00f3ta nemzetk\u00f6zi elismerts\u00e9ggel p\u00e1rosul a Ramsari Egyezm\u00e9ny r\u00e9v\u00e9n. A foly\u00f3v\u00f6lgy saj\u00e1toss\u00e1ga, hogy ez egyike haz\u00e1nk kev\u00e9s k\u00e9toldal\u00fa (bilater\u00e1lis) ramsari ter\u00fcleteinek is, b\u00e1r a szlov\u00e1kiai Poiplie csup\u00e1n 450 hekt\u00e1rt foglal mag\u00e1ba. A term\u00e9szetv\u00e9delmi t\u00f6rekv\u00e9sek kor\u00e1ntsem a rezerv\u00e1tum-elm\u00e9let kiteljesed\u00e9s\u00e9t jelentik. A hagyom\u00e1nyos t\u00e1jhaszn\u00e1lat sokszor \u00e9pp az \u00e9rt\u00e9kes fl\u00f3ra \u00e9s fauna fennmarad\u00e1s\u00e1t szolg\u00e1lja, \u00edgy nem v\u00e9letlen, hogy az Ipoly-v\u00f6lgyben extenz\u00edv r\u00e9tgazd\u00e1lkod\u00e1st folytatunk saj\u00e1t legel\u0151 \u00e1llat\u00e1llom\u00e1nnyal, amely egyben az \u0151shonos magyar sz\u00fcrke marha g\u00e9nmeg\u0151rz\u00e9s\u00e9t is biztos\u00edtja.<\/p>\n<hr \/>\n<p style=\"text-align: center;\"><strong>Kozarek t\u00f3<br \/>\n<img loading=\"lazy\" decoding=\"async\" class=\"aligncenter wp-image-410\" src=\"https:\/\/wp.hont.hu\/wp-content\/uploads\/2024\/04\/Kozarek-to.jpg\" alt=\"\" width=\"495\" height=\"371\" srcset=\"https:\/\/wp.hont.hu\/wp-content\/uploads\/2024\/04\/Kozarek-to.jpg 800w, https:\/\/wp.hont.hu\/wp-content\/uploads\/2024\/04\/Kozarek-to-300x225.jpg 300w, https:\/\/wp.hont.hu\/wp-content\/uploads\/2024\/04\/Kozarek-to-768x576.jpg 768w, https:\/\/wp.hont.hu\/wp-content\/uploads\/2024\/04\/Kozarek-to-16x12.jpg 16w, https:\/\/wp.hont.hu\/wp-content\/uploads\/2024\/04\/Kozarek-to-360x270.jpg 360w\" sizes=\"auto, (max-width: 495px) 100vw, 495px\" \/><\/strong><\/p>\n<p style=\"text-align: justify;\">Egy m\u00e1ra m\u00e1r kisz\u00e1rad\u00f3 tavacska a falu \u00e9szakkeleti fel\u00e9n. Viz\u00e9t az egykori vas\u00fat megmaradt t\u00f6lt\u00e9s\u00e9n k\u00e9sz\u00fclt zsilipen \u00e1teresztett \u00e1rad\u00f3 Ipoly foly\u00f3, a belv\u00edz, \u00e9s a sz\u00e1mos apr\u00f3 forr\u00e1s t\u00e1pl\u00e1lta. N\u00e1das\u00e1ban t\u00f6bb v\u00e9dett mad\u00e1rfaj lel mened\u00e9ket. Az \u00fagynevezett \u00dajtelep fel\u0151li oldal\u00e1n tal\u00e1lhat\u00f3 Magyarorsz\u00e1g egyetlen \u00f6sszef\u00fcgg\u0151 \u00e9ger erdeje, melyet 10 \u00e9ve kiv\u00e1gtak ki. Az erd\u0151 az\u00f3ta \u00fajra kezdi megtal\u00e1lni r\u00e9gi form\u00e1j\u00e1t, \u00e9s lombozat\u00e1t \u00fajra birtokba veszik a madarak.<\/p>\n<div id='gallery-1' class='gallery galleryid-344 gallery-columns-3 gallery-size-medium'><figure class='gallery-item'>\n\t\t\t<div class='gallery-icon landscape'>\n\t\t\t\t<a href='https:\/\/wp.hont.hu\/wp-content\/uploads\/2024\/04\/kozarek1.jpg' title=\"\" data-rl_title=\"\" class=\"rl-gallery-link\" data-rl_caption=\"\" data-rel=\"lightbox-gallery-1\"><img loading=\"lazy\" decoding=\"async\" width=\"300\" height=\"200\" src=\"https:\/\/wp.hont.hu\/wp-content\/uploads\/2024\/04\/kozarek1-300x200.jpg\" class=\"attachment-medium size-medium\" alt=\"\" srcset=\"https:\/\/wp.hont.hu\/wp-content\/uploads\/2024\/04\/kozarek1-300x200.jpg 300w, https:\/\/wp.hont.hu\/wp-content\/uploads\/2024\/04\/kozarek1-1024x683.jpg 1024w, https:\/\/wp.hont.hu\/wp-content\/uploads\/2024\/04\/kozarek1-768x512.jpg 768w, https:\/\/wp.hont.hu\/wp-content\/uploads\/2024\/04\/kozarek1-1536x1024.jpg 1536w, https:\/\/wp.hont.hu\/wp-content\/uploads\/2024\/04\/kozarek1-18x12.jpg 18w, https:\/\/wp.hont.hu\/wp-content\/uploads\/2024\/04\/kozarek1-405x270.jpg 405w, https:\/\/wp.hont.hu\/wp-content\/uploads\/2024\/04\/kozarek1.jpg 1920w\" sizes=\"auto, (max-width: 300px) 100vw, 300px\" \/><\/a>\n\t\t\t<\/div><\/figure><figure class='gallery-item'>\n\t\t\t<div class='gallery-icon landscape'>\n\t\t\t\t<a href='https:\/\/wp.hont.hu\/wp-content\/uploads\/2024\/04\/kozarek2.jpg' title=\"\" data-rl_title=\"\" class=\"rl-gallery-link\" data-rl_caption=\"\" data-rel=\"lightbox-gallery-1\"><img loading=\"lazy\" decoding=\"async\" width=\"300\" height=\"200\" src=\"https:\/\/wp.hont.hu\/wp-content\/uploads\/2024\/04\/kozarek2-300x200.jpg\" class=\"attachment-medium size-medium\" alt=\"\" srcset=\"https:\/\/wp.hont.hu\/wp-content\/uploads\/2024\/04\/kozarek2-300x200.jpg 300w, https:\/\/wp.hont.hu\/wp-content\/uploads\/2024\/04\/kozarek2-1024x683.jpg 1024w, https:\/\/wp.hont.hu\/wp-content\/uploads\/2024\/04\/kozarek2-768x512.jpg 768w, https:\/\/wp.hont.hu\/wp-content\/uploads\/2024\/04\/kozarek2-1536x1024.jpg 1536w, https:\/\/wp.hont.hu\/wp-content\/uploads\/2024\/04\/kozarek2-18x12.jpg 18w, https:\/\/wp.hont.hu\/wp-content\/uploads\/2024\/04\/kozarek2-405x270.jpg 405w, https:\/\/wp.hont.hu\/wp-content\/uploads\/2024\/04\/kozarek2.jpg 1920w\" sizes=\"auto, (max-width: 300px) 100vw, 300px\" \/><\/a>\n\t\t\t<\/div><\/figure><figure class='gallery-item'>\n\t\t\t<div class='gallery-icon landscape'>\n\t\t\t\t<a href='https:\/\/wp.hont.hu\/wp-content\/uploads\/2024\/04\/kozarek3.jpg' title=\"\" data-rl_title=\"\" class=\"rl-gallery-link\" data-rl_caption=\"\" data-rel=\"lightbox-gallery-1\"><img loading=\"lazy\" decoding=\"async\" width=\"300\" height=\"200\" src=\"https:\/\/wp.hont.hu\/wp-content\/uploads\/2024\/04\/kozarek3-300x200.jpg\" class=\"attachment-medium size-medium\" alt=\"\" srcset=\"https:\/\/wp.hont.hu\/wp-content\/uploads\/2024\/04\/kozarek3-300x200.jpg 300w, https:\/\/wp.hont.hu\/wp-content\/uploads\/2024\/04\/kozarek3-1024x683.jpg 1024w, https:\/\/wp.hont.hu\/wp-content\/uploads\/2024\/04\/kozarek3-768x512.jpg 768w, https:\/\/wp.hont.hu\/wp-content\/uploads\/2024\/04\/kozarek3-1536x1024.jpg 1536w, https:\/\/wp.hont.hu\/wp-content\/uploads\/2024\/04\/kozarek3-18x12.jpg 18w, https:\/\/wp.hont.hu\/wp-content\/uploads\/2024\/04\/kozarek3-405x270.jpg 405w, https:\/\/wp.hont.hu\/wp-content\/uploads\/2024\/04\/kozarek3.jpg 1920w\" sizes=\"auto, (max-width: 300px) 100vw, 300px\" \/><\/a>\n\t\t\t<\/div><\/figure>\n\t\t<\/div>\n\n","protected":false},"excerpt":{"rendered":"<p>Honti Szakad\u00e9k B\u00f6rzs\u00f6ny \u00e9szaki szeglet\u00e9ben egy term\u00e9szetes f\u00f6ldtani szelv\u00e9ny t\u00e1rja fel a hegys\u00e9g vulkanizmus el\u0151tti m\u00faltj\u00e1nak r\u00e9szleteit. A m\u00e9ly szakad\u00e9k v\u00e9g\u00e9t v\u00edzes\u00e9s sz\u00ednes\u00edti. A szakad\u00e9kban gyalogolva el\u0151sz\u00f6r alighanem mindenkinek a s\u0171r\u0171, kellemetlen\u00fcl \u201eragaszkod\u00f3&#8221; n\u00f6v\u00e9nyzet fog felt\u0171nni. Azonban az \u00f6sv\u00e9ny j\u00f3l j\u00e1rhat\u00f3, a patak g\u00e1zl\u00f3j\u00e1nak keresztez\u00e9se ut\u00e1n m\u00e9g egy l\u00e9pcs\u0151 is seg\u00edti a halad\u00e1st. A r\u00f6vid szakad\u00e9k v\u00e9g\u00e9ben kis v\u00edzes\u00e9s csobog, melynek magass\u00e1ga 2-3 m\u00e9ter. A sz\u0171k szurdokb\u00f3l \u00e9rkez\u0151 v\u00edz egy k\u00f6rnyezet\u00e9n\u00e9l kem\u00e9nyebb, meszes-agyagos l\u00e9pcs\u0151n bukik al\u00e1. F\u00f6l\u00f6tte korl\u00e1t akad\u00e1lyozza meg&#8230;<\/p>\n<p class=\"read-more\"><a class=\"btn btn-default\" href=\"https:\/\/wp.hont.hu\/index.php\/termeszeti-ertekek\/\"> Read More<span class=\"screen-reader-text\">  Read More<\/span><\/a><\/p>\n","protected":false},"author":1,"featured_media":0,"parent":0,"menu_order":0,"comment_status":"closed","ping_status":"closed","template":"","meta":{"footnotes":""},"class_list":["post-344","page","type-page","status-publish","hentry"],"aioseo_notices":[],"_links":{"self":[{"href":"https:\/\/wp.hont.hu\/index.php\/wp-json\/wp\/v2\/pages\/344","targetHints":{"allow":["GET"]}}],"collection":[{"href":"https:\/\/wp.hont.hu\/index.php\/wp-json\/wp\/v2\/pages"}],"about":[{"href":"https:\/\/wp.hont.hu\/index.php\/wp-json\/wp\/v2\/types\/page"}],"author":[{"embeddable":true,"href":"https:\/\/wp.hont.hu\/index.php\/wp-json\/wp\/v2\/users\/1"}],"replies":[{"embeddable":true,"href":"https:\/\/wp.hont.hu\/index.php\/wp-json\/wp\/v2\/comments?post=344"}],"version-history":[{"count":11,"href":"https:\/\/wp.hont.hu\/index.php\/wp-json\/wp\/v2\/pages\/344\/revisions"}],"predecessor-version":[{"id":420,"href":"https:\/\/wp.hont.hu\/index.php\/wp-json\/wp\/v2\/pages\/344\/revisions\/420"}],"wp:attachment":[{"href":"https:\/\/wp.hont.hu\/index.php\/wp-json\/wp\/v2\/media?parent=344"}],"curies":[{"name":"wp","href":"https:\/\/api.w.org\/{rel}","templated":true}]}}