{"id":346,"date":"2024-04-23T10:45:36","date_gmt":"2024-04-23T10:45:36","guid":{"rendered":"https:\/\/wp.hont.hu\/?page_id=346"},"modified":"2024-04-23T10:45:36","modified_gmt":"2024-04-23T10:45:36","slug":"hont-kozseg-onkormanyzata","status":"publish","type":"page","link":"https:\/\/wp.hont.hu\/index.php\/hont-kozseg-onkormanyzata\/","title":{"rendered":"Hont K\u00f6zs\u00e9g \u00d6nkorm\u00e1nyzata"},"content":{"rendered":"<p style=\"text-align: center;\"><strong>Felt\u00f6lt\u00e9s alatt\u2026<\/strong><\/p>\n","protected":false},"excerpt":{"rendered":"<p>Felt\u00f6lt\u00e9s alatt\u2026<\/p>\n","protected":false},"author":1,"featured_media":0,"parent":0,"menu_order":0,"comment_status":"closed","ping_status":"closed","template":"","meta":{"footnotes":""},"class_list":["post-346","page","type-page","status-publish","hentry"],"aioseo_notices":[],"_links":{"self":[{"href":"https:\/\/wp.hont.hu\/index.php\/wp-json\/wp\/v2\/pages\/346","targetHints":{"allow":["GET"]}}],"collection":[{"href":"https:\/\/wp.hont.hu\/index.php\/wp-json\/wp\/v2\/pages"}],"about":[{"href":"https:\/\/wp.hont.hu\/index.php\/wp-json\/wp\/v2\/types\/page"}],"author":[{"embeddable":true,"href":"https:\/\/wp.hont.hu\/index.php\/wp-json\/wp\/v2\/users\/1"}],"replies":[{"embeddable":true,"href":"https:\/\/wp.hont.hu\/index.php\/wp-json\/wp\/v2\/comments?post=346"}],"version-history":[{"count":1,"href":"https:\/\/wp.hont.hu\/index.php\/wp-json\/wp\/v2\/pages\/346\/revisions"}],"predecessor-version":[{"id":347,"href":"https:\/\/wp.hont.hu\/index.php\/wp-json\/wp\/v2\/pages\/346\/revisions\/347"}],"wp:attachment":[{"href":"https:\/\/wp.hont.hu\/index.php\/wp-json\/wp\/v2\/media?parent=346"}],"curies":[{"name":"wp","href":"https:\/\/api.w.org\/{rel}","templated":true}]}}