{"id":354,"date":"2024-04-24T08:19:06","date_gmt":"2024-04-24T08:19:06","guid":{"rendered":"https:\/\/wp.hont.hu\/?page_id=354"},"modified":"2024-04-24T11:20:25","modified_gmt":"2024-04-24T11:20:25","slug":"epitett-ertekek","status":"publish","type":"page","link":"https:\/\/wp.hont.hu\/index.php\/epitett-ertekek\/","title":{"rendered":"\u00c9p\u00edtett \u00e9rt\u00e9kek"},"content":{"rendered":"<p style=\"text-align: center;\"><strong>F\u00e1jdalmas Sz\u0171zanya K\u00e1polna<br \/>\n<img loading=\"lazy\" decoding=\"async\" class=\"aligncenter wp-image-361\" src=\"https:\/\/wp.hont.hu\/wp-content\/uploads\/2024\/04\/Kapolna-2-1024x683.jpg\" alt=\"\" width=\"495\" height=\"330\" srcset=\"https:\/\/wp.hont.hu\/wp-content\/uploads\/2024\/04\/Kapolna-2-1024x683.jpg 1024w, https:\/\/wp.hont.hu\/wp-content\/uploads\/2024\/04\/Kapolna-2-300x200.jpg 300w, https:\/\/wp.hont.hu\/wp-content\/uploads\/2024\/04\/Kapolna-2-768x512.jpg 768w, https:\/\/wp.hont.hu\/wp-content\/uploads\/2024\/04\/Kapolna-2-1536x1024.jpg 1536w, https:\/\/wp.hont.hu\/wp-content\/uploads\/2024\/04\/Kapolna-2-2048x1365.jpg 2048w, https:\/\/wp.hont.hu\/wp-content\/uploads\/2024\/04\/Kapolna-2-18x12.jpg 18w, https:\/\/wp.hont.hu\/wp-content\/uploads\/2024\/04\/Kapolna-2-405x270.jpg 405w\" sizes=\"auto, (max-width: 495px) 100vw, 495px\" \/><\/strong><\/p>\n<p style=\"text-align: justify;\">A helyi hagyom\u00e1ny szerint a F\u00e1jdalmas Sz\u0171zanya f\u00f6lv\u00e9gi k\u00e1poln\u00e1ja hely\u00e9n \u00e1llott az egykori templom. A helyi eml\u00e9kezet szerint a k\u00f6zelben \u00e1ll\u00f3 \u00f3voda udvar\u00e1nak s\u00fcllyeszt\u00e9sekor emberi csontokat tal\u00e1ltak. A Dr\u00e9gelypal\u00e1nki pl\u00e9b\u00e1ni\u00e1n tal\u00e1lhat\u00f3 Historia Domus is azt er\u0151s\u00edti, hogy az egykori iskola &#8211; a mai \u00f3voda &#8211; mellett \u00e1llott a telep\u00fcl\u00e9s r\u00e9gi temploma. A feljegyz\u00e9sek szerint 1775-ben, az \u00faj templom \u00e9p\u00edt\u00e9sekor bontott\u00e1k le a r\u00e9git, amelynek alapfalai m\u00e9g 1818-ban is l\u00e1tszottak. A k\u00e1polna k\u00f6rny\u00e9k\u00e9t az ut\u00f3bbi korokban er\u0151sen \u00e1talak\u00edtott\u00e1k. Az itt \u00e1sott r\u00e9g\u00e9szeti kutat\u00f3\u00e1rok azonban val\u00f3ban hozott a felsz\u00ednre emberi csontokat. Alapos bizonyoss\u00e1ggal felt\u00e9telezhetj\u00fck teh\u00e1t, hogy val\u00f3ban itt \u00e1llott Hont r\u00e9gi temploma, s k\u00f6r\u00fcl\u00f6tte a kor temetkez\u00e9si szok\u00e1sa szerint a templomot k\u00f6r\u00fclvev\u0151 cinterem, azaz a templomot \u00f6vez\u0151 temet\u0151.<\/p>\n<hr \/>\n<p style=\"text-align: center;\"><strong>Vil\u00e1gh\u00e1bor\u00fak eml\u00e9km\u0171ve<br \/>\n<img loading=\"lazy\" decoding=\"async\" class=\"aligncenter wp-image-449\" src=\"https:\/\/wp.hont.hu\/wp-content\/uploads\/2024\/04\/hosok_tere.jpg\" alt=\"\" width=\"335\" height=\"443\" srcset=\"https:\/\/wp.hont.hu\/wp-content\/uploads\/2024\/04\/hosok_tere.jpg 747w, https:\/\/wp.hont.hu\/wp-content\/uploads\/2024\/04\/hosok_tere-227x300.jpg 227w, https:\/\/wp.hont.hu\/wp-content\/uploads\/2024\/04\/hosok_tere-9x12.jpg 9w, https:\/\/wp.hont.hu\/wp-content\/uploads\/2024\/04\/hosok_tere-204x270.jpg 204w\" sizes=\"auto, (max-width: 335px) 100vw, 335px\" \/><\/strong><\/p>\n<p style=\"text-align: justify;\">A polg\u00e1rmesteri hivatal k\u00f6zel\u00e9ben \u00e1ll\u00f3 eml\u00e9km\u0171 mind a k\u00e9t vil\u00e1g\u00e9g\u00e9s honti \u00e1ldozatainak eml\u00e9ket \u00e1ll\u00edt. Az I. vil\u00e1gh\u00e1bor\u00fa eml\u00e9km\u0171v\u00e9t 1938-ban &#8222;A haz\u00e1\u00e9rt elesett h\u0151s fiaink eml\u00e9k\u00e9re emelte Hont k\u00f6zs\u00e9g k\u00f6z\u00f6ns\u00e9ge&#8221;. A m\u00e1sodik vil\u00e1gh\u00e1bor\u00fa \u00e1ldozatainak n\u00e9vsor\u00e1t felsorol\u00f3 t\u00e1bl\u00e1t ugyanarra az eml\u00e9km\u0171re r\u00f6gz\u00edtett\u00e9k 1993-ban. A m\u00e1sodik vil\u00e1gh\u00e1bor\u00fanak \u00e9s egyben az 56-os forradalom eml\u00e9k\u00e9t is \u0151rzi az a fesz\u00fclet, mely ott \u00e1ll a kettes sz\u00e1m\u00fa f\u0151\u00fat ment\u00e9n, Hont k\u00f6zs\u00e9g Dr\u00e9gelypal\u00e1nk fel\u0151li bej\u00e1rat\u00e1n\u00e1l. A Szent Istv\u00e1n eml\u00e9km\u0171<\/p>\n<hr \/>\n<p style=\"text-align: center;\"><strong>Szent Istv\u00e1n Eml\u00e9km\u0171<\/strong><\/p>\n<p style=\"text-align: justify;\">A polg\u00e1rmesteri hivatal mellett, a falu k\u00f6zpontj\u00e1ban tal\u00e1lhat\u00f3 az eml\u00e9km\u0171, mely Szent Istv\u00e1nnak \u00e1ll\u00edt eml\u00e9ket. A k\u0151szikl\u00e1ba r\u00f6gz\u00edtett domborm\u0171vet 2005 augusztus\u00e1ban avatta fel a telep\u00fcl\u00e9s.<\/p>\n","protected":false},"excerpt":{"rendered":"<p>F\u00e1jdalmas Sz\u0171zanya K\u00e1polna A helyi hagyom\u00e1ny szerint a F\u00e1jdalmas Sz\u0171zanya f\u00f6lv\u00e9gi k\u00e1poln\u00e1ja hely\u00e9n \u00e1llott az egykori templom. A helyi eml\u00e9kezet szerint a k\u00f6zelben \u00e1ll\u00f3 \u00f3voda udvar\u00e1nak s\u00fcllyeszt\u00e9sekor emberi csontokat tal\u00e1ltak. A Dr\u00e9gelypal\u00e1nki pl\u00e9b\u00e1ni\u00e1n tal\u00e1lhat\u00f3 Historia Domus is azt er\u0151s\u00edti, hogy az egykori iskola &#8211; a mai \u00f3voda &#8211; mellett \u00e1llott a telep\u00fcl\u00e9s r\u00e9gi temploma. A feljegyz\u00e9sek szerint 1775-ben, az \u00faj templom \u00e9p\u00edt\u00e9sekor bontott\u00e1k le a r\u00e9git, amelynek alapfalai m\u00e9g 1818-ban is l\u00e1tszottak. A k\u00e1polna k\u00f6rny\u00e9k\u00e9t az ut\u00f3bbi korokban er\u0151sen \u00e1talak\u00edtott\u00e1k&#8230;.<\/p>\n<p class=\"read-more\"><a class=\"btn btn-default\" href=\"https:\/\/wp.hont.hu\/index.php\/epitett-ertekek\/\"> Read More<span class=\"screen-reader-text\">  Read More<\/span><\/a><\/p>\n","protected":false},"author":1,"featured_media":0,"parent":0,"menu_order":0,"comment_status":"closed","ping_status":"closed","template":"","meta":{"footnotes":""},"class_list":["post-354","page","type-page","status-publish","hentry"],"aioseo_notices":[],"_links":{"self":[{"href":"https:\/\/wp.hont.hu\/index.php\/wp-json\/wp\/v2\/pages\/354","targetHints":{"allow":["GET"]}}],"collection":[{"href":"https:\/\/wp.hont.hu\/index.php\/wp-json\/wp\/v2\/pages"}],"about":[{"href":"https:\/\/wp.hont.hu\/index.php\/wp-json\/wp\/v2\/types\/page"}],"author":[{"embeddable":true,"href":"https:\/\/wp.hont.hu\/index.php\/wp-json\/wp\/v2\/users\/1"}],"replies":[{"embeddable":true,"href":"https:\/\/wp.hont.hu\/index.php\/wp-json\/wp\/v2\/comments?post=354"}],"version-history":[{"count":22,"href":"https:\/\/wp.hont.hu\/index.php\/wp-json\/wp\/v2\/pages\/354\/revisions"}],"predecessor-version":[{"id":451,"href":"https:\/\/wp.hont.hu\/index.php\/wp-json\/wp\/v2\/pages\/354\/revisions\/451"}],"wp:attachment":[{"href":"https:\/\/wp.hont.hu\/index.php\/wp-json\/wp\/v2\/media?parent=354"}],"curies":[{"name":"wp","href":"https:\/\/api.w.org\/{rel}","templated":true}]}}