{"id":581,"date":"2025-02-05T08:35:21","date_gmt":"2025-02-05T08:35:21","guid":{"rendered":"https:\/\/wp.hont.hu\/?page_id=581"},"modified":"2025-02-28T11:24:50","modified_gmt":"2025-02-28T11:24:50","slug":"kozerdeku-adatok","status":"publish","type":"page","link":"https:\/\/wp.hont.hu\/index.php\/kozerdeku-adatok\/","title":{"rendered":"K\u00f6z\u00e9rdek\u0171 adatok"},"content":{"rendered":"<p><a href=\"https:\/\/www.kozadat.hu\/kereso\/\" target=\"_blank\" rel=\"noopener noreferrer\"><img loading=\"lazy\" decoding=\"async\" class=\"alignnone wp-image-43543 size-full\" src=\"https:\/\/wp.hont.hu\/wp-content\/uploads\/2025\/02\/kozadatkereso.png\" alt=\"\" width=\"188\" height=\"29\" \/><\/a><\/p>\n<ol style=\"list-style-type: upper-roman;\">\n<li style=\"text-align: left;\"><strong>Szervezeti, szem\u00e9lyzeti adatok<\/strong>\n<ol>\n<li style=\"list-style-type: none;\">1. <a href=\"https:\/\/wp.hont.hu\/index.php\/kozerdeku-adatok\/szervezeti-szemelyzeti-adatok-elerhetosegi-adatok\"><strong>El\u00e9rhet\u0151s\u00e9gi adatok<\/strong><\/a><\/li>\n<li style=\"list-style-type: none;\">2. <a href=\"https:\/\/wp.hont.hu\/index.php\/kozerdeku-adatok\/szervezeti-szemelyzeti-adatok-szervezeti-struktura\"><strong>Szervezeti strukt\u00fara<\/strong><\/a><\/li>\n<li style=\"list-style-type: none;\">3. <a href=\"https:\/\/wp.hont.hu\/index.php\/kozerdeku-adatok\/szervezeti-szemelyzeti-adatok-a-szervezet-vezetoje\"><strong>A szervezet vezet\u0151je<\/strong><\/a><\/li>\n<li style=\"list-style-type: none;\">4. <a href=\"https:\/\/wp.hont.hu\/index.php\/kozerdeku-adatok\/szervezeti-szemelyzeti-adatok-cimek-telefonszamok\"><strong>C\u00edmek, telefonsz\u00e1mok<\/strong><\/a><\/li>\n<li style=\"list-style-type: none;\">5. <a href=\"https:\/\/wp.hont.hu\/index.php\/kozerdeku-adatok\/szervezeti-szemelyzeti-adatok-ugyfelfogadasi-idopontok\"><strong>\u00dcgyf\u00e9lfogad\u00e1s<\/strong><\/a><\/li>\n<li style=\"list-style-type: none;\">6. <a href=\"https:\/\/wp.hont.hu\/index.php\/kozerdeku-adatok\/szervezeti-szemelyzeti-adatok-kepviselo-testulet\"><strong>K\u00e9pvisel\u0151-test\u00fclet<\/strong><\/a><\/li>\n<\/ol>\n<\/li>\n<p><\/p>\n<li style=\"text-align: left;\"><strong>Tev\u00e9kenys\u00e9gre, m\u0171k\u00f6d\u00e9sre vonatkoz\u00f3 adatok<\/strong>\n<ol>\n<li style=\"list-style-type: none; text-align: left;\">1. <strong><a href=\"https:\/\/wp.hont.hu\/index.php\/kozerdeku-adatok\/tevekenysegre-mukodesre-vonatkozo-adatok-donteshozatal-ulesek\">D\u00f6nt\u00e9shozatal, \u00fcl\u00e9sek<\/a><\/strong><\/li>\n<li style=\"list-style-type: none; text-align: left;\">2. <strong><a href=\"https:\/\/wp.hont.hu\/index.php\/kozerdeku-adatok\/tevekenysegre-mukodesre-vonatkozo-adatok-kozmuvelodesi-alapszolgaltatasok\/\">K\u00f6zm\u0171vel\u0151d\u00e9si alapszolg\u00e1ltat\u00e1sok<\/a><\/strong><\/li>\n<\/ol>\n<\/li>\n<p><\/p>\n<li style=\"text-align: left;\"><strong>Gazd\u00e1lkod\u00e1si adatok<\/strong><\/li>\n<ol>\n<li style=\"list-style-type: none; text-align: left;\">1. <a href=\"https:\/\/wp.hont.hu\/index.php\/kozerdeku-adatok\/gazdalkodasi-adatok-kozbeszerzes\"><strong>K\u00f6zbeszerz\u00e9s<\/strong><\/a><\/li>\n<\/ol>\n<\/ol>\n","protected":false},"excerpt":{"rendered":"<p>Szervezeti, szem\u00e9lyzeti adatok 1. El\u00e9rhet\u0151s\u00e9gi adatok 2. Szervezeti strukt\u00fara 3. A szervezet vezet\u0151je 4. C\u00edmek, telefonsz\u00e1mok 5. \u00dcgyf\u00e9lfogad\u00e1s 6. K\u00e9pvisel\u0151-test\u00fclet Tev\u00e9kenys\u00e9gre, m\u0171k\u00f6d\u00e9sre vonatkoz\u00f3 adatok 1. D\u00f6nt\u00e9shozatal, \u00fcl\u00e9sek 2. K\u00f6zm\u0171vel\u0151d\u00e9si alapszolg\u00e1ltat\u00e1sok Gazd\u00e1lkod\u00e1si adatok 1. K\u00f6zbeszerz\u00e9s<\/p>\n","protected":false},"author":1,"featured_media":0,"parent":0,"menu_order":0,"comment_status":"closed","ping_status":"closed","template":"","meta":{"footnotes":""},"class_list":["post-581","page","type-page","status-publish","hentry"],"aioseo_notices":[],"_links":{"self":[{"href":"https:\/\/wp.hont.hu\/index.php\/wp-json\/wp\/v2\/pages\/581","targetHints":{"allow":["GET"]}}],"collection":[{"href":"https:\/\/wp.hont.hu\/index.php\/wp-json\/wp\/v2\/pages"}],"about":[{"href":"https:\/\/wp.hont.hu\/index.php\/wp-json\/wp\/v2\/types\/page"}],"author":[{"embeddable":true,"href":"https:\/\/wp.hont.hu\/index.php\/wp-json\/wp\/v2\/users\/1"}],"replies":[{"embeddable":true,"href":"https:\/\/wp.hont.hu\/index.php\/wp-json\/wp\/v2\/comments?post=581"}],"version-history":[{"count":37,"href":"https:\/\/wp.hont.hu\/index.php\/wp-json\/wp\/v2\/pages\/581\/revisions"}],"predecessor-version":[{"id":710,"href":"https:\/\/wp.hont.hu\/index.php\/wp-json\/wp\/v2\/pages\/581\/revisions\/710"}],"wp:attachment":[{"href":"https:\/\/wp.hont.hu\/index.php\/wp-json\/wp\/v2\/media?parent=581"}],"curies":[{"name":"wp","href":"https:\/\/api.w.org\/{rel}","templated":true}]}}