{"id":599,"date":"2025-02-05T08:49:43","date_gmt":"2025-02-05T08:49:43","guid":{"rendered":"https:\/\/wp.hont.hu\/?page_id=599"},"modified":"2025-02-11T14:50:39","modified_gmt":"2025-02-11T14:50:39","slug":"szervezeti-szemelyzeti-adatok-elerhetosegi-adatok","status":"publish","type":"page","link":"https:\/\/wp.hont.hu\/index.php\/kozerdeku-adatok\/szervezeti-szemelyzeti-adatok-elerhetosegi-adatok\/","title":{"rendered":"Szervezeti, szem\u00e9lyzeti adatok"},"content":{"rendered":"<h4 style=\"text-align: center;\"><strong>1. El\u00e9rhet\u0151s\u00e9gi adatok<\/strong><\/h4>\n<p><\/p>\n<table style=\"border: solid 1px;\">\n<tbody style=\"border: solid 1px;\">\n<tr style=\"border: solid 1px;\">\n<td style=\"border: 1px solid; text-align: center;\" colspan=\"2\" bgcolor=\"#000000\"><strong>Hont K\u00f6zs\u00e9g \u00d6nkorm\u00e1nyzat\u00e1nak el\u00e9rhet\u0151s\u00e9gei<\/strong><\/td>\n<\/tr>\n<tr style=\"border: solid 1px;\">\n<td style=\"border: solid 1px;\" bgcolor=\"#2a2929\"><strong>Hivatalos n\u00e9v<\/strong><\/td>\n<td style=\"border: solid 1px;\" bgcolor=\"#2a2929\">Hont K\u00f6zs\u00e9g \u00d6nkorm\u00e1nyzata<\/td>\n<\/tr>\n<tr>\n<td style=\"border: solid 1px;\" bgcolor=\"#2a2929\"><strong>Sz\u00e9khely<\/strong><\/td>\n<td style=\"border: solid 1px;\" bgcolor=\"#2a2929\">2647 Hont, Ipoly u. 55.<\/td>\n<\/tr>\n<tr>\n<td style=\"border: solid 1px;\" bgcolor=\"#2a2929\"><strong>Postac\u00edm<\/strong><\/td>\n<td style=\"border: solid 1px;\" bgcolor=\"#2a2929\">2647 Hont, Ipoly u. 55.<\/td>\n<\/tr>\n<tr>\n<td style=\"border: solid 1px;\" bgcolor=\"#2a2929\"><strong>Telefonsz\u00e1m<\/strong><\/td>\n<td style=\"border: solid 1px;\" bgcolor=\"#2a2929\">35\/368-242 (k\u00f6zponti sz\u00e1m\/fax)<br \/>\n35\/367-455 (p\u00e9nz\u00fcgyi iroda)<\/td>\n<\/tr>\n<tr>\n<td style=\"border: solid 1px;\" bgcolor=\"#2a2929\"><strong>K\u00f6zponti elektronikus lev\u00e9lc\u00edm<\/strong><\/td>\n<td style=\"border: solid 1px;\" bgcolor=\"#2a2929\">onkormanyzat@hont.hu<\/td>\n<\/tr>\n<tr>\n<td style=\"border: solid 1px;\" bgcolor=\"#2a2929\"><strong>A honlap URL-je<\/strong><\/td>\n<td style=\"border: solid 1px;\" bgcolor=\"#2a2929\">https:\/\/hont.hu<\/td>\n<\/tr>\n<\/tbody>\n<\/table>\n<p><\/p>\n<table style=\"border: solid 1px;\">\n<tbody style=\"border: solid 1px;\">\n<tr style=\"border: solid 1px;\">\n<td style=\"border: 1px solid; text-align: center;\" colspan=\"2\" bgcolor=\"#000000\"><strong>Dr\u00e9gelypal\u00e1nki K\u00f6z\u00f6s \u00d6nkorm\u00e1nyzati Hivatal el\u00e9rhet\u0151s\u00e9gei<\/strong><\/td>\n<\/tr>\n<tr style=\"border: solid 1px;\">\n<td style=\"border: solid 1px;\" bgcolor=\"#2a2929\"><strong>Hivatalos n\u00e9v<\/strong><\/td>\n<td style=\"border: solid 1px;\" bgcolor=\"#2a2929\">Dr\u00e9gelypal\u00e1nki K\u00f6z\u00f6s \u00d6nkorm\u00e1nyzati Hivatal<\/td>\n<\/tr>\n<tr>\n<td style=\"border: solid 1px;\" bgcolor=\"#2a2929\"><strong>Sz\u00e9khely<\/strong><\/td>\n<td style=\"border: solid 1px;\" bgcolor=\"#2a2929\">2646 Dr\u00e9gelypal\u00e1nk, R\u00e1k\u00f3czi \u00fat 1.<\/td>\n<\/tr>\n<tr>\n<td style=\"border: solid 1px;\" bgcolor=\"#2a2929\"><strong>Postac\u00edm<\/strong><\/td>\n<td style=\"border: solid 1px;\" bgcolor=\"#2a2929\">2646 Dr\u00e9gelypal\u00e1nk, R\u00e1k\u00f3czi \u00fat 1.<\/td>\n<\/tr>\n<tr>\n<td style=\"border: solid 1px;\" bgcolor=\"#2a2929\"><strong>Telefonsz\u00e1m<\/strong><\/td>\n<td style=\"border: solid 1px;\" bgcolor=\"#2a2929\">35\/367-199 (k\u00f6zponti sz\u00e1m)<br \/>\n35\/367-455 (p\u00e9nz\u00fcgyi iroda)<\/td>\n<\/tr>\n<tr>\n<td style=\"border: solid 1px;\" bgcolor=\"#2a2929\"><strong>K\u00f6zponti elektronikus lev\u00e9lc\u00edm<\/strong><\/td>\n<td style=\"border: solid 1px;\" bgcolor=\"#2a2929\">jegyzo@dpkoh.hu<\/td>\n<\/tr>\n<tr>\n<td style=\"border: solid 1px;\" bgcolor=\"#2a2929\"><strong>A honlap URL-je<\/strong><\/td>\n<td style=\"border: solid 1px;\" bgcolor=\"#2a2929\">https:\/\/dregelypalank.hu<\/td>\n<\/tr>\n<\/tbody>\n<\/table>\n","protected":false},"excerpt":{"rendered":"<p>1. El\u00e9rhet\u0151s\u00e9gi adatok Hont K\u00f6zs\u00e9g \u00d6nkorm\u00e1nyzat\u00e1nak el\u00e9rhet\u0151s\u00e9gei Hivatalos n\u00e9v Hont K\u00f6zs\u00e9g \u00d6nkorm\u00e1nyzata Sz\u00e9khely 2647 Hont, Ipoly u. 55. Postac\u00edm 2647 Hont, Ipoly u. 55. Telefonsz\u00e1m 35\/368-242 (k\u00f6zponti sz\u00e1m\/fax) 35\/367-455 (p\u00e9nz\u00fcgyi iroda) K\u00f6zponti elektronikus lev\u00e9lc\u00edm onkormanyzat@hont.hu A honlap URL-je https:\/\/hont.hu Dr\u00e9gelypal\u00e1nki K\u00f6z\u00f6s \u00d6nkorm\u00e1nyzati Hivatal el\u00e9rhet\u0151s\u00e9gei Hivatalos n\u00e9v Dr\u00e9gelypal\u00e1nki K\u00f6z\u00f6s \u00d6nkorm\u00e1nyzati Hivatal Sz\u00e9khely 2646 Dr\u00e9gelypal\u00e1nk, R\u00e1k\u00f3czi \u00fat 1. Postac\u00edm 2646 Dr\u00e9gelypal\u00e1nk, R\u00e1k\u00f3czi \u00fat 1. Telefonsz\u00e1m 35\/367-199 (k\u00f6zponti sz\u00e1m) 35\/367-455 (p\u00e9nz\u00fcgyi iroda) K\u00f6zponti elektronikus lev\u00e9lc\u00edm jegyzo@dpkoh.hu A honlap URL-je https:\/\/dregelypalank.hu<\/p>\n","protected":false},"author":1,"featured_media":0,"parent":581,"menu_order":0,"comment_status":"closed","ping_status":"closed","template":"","meta":{"footnotes":""},"class_list":["post-599","page","type-page","status-publish","hentry"],"aioseo_notices":[],"_links":{"self":[{"href":"https:\/\/wp.hont.hu\/index.php\/wp-json\/wp\/v2\/pages\/599","targetHints":{"allow":["GET"]}}],"collection":[{"href":"https:\/\/wp.hont.hu\/index.php\/wp-json\/wp\/v2\/pages"}],"about":[{"href":"https:\/\/wp.hont.hu\/index.php\/wp-json\/wp\/v2\/types\/page"}],"author":[{"embeddable":true,"href":"https:\/\/wp.hont.hu\/index.php\/wp-json\/wp\/v2\/users\/1"}],"replies":[{"embeddable":true,"href":"https:\/\/wp.hont.hu\/index.php\/wp-json\/wp\/v2\/comments?post=599"}],"version-history":[{"count":22,"href":"https:\/\/wp.hont.hu\/index.php\/wp-json\/wp\/v2\/pages\/599\/revisions"}],"predecessor-version":[{"id":654,"href":"https:\/\/wp.hont.hu\/index.php\/wp-json\/wp\/v2\/pages\/599\/revisions\/654"}],"up":[{"embeddable":true,"href":"https:\/\/wp.hont.hu\/index.php\/wp-json\/wp\/v2\/pages\/581"}],"wp:attachment":[{"href":"https:\/\/wp.hont.hu\/index.php\/wp-json\/wp\/v2\/media?parent=599"}],"curies":[{"name":"wp","href":"https:\/\/api.w.org\/{rel}","templated":true}]}}