{"id":621,"date":"2025-02-05T09:50:20","date_gmt":"2025-02-05T09:50:20","guid":{"rendered":"https:\/\/wp.hont.hu\/?page_id=621"},"modified":"2025-02-11T14:50:42","modified_gmt":"2025-02-11T14:50:42","slug":"szervezeti-szemelyzeti-adatok-szervezeti-struktura","status":"publish","type":"page","link":"https:\/\/wp.hont.hu\/index.php\/kozerdeku-adatok\/szervezeti-szemelyzeti-adatok-szervezeti-struktura\/","title":{"rendered":"Szervezeti, szem\u00e9lyzeti adatok"},"content":{"rendered":"<h4 style=\"text-align: center;\"><strong>2. Szervezeti strukt\u00fara<\/strong><\/h4>\n<p><\/p>\n<p style=\"text-align: center;\"><strong>G\u00e1l Magdolna<\/strong><br \/>\npolg\u00e1rmester<br \/>\n<a href=\"mailto:polgarmester@hont.hu\" target=\"_blank\" rel=\"noopener\">polgarmester@hont.hu<\/a><br \/>\n70\/312-3137<\/p>\n<p style=\"text-align: center;\"><strong>Rod\u00e1k Andrea<\/strong><br \/>\nalpolg\u00e1rmester<br \/>\n<a href=\"mailto:rodakandrea@gmail.com\" target=\"_blank\" rel=\"noopener\">rodakandrea@gmail.com<\/a><br \/>\n70\/325-0761<\/p>\n<p style=\"text-align: center;\"><strong>Fecser Erika<\/strong><br \/>\njegyz\u0151<br \/>\n<a href=\"mailto:jegyzo@dpkoh.hu\" target=\"_blank\" rel=\"noopener\">jegyzo@dpkoh.hu<\/a><br \/>\n35\/367-199<\/p>\n<p style=\"text-align: center;\"><strong>Fedelin T\u00fcnde<\/strong><br \/>\nigazgat\u00e1si \u00fcgyint\u00e9z\u0151, anyak\u00f6nyvvezet\u0151<br \/>\n<a href=\"mailto:onkormanyzat@hont.hu\" target=\"_blank\" rel=\"noopener\">onkormanyzat@hont.hu<\/a><br \/>\n35\/368-242<\/p>\n<p style=\"text-align: center;\"><strong>Moln\u00e1r M\u00e1ria<\/strong><br \/>\np\u00e9nz\u00fcgyi \u00fcgyint\u00e9z\u0151<br \/>\n35\/367-455<\/p>\n<p style=\"text-align: center;\"><strong>Balla Mariann<\/strong><br \/>\nad\u00f3\u00fcgyi \u00fcgyint\u00e9z\u0151<br \/>\n<a href=\"mailto:ballam@dpkoh.hu\" target=\"_blank\" rel=\"noopener\">ballam@dpkoh.hu<\/a><br \/>\n35\/367-199<\/p>\n<p style=\"text-align: center;\"><strong>Urb\u00e1n G\u00e1bor<\/strong><br \/>\nfalugondnok<br \/>\n70\/504-6242<\/p>\n<p style=\"text-align: center;\"><strong>Tekn\u0151s Vikt\u00f3ria<\/strong><br \/>\nm\u0171vel\u0151d\u00e9si h\u00e1z vezet\u0151<br \/>\n<a href=\"mailto:konyvtar@hont.hu\" target=\"_blank\" rel=\"noopener\">konyvtar@hont.hu<\/a><br \/>\n30\/491-2259<\/p>\n","protected":false},"excerpt":{"rendered":"<p>2. Szervezeti strukt\u00fara G\u00e1l Magdolna polg\u00e1rmester polgarmester@hont.hu 70\/312-3137 Rod\u00e1k Andrea alpolg\u00e1rmester rodakandrea@gmail.com 70\/325-0761 Fecser Erika jegyz\u0151 jegyzo@dpkoh.hu 35\/367-199 Fedelin T\u00fcnde igazgat\u00e1si \u00fcgyint\u00e9z\u0151, anyak\u00f6nyvvezet\u0151 onkormanyzat@hont.hu 35\/368-242 Moln\u00e1r M\u00e1ria p\u00e9nz\u00fcgyi \u00fcgyint\u00e9z\u0151 35\/367-455 Balla Mariann ad\u00f3\u00fcgyi \u00fcgyint\u00e9z\u0151 ballam@dpkoh.hu 35\/367-199 Urb\u00e1n G\u00e1bor falugondnok 70\/504-6242 Tekn\u0151s Vikt\u00f3ria m\u0171vel\u0151d\u00e9si h\u00e1z vezet\u0151 konyvtar@hont.hu 30\/491-2259<\/p>\n","protected":false},"author":1,"featured_media":0,"parent":581,"menu_order":0,"comment_status":"closed","ping_status":"closed","template":"","meta":{"footnotes":""},"class_list":["post-621","page","type-page","status-publish","hentry"],"aioseo_notices":[],"_links":{"self":[{"href":"https:\/\/wp.hont.hu\/index.php\/wp-json\/wp\/v2\/pages\/621","targetHints":{"allow":["GET"]}}],"collection":[{"href":"https:\/\/wp.hont.hu\/index.php\/wp-json\/wp\/v2\/pages"}],"about":[{"href":"https:\/\/wp.hont.hu\/index.php\/wp-json\/wp\/v2\/types\/page"}],"author":[{"embeddable":true,"href":"https:\/\/wp.hont.hu\/index.php\/wp-json\/wp\/v2\/users\/1"}],"replies":[{"embeddable":true,"href":"https:\/\/wp.hont.hu\/index.php\/wp-json\/wp\/v2\/comments?post=621"}],"version-history":[{"count":2,"href":"https:\/\/wp.hont.hu\/index.php\/wp-json\/wp\/v2\/pages\/621\/revisions"}],"predecessor-version":[{"id":623,"href":"https:\/\/wp.hont.hu\/index.php\/wp-json\/wp\/v2\/pages\/621\/revisions\/623"}],"up":[{"embeddable":true,"href":"https:\/\/wp.hont.hu\/index.php\/wp-json\/wp\/v2\/pages\/581"}],"wp:attachment":[{"href":"https:\/\/wp.hont.hu\/index.php\/wp-json\/wp\/v2\/media?parent=621"}],"curies":[{"name":"wp","href":"https:\/\/api.w.org\/{rel}","templated":true}]}}