{"id":625,"date":"2025-02-05T09:55:04","date_gmt":"2025-02-05T09:55:04","guid":{"rendered":"https:\/\/wp.hont.hu\/?page_id=625"},"modified":"2025-02-11T14:50:44","modified_gmt":"2025-02-11T14:50:44","slug":"szervezeti-szemelyzeti-adatok-a-szervezet-vezetoje","status":"publish","type":"page","link":"https:\/\/wp.hont.hu\/index.php\/kozerdeku-adatok\/szervezeti-szemelyzeti-adatok-a-szervezet-vezetoje\/","title":{"rendered":"Szervezeti, szem\u00e9lyzeti adatok"},"content":{"rendered":"<h4 style=\"text-align: center;\"><strong>3. A szervezet vezet\u0151je<\/strong><\/h4>\n<p><\/p>\n<table style=\"border: solid 1px;\">\n<tbody style=\"border: solid 1px;\">\n<tr style=\"border: solid 1px;\">\n<td style=\"border: solid 1px;\" bgcolor=\"#2a2929\"><strong>Polg\u00e1rmester<\/strong><\/td>\n<td style=\"border: solid 1px;\" bgcolor=\"#2a2929\">G\u00e1l Magdolna<\/td>\n<\/tr>\n<tr>\n<td style=\"border: solid 1px;\" bgcolor=\"#2a2929\"><strong>Postac\u00edm<\/strong><\/td>\n<td style=\"border: solid 1px;\" bgcolor=\"#2a2929\">2647 Hont, Ipoly u. 55.<\/td>\n<\/tr>\n<tr>\n<td style=\"border: solid 1px;\" bgcolor=\"#2a2929\"><strong>Telefonsz\u00e1m<\/strong><\/td>\n<td style=\"border: solid 1px;\" bgcolor=\"#2a2929\">35\/368-242<\/td>\n<\/tr>\n<tr>\n<td style=\"border: solid 1px;\" bgcolor=\"#2a2929\"><strong>K\u00f6zponti elektronikus lev\u00e9lc\u00edm<\/strong><\/td>\n<td style=\"border: solid 1px;\" bgcolor=\"#2a2929\">polgarmester@hont.hu<\/td>\n<\/tr>\n<\/tbody>\n<\/table>\n","protected":false},"excerpt":{"rendered":"<p>3. A szervezet vezet\u0151je Polg\u00e1rmester G\u00e1l Magdolna Postac\u00edm 2647 Hont, Ipoly u. 55. Telefonsz\u00e1m 35\/368-242 K\u00f6zponti elektronikus lev\u00e9lc\u00edm polgarmester@hont.hu<\/p>\n","protected":false},"author":1,"featured_media":0,"parent":581,"menu_order":0,"comment_status":"closed","ping_status":"closed","template":"","meta":{"footnotes":""},"class_list":["post-625","page","type-page","status-publish","hentry"],"aioseo_notices":[],"_links":{"self":[{"href":"https:\/\/wp.hont.hu\/index.php\/wp-json\/wp\/v2\/pages\/625","targetHints":{"allow":["GET"]}}],"collection":[{"href":"https:\/\/wp.hont.hu\/index.php\/wp-json\/wp\/v2\/pages"}],"about":[{"href":"https:\/\/wp.hont.hu\/index.php\/wp-json\/wp\/v2\/types\/page"}],"author":[{"embeddable":true,"href":"https:\/\/wp.hont.hu\/index.php\/wp-json\/wp\/v2\/users\/1"}],"replies":[{"embeddable":true,"href":"https:\/\/wp.hont.hu\/index.php\/wp-json\/wp\/v2\/comments?post=625"}],"version-history":[{"count":4,"href":"https:\/\/wp.hont.hu\/index.php\/wp-json\/wp\/v2\/pages\/625\/revisions"}],"predecessor-version":[{"id":655,"href":"https:\/\/wp.hont.hu\/index.php\/wp-json\/wp\/v2\/pages\/625\/revisions\/655"}],"up":[{"embeddable":true,"href":"https:\/\/wp.hont.hu\/index.php\/wp-json\/wp\/v2\/pages\/581"}],"wp:attachment":[{"href":"https:\/\/wp.hont.hu\/index.php\/wp-json\/wp\/v2\/media?parent=625"}],"curies":[{"name":"wp","href":"https:\/\/api.w.org\/{rel}","templated":true}]}}