{"id":630,"date":"2025-02-05T09:59:24","date_gmt":"2025-02-05T09:59:24","guid":{"rendered":"https:\/\/wp.hont.hu\/?page_id=630"},"modified":"2025-02-11T14:50:45","modified_gmt":"2025-02-11T14:50:45","slug":"szervezeti-szemelyzeti-adatok-cimek-telefonszamok","status":"publish","type":"page","link":"https:\/\/wp.hont.hu\/index.php\/kozerdeku-adatok\/szervezeti-szemelyzeti-adatok-cimek-telefonszamok\/","title":{"rendered":"Szervezeti, szem\u00e9lyzeti adatok"},"content":{"rendered":"<h4 style=\"text-align: center;\"><strong>4. Hont K\u00f6zs\u00e9g \u00d6nkorm\u00e1nyzata szervezeti egys\u00e9geinek el\u00e9rhet\u0151s\u00e9gei<\/strong><\/h4>\n<p><\/p>\n<table style=\"border: solid 1px;\">\n<tbody style=\"border: solid 1px;\">\n<tr style=\"border: solid 1px;\">\n<td style=\"border: solid 1px;\" bgcolor=\"#2a2929\"><b>Postac\u00edm<\/b><\/td>\n<td style=\"border: solid 1px;\" bgcolor=\"#2a2929\">2647 Hont, Ipoly u. 55.<\/td>\n<\/tr>\n<tr>\n<td style=\"border: solid 1px;\" bgcolor=\"#2a2929\"><b>Telefonsz\u00e1m<\/b><\/td>\n<td style=\"border: solid 1px;\" bgcolor=\"#2a2929\">35\/368-242<\/td>\n<\/tr>\n<tr>\n<td style=\"border: solid 1px;\" bgcolor=\"#2a2929\"><b>K\u00f6zponti elektronikus lev\u00e9lc\u00edm<\/b><\/td>\n<td style=\"border: solid 1px;\" bgcolor=\"#2a2929\">onkormanyzat@hont.hu<\/td>\n<\/tr>\n<\/tbody>\n<\/table>\n<p><\/p>\n<table style=\"border: solid 1px;\">\n<tbody style=\"border: solid 1px;\">\n<tr style=\"border: solid 1px;\">\n<td style=\"border: 1px solid; text-align: left;\" bgcolor=\"#000000\"><b>N\u00e9v<\/b><\/td>\n<td style=\"border: 1px solid; text-align: left;\" bgcolor=\"#000000\"><strong>Telefonsz\u00e1m<\/strong><\/td>\n<td style=\"border: 1px solid; text-align: left;\" bgcolor=\"#000000\"><strong>Email<\/strong><\/td>\n<\/tr>\n<tr>\n<td style=\"border: solid 1px;\" bgcolor=\"#2a2929\"><strong>G\u00e1l Magdolna<br \/>\n<\/strong>polg\u00e1rmester<\/td>\n<td style=\"border: solid 1px; vertical-align: middle;\" bgcolor=\"#2a2929\">35\/368-242<\/td>\n<td style=\"border: solid 1px; vertical-align: middle;\" bgcolor=\"#2a2929\">polgarmester@hont.hu<\/td>\n<\/tr>\n<tr>\n<td style=\"border: solid 1px;\" bgcolor=\"#2a2929\"><strong>Fecser Erika<\/strong><br \/>\njegyz\u0151<\/td>\n<td style=\"border: solid 1px; vertical-align: middle;\" bgcolor=\"#2a2929\">35\/367-199<\/td>\n<td style=\"border: solid 1px; vertical-align: middle;\" bgcolor=\"#2a2929\">jegyzo@dpkoh.hu<\/td>\n<\/tr>\n<tr>\n<td style=\"border: 1px solid; text-align: center;\" colspan=\"3\" bgcolor=\"#000000\"><strong>Igazgat\u00e1s<\/strong><\/td>\n<\/tr>\n<tr>\n<td style=\"border: solid 1px;\" bgcolor=\"#2a2929\"><strong>Fedelin T\u00fcnde<br \/>\n<\/strong>igazgat\u00e1si \u00fcgyint\u00e9z\u0151, anyak\u00f6nyvvezet\u0151<\/td>\n<td style=\"border: solid 1px; vertical-align: middle;\" bgcolor=\"#2a2929\">35\/368-242<\/td>\n<td style=\"border: solid 1px; vertical-align: middle;\" bgcolor=\"#2a2929\">onkormanyzat@hont.hu<\/td>\n<\/tr>\n<tr>\n<td style=\"border: 1px solid; text-align: center;\" colspan=\"3\" bgcolor=\"#000000\"><strong>P\u00e9nz\u00fcgy<\/strong><\/td>\n<\/tr>\n<tr>\n<td style=\"border: solid 1px;\" bgcolor=\"#2a2929\"><strong>Moln\u00e1r M\u00e1ria<br \/>\n<\/strong>p\u00e9nz\u00fcgyi \u00fcgyint\u00e9z\u0151<\/td>\n<td style=\"border: solid 1px; vertical-align: middle;\" bgcolor=\"#2a2929\">35-367\/455<\/td>\n<td style=\"border: solid 1px;\" bgcolor=\"#2a2929\"><\/td>\n<\/tr>\n<tr>\n<td style=\"border: 1px solid; text-align: center;\" colspan=\"3\" bgcolor=\"#000000\"><strong>Ad\u00f3\u00fcgy<\/strong><\/td>\n<\/tr>\n<tr>\n<td style=\"border: solid 1px;\" bgcolor=\"#2a2929\"><strong>Balla Mariann<br \/>\n<\/strong>ad\u00f3\u00fcgyi \u00fcgyint\u00e9z\u0151<\/td>\n<td style=\"border: solid 1px; vertical-align: middle;\" bgcolor=\"#2a2929\">35\/367-199<\/td>\n<td style=\"border: solid 1px; vertical-align: middle;\" bgcolor=\"#2a2929\">ballam@dpkoh.hu<\/td>\n<\/tr>\n<tr>\n<td style=\"border: 1px solid; text-align: center;\" colspan=\"3\" bgcolor=\"#000000\"><strong>Falugondnoki szolg\u00e1lat<\/strong><\/td>\n<\/tr>\n<tr>\n<td style=\"border: solid 1px;\" bgcolor=\"#2a2929\"><strong>Urb\u00e1n G\u00e1bor<br \/>\n<\/strong>falugondnok<\/td>\n<td style=\"border: solid 1px; vertical-align: middle;\" bgcolor=\"#2a2929\">70\/504-6242<\/td>\n<td style=\"border: solid 1px; vertical-align: middle;\" bgcolor=\"#2a2929\"><\/td>\n<\/tr>\n<tr>\n<td style=\"border: 1px solid; text-align: center;\" colspan=\"3\" bgcolor=\"#000000\"><strong>M\u0171vel\u0151d\u00e9si H\u00e1z, K\u00f6nyvt\u00e1r<\/strong><\/td>\n<\/tr>\n<tr>\n<td style=\"border: solid 1px;\" bgcolor=\"#2a2929\"><strong>Tekn\u0151s Vikt\u00f3ria<br \/>\n<\/strong>m\u0171vel\u0151d\u00e9si h\u00e1z vezet\u0151<\/td>\n<td style=\"border: solid 1px; vertical-align: middle;\" bgcolor=\"#2a2929\">30\/491-2259<\/td>\n<td style=\"border: solid 1px; vertical-align: middle;\" bgcolor=\"#2a2929\">konyvtar@hont.hu<\/td>\n<\/tr>\n<\/tbody>\n<\/table>\n","protected":false},"excerpt":{"rendered":"<p>4. Hont K\u00f6zs\u00e9g \u00d6nkorm\u00e1nyzata szervezeti egys\u00e9geinek el\u00e9rhet\u0151s\u00e9gei Postac\u00edm 2647 Hont, Ipoly u. 55. Telefonsz\u00e1m 35\/368-242 K\u00f6zponti elektronikus lev\u00e9lc\u00edm onkormanyzat@hont.hu N\u00e9v Telefonsz\u00e1m Email G\u00e1l Magdolna polg\u00e1rmester 35\/368-242 polgarmester@hont.hu Fecser Erika jegyz\u0151 35\/367-199 jegyzo@dpkoh.hu Igazgat\u00e1s Fedelin T\u00fcnde igazgat\u00e1si \u00fcgyint\u00e9z\u0151, anyak\u00f6nyvvezet\u0151 35\/368-242 onkormanyzat@hont.hu P\u00e9nz\u00fcgy Moln\u00e1r M\u00e1ria p\u00e9nz\u00fcgyi \u00fcgyint\u00e9z\u0151 35-367\/455 Ad\u00f3\u00fcgy Balla Mariann ad\u00f3\u00fcgyi \u00fcgyint\u00e9z\u0151 35\/367-199 ballam@dpkoh.hu Falugondnoki szolg\u00e1lat Urb\u00e1n G\u00e1bor falugondnok 70\/504-6242 M\u0171vel\u0151d\u00e9si H\u00e1z, K\u00f6nyvt\u00e1r Tekn\u0151s Vikt\u00f3ria m\u0171vel\u0151d\u00e9si h\u00e1z vezet\u0151 30\/491-2259 konyvtar@hont.hu<\/p>\n","protected":false},"author":1,"featured_media":0,"parent":581,"menu_order":0,"comment_status":"closed","ping_status":"closed","template":"","meta":{"footnotes":""},"class_list":["post-630","page","type-page","status-publish","hentry"],"aioseo_notices":[],"_links":{"self":[{"href":"https:\/\/wp.hont.hu\/index.php\/wp-json\/wp\/v2\/pages\/630","targetHints":{"allow":["GET"]}}],"collection":[{"href":"https:\/\/wp.hont.hu\/index.php\/wp-json\/wp\/v2\/pages"}],"about":[{"href":"https:\/\/wp.hont.hu\/index.php\/wp-json\/wp\/v2\/types\/page"}],"author":[{"embeddable":true,"href":"https:\/\/wp.hont.hu\/index.php\/wp-json\/wp\/v2\/users\/1"}],"replies":[{"embeddable":true,"href":"https:\/\/wp.hont.hu\/index.php\/wp-json\/wp\/v2\/comments?post=630"}],"version-history":[{"count":16,"href":"https:\/\/wp.hont.hu\/index.php\/wp-json\/wp\/v2\/pages\/630\/revisions"}],"predecessor-version":[{"id":657,"href":"https:\/\/wp.hont.hu\/index.php\/wp-json\/wp\/v2\/pages\/630\/revisions\/657"}],"up":[{"embeddable":true,"href":"https:\/\/wp.hont.hu\/index.php\/wp-json\/wp\/v2\/pages\/581"}],"wp:attachment":[{"href":"https:\/\/wp.hont.hu\/index.php\/wp-json\/wp\/v2\/media?parent=630"}],"curies":[{"name":"wp","href":"https:\/\/api.w.org\/{rel}","templated":true}]}}