{"id":668,"date":"2025-02-07T07:43:47","date_gmt":"2025-02-07T07:43:47","guid":{"rendered":"https:\/\/wp.hont.hu\/?page_id=668"},"modified":"2025-02-11T14:50:49","modified_gmt":"2025-02-11T14:50:49","slug":"szervezeti-szemelyzeti-adatok-kepviselo-testulet","status":"publish","type":"page","link":"https:\/\/wp.hont.hu\/index.php\/kozerdeku-adatok\/szervezeti-szemelyzeti-adatok-kepviselo-testulet\/","title":{"rendered":"Szervezeti, szem\u00e9lyzeti adatok"},"content":{"rendered":"<h4 style=\"text-align: center;\"><strong>6. K\u00e9pvisel\u0151-test\u00fclet<\/strong><\/h4>\n<p><\/p>\n<table style=\"border: solid 1px;\">\n<tbody style=\"border: solid 1px;\">\n<tr style=\"border: solid 1px;\">\n<td style=\"border: 1px solid; text-align: left;\" bgcolor=\"#000000\"><strong>N\u00e9v<\/strong><\/td>\n<td style=\"border: 1px solid; text-align: left;\" bgcolor=\"#000000\"><strong>Beoszt\u00e1s<\/strong><\/td>\n<\/tr>\n<tr style=\"border: solid 1px;\">\n<td style=\"border: solid 1px;\" bgcolor=\"#2a2929\"><strong>G\u00e1l Magdolna<\/strong><\/td>\n<td style=\"border: solid 1px;\" bgcolor=\"#2a2929\">polg\u00e1rmester<\/td>\n<\/tr>\n<tr>\n<td style=\"border: solid 1px;\" bgcolor=\"#2a2929\"><strong>Rod\u00e1k Andrea<\/strong><\/td>\n<td style=\"border: solid 1px;\" bgcolor=\"#2a2929\">k\u00e9pvisel\u0151, alpolg\u00e1rmester<\/td>\n<\/tr>\n<tr>\n<td style=\"border: solid 1px;\" bgcolor=\"#2a2929\"><strong>Chik\u00e1n P\u00e9ter<\/strong><\/td>\n<td style=\"border: solid 1px;\" bgcolor=\"#2a2929\">k\u00e9pvisel\u0151<\/td>\n<\/tr>\n<tr>\n<td style=\"border: solid 1px;\" bgcolor=\"#2a2929\"><strong>Hidv\u00e9gi Attila<\/strong><\/td>\n<td style=\"border: solid 1px;\" bgcolor=\"#2a2929\">k\u00e9pvisel\u0151<\/td>\n<\/tr>\n<tr>\n<td style=\"border: solid 1px;\" bgcolor=\"#2a2929\"><strong>Tekn\u0151s Vikt\u00f3ria<\/strong><\/td>\n<td style=\"border: solid 1px;\" bgcolor=\"#2a2929\">k\u00e9pvisel\u0151<\/td>\n<\/tr>\n<\/tbody>\n<\/table>\n","protected":false},"excerpt":{"rendered":"<p>6. K\u00e9pvisel\u0151-test\u00fclet N\u00e9v Beoszt\u00e1s G\u00e1l Magdolna polg\u00e1rmester Rod\u00e1k Andrea k\u00e9pvisel\u0151, alpolg\u00e1rmester Chik\u00e1n P\u00e9ter k\u00e9pvisel\u0151 Hidv\u00e9gi Attila k\u00e9pvisel\u0151 Tekn\u0151s Vikt\u00f3ria k\u00e9pvisel\u0151<\/p>\n","protected":false},"author":1,"featured_media":0,"parent":581,"menu_order":0,"comment_status":"closed","ping_status":"closed","template":"","meta":{"footnotes":""},"class_list":["post-668","page","type-page","status-publish","hentry"],"aioseo_notices":[],"_links":{"self":[{"href":"https:\/\/wp.hont.hu\/index.php\/wp-json\/wp\/v2\/pages\/668","targetHints":{"allow":["GET"]}}],"collection":[{"href":"https:\/\/wp.hont.hu\/index.php\/wp-json\/wp\/v2\/pages"}],"about":[{"href":"https:\/\/wp.hont.hu\/index.php\/wp-json\/wp\/v2\/types\/page"}],"author":[{"embeddable":true,"href":"https:\/\/wp.hont.hu\/index.php\/wp-json\/wp\/v2\/users\/1"}],"replies":[{"embeddable":true,"href":"https:\/\/wp.hont.hu\/index.php\/wp-json\/wp\/v2\/comments?post=668"}],"version-history":[{"count":2,"href":"https:\/\/wp.hont.hu\/index.php\/wp-json\/wp\/v2\/pages\/668\/revisions"}],"predecessor-version":[{"id":670,"href":"https:\/\/wp.hont.hu\/index.php\/wp-json\/wp\/v2\/pages\/668\/revisions\/670"}],"up":[{"embeddable":true,"href":"https:\/\/wp.hont.hu\/index.php\/wp-json\/wp\/v2\/pages\/581"}],"wp:attachment":[{"href":"https:\/\/wp.hont.hu\/index.php\/wp-json\/wp\/v2\/media?parent=668"}],"curies":[{"name":"wp","href":"https:\/\/api.w.org\/{rel}","templated":true}]}}