{"id":684,"date":"2025-02-28T09:29:41","date_gmt":"2025-02-28T09:29:41","guid":{"rendered":"https:\/\/wp.hont.hu\/?page_id=684"},"modified":"2026-03-24T10:45:56","modified_gmt":"2026-03-24T10:45:56","slug":"gazdalkodasi-adatok-kozbeszerzes","status":"publish","type":"page","link":"https:\/\/wp.hont.hu\/index.php\/kozerdeku-adatok\/gazdalkodasi-adatok-kozbeszerzes\/","title":{"rendered":"Gazd\u00e1lkod\u00e1si adatok"},"content":{"rendered":"<h4 style=\"text-align: center;\"><strong>1. K\u00f6zbeszerz\u00e9s<\/strong><\/h4>\n<p style=\"text-align: center;\">K\u00f6zbeszerz\u00e9si inform\u00e1ci\u00f3k: \u00e9ves terv, \u00f6sszegz\u00e9s az aj\u00e1nlatok elb\u00edr\u00e1l\u00e1s\u00e1r\u00f3l, a megk\u00f6t\u00f6tt szerz\u0151d\u00e9sekr\u0151l, az \u00e9ves terv k\u00f6zvetlen el\u00e9r\u00e9s\u00e9nek biztos\u00edt\u00e1s\u00e1val.<\/p>\n<table style=\"border: solid 1px;\">\n<tbody style=\"border: solid 1px;\">\n<tr style=\"border: solid 1px;\">\n<td style=\"border: solid 1px;\" bgcolor=\"#000000\"><strong>\u00c9v<\/strong><\/td>\n<td style=\"border: solid 1px;\" bgcolor=\"#000000\"><strong>Dokumentumok<\/strong><\/td>\n<\/tr>\n<tr>\n<td style=\"border: solid 1px;\" bgcolor=\"#2a2929\"><strong>2026<\/strong><\/td>\n<td style=\"border: solid 1px;\" bgcolor=\"#2a2929\"><strong><a href=\"https:\/\/wp.hont.hu\/wp-content\/uploads\/2026\/03\/hont_kozbeszerzesi_terv_2026.pdf\" target=\"_blank\" rel=\"noopener\">Hont K\u00f6zs\u00e9g \u00d6nkorm\u00e1nyzata 2026. \u00e9vi k\u00f6zbeszerz\u00e9si terve<\/a><\/strong><\/td>\n<\/tr>\n<tr>\n<td style=\"border: solid 1px;\" bgcolor=\"#2a2929\"><strong>2025<\/strong><\/td>\n<td style=\"border: solid 1px;\" bgcolor=\"#2a2929\"><strong><a href=\"https:\/\/wp.hont.hu\/wp-content\/uploads\/2025\/03\/2025_kozbeszerzesi_terv_hont.pdf\" target=\"_blank\" rel=\"noopener\">Hont K\u00f6zs\u00e9g \u00d6nkorm\u00e1nyzata 2025. \u00e9vi k\u00f6zbeszerz\u00e9si terve<\/a><\/strong><\/td>\n<\/tr>\n<\/tbody>\n<\/table>\n","protected":false},"excerpt":{"rendered":"<p>1. K\u00f6zbeszerz\u00e9s K\u00f6zbeszerz\u00e9si inform\u00e1ci\u00f3k: \u00e9ves terv, \u00f6sszegz\u00e9s az aj\u00e1nlatok elb\u00edr\u00e1l\u00e1s\u00e1r\u00f3l, a megk\u00f6t\u00f6tt szerz\u0151d\u00e9sekr\u0151l, az \u00e9ves terv k\u00f6zvetlen el\u00e9r\u00e9s\u00e9nek biztos\u00edt\u00e1s\u00e1val. \u00c9v Dokumentumok 2026 Hont K\u00f6zs\u00e9g \u00d6nkorm\u00e1nyzata 2026. \u00e9vi k\u00f6zbeszerz\u00e9si terve 2025 Hont K\u00f6zs\u00e9g \u00d6nkorm\u00e1nyzata 2025. \u00e9vi k\u00f6zbeszerz\u00e9si terve<\/p>\n","protected":false},"author":1,"featured_media":0,"parent":581,"menu_order":0,"comment_status":"closed","ping_status":"closed","template":"","meta":{"footnotes":""},"class_list":["post-684","page","type-page","status-publish","hentry"],"aioseo_notices":[],"_links":{"self":[{"href":"https:\/\/wp.hont.hu\/index.php\/wp-json\/wp\/v2\/pages\/684","targetHints":{"allow":["GET"]}}],"collection":[{"href":"https:\/\/wp.hont.hu\/index.php\/wp-json\/wp\/v2\/pages"}],"about":[{"href":"https:\/\/wp.hont.hu\/index.php\/wp-json\/wp\/v2\/types\/page"}],"author":[{"embeddable":true,"href":"https:\/\/wp.hont.hu\/index.php\/wp-json\/wp\/v2\/users\/1"}],"replies":[{"embeddable":true,"href":"https:\/\/wp.hont.hu\/index.php\/wp-json\/wp\/v2\/comments?post=684"}],"version-history":[{"count":13,"href":"https:\/\/wp.hont.hu\/index.php\/wp-json\/wp\/v2\/pages\/684\/revisions"}],"predecessor-version":[{"id":919,"href":"https:\/\/wp.hont.hu\/index.php\/wp-json\/wp\/v2\/pages\/684\/revisions\/919"}],"up":[{"embeddable":true,"href":"https:\/\/wp.hont.hu\/index.php\/wp-json\/wp\/v2\/pages\/581"}],"wp:attachment":[{"href":"https:\/\/wp.hont.hu\/index.php\/wp-json\/wp\/v2\/media?parent=684"}],"curies":[{"name":"wp","href":"https:\/\/api.w.org\/{rel}","templated":true}]}}