{"id":699,"date":"2025-02-28T11:10:28","date_gmt":"2025-02-28T11:10:28","guid":{"rendered":"https:\/\/wp.hont.hu\/?page_id=699"},"modified":"2026-04-16T12:41:16","modified_gmt":"2026-04-16T12:41:16","slug":"tevekenysegre-mukodesre-vonatkozo-adatok-donteshozatal-ulesek","status":"publish","type":"page","link":"https:\/\/wp.hont.hu\/index.php\/kozerdeku-adatok\/tevekenysegre-mukodesre-vonatkozo-adatok-donteshozatal-ulesek\/","title":{"rendered":"Tev\u00e9kenys\u00e9gre, m\u0171k\u00f6d\u00e9sre vonatkoz\u00f3 adatok"},"content":{"rendered":"<h4 style=\"text-align: center;\"><strong>1. D\u00f6nt\u00e9shozatal, \u00fcl\u00e9sek<\/strong><\/h4>\n<p>&nbsp;<\/p>\n<table style=\"border: solid 1px;\">\n<tbody style=\"border: solid 1px;\">\n<tr style=\"border: solid 1px;\">\n<td style=\"border: 1px solid; text-align: center;\" colspan=\"2\" bgcolor=\"#000000\"><strong>K\u00e9pvisel\u0151-test\u00fclet munkatervei<\/strong><\/td>\n<\/tr>\n<tr>\n<td style=\"border: solid 1px;\" bgcolor=\"#2a2929\"><strong>2026<\/strong><\/td>\n<td style=\"border: solid 1px;\" bgcolor=\"#2a2929\"><strong><a href=\"https:\/\/wp.hont.hu\/wp-content\/uploads\/2026\/03\/hont_munkaterv_2026.pdf\" target=\"_blank\" rel=\"noopener\">Hont K\u00f6zs\u00e9g \u00d6nkorm\u00e1nyzata K\u00e9pvisel\u0151-test\u00fclet\u00e9nek 2026. \u00e9vi munkaterve<\/a><\/strong><\/td>\n<\/tr>\n<tr>\n<td style=\"border: solid 1px;\" bgcolor=\"#2a2929\"><strong>2025<\/strong><\/td>\n<td style=\"border: solid 1px;\" bgcolor=\"#2a2929\"><strong><a href=\"https:\/\/wp.hont.hu\/wp-content\/uploads\/2025\/03\/2025_munkaterv_hont.pdf\" target=\"_blank\" rel=\"noopener\">Hont K\u00f6zs\u00e9g \u00d6nkorm\u00e1nyzata K\u00e9pvisel\u0151-test\u00fclet\u00e9nek 2025. \u00e9vi munkaterve<\/a><\/strong><\/td>\n<\/tr>\n<\/tbody>\n<\/table>\n<p>&nbsp;<\/p>\n<table style=\"border: solid 1px;\">\n<tbody style=\"border: solid 1px;\">\n<tr style=\"border: solid 1px;\">\n<td style=\"border: 1px solid; text-align: center;\" colspan=\"2\" bgcolor=\"#000000\"><strong>K\u00f6zmeghallgat\u00e1sok\u00a0 jegyz\u0151k\u00f6nyvei<\/strong><\/td>\n<\/tr>\n<tr>\n<td style=\"border: solid 1px;\" bgcolor=\"#2a2929\"><strong>2025<\/strong><\/td>\n<td style=\"border: solid 1px;\" bgcolor=\"#2a2929\"><a href=\"https:\/\/wp.hont.hu\/wp-content\/uploads\/2025\/12\/20251119_kozmeghallgatas_jegyzokonyv_hont.pdf\" target=\"_blank\" rel=\"noopener\"><strong>Jegyz\u0151k\u00f6nyv Hont K\u00f6zs\u00e9g \u00d6nkorm\u00e1nyzata K\u00e9pvisel\u0151-test\u00fclet\u00e9nek<br \/>\n2025. november 19-\u00e9n tartott k\u00f6zmeghallgat\u00e1s\u00e1r\u00f3l<\/strong><\/a><\/td>\n<\/tr>\n<\/tbody>\n<\/table>\n<p>&nbsp;<\/p>\n<table style=\"border: solid 1px;\">\n<tbody style=\"border: solid 1px;\">\n<tr style=\"border: solid 1px;\">\n<td style=\"border: 1px solid; text-align: center;\" colspan=\"2\" bgcolor=\"#000000\"><strong>K\u00e9pvisel\u0151-test\u00fclet \u00fcl\u00e9seinek jegyz\u0151k\u00f6nyvei<\/strong><\/td>\n<\/tr>\n<tr>\n<td style=\"border: solid 1px;\" bgcolor=\"#2a2929\"><strong>2026<\/strong><\/td>\n<td style=\"border: solid 1px;\" bgcolor=\"#2a2929\"><a href=\"https:\/\/wp.hont.hu\/wp-content\/uploads\/2026\/04\/20260317_testuleti_jegyzokonyv_hont.pdf\" target=\"_blank\" rel=\"noopener\"><strong>Jegyz\u0151k\u00f6nyv Hont K\u00f6zs\u00e9g \u00d6nkorm\u00e1nyzata K\u00e9pvisel\u0151-test\u00fclet\u00e9nek<\/strong><strong><br \/>\n2026. m\u00e1rcius 17-\u00e9n tartott nyilv\u00e1nos \u00fcl\u00e9s\u00e9r\u0151l<\/strong><\/a><\/td>\n<\/tr>\n<tr>\n<td style=\"border: solid 1px;\" bgcolor=\"#2a2929\"><strong>2026<\/strong><\/td>\n<td style=\"border: solid 1px;\" bgcolor=\"#2a2929\"><a href=\"https:\/\/wp.hont.hu\/wp-content\/uploads\/2026\/02\/20260202_testuleti_jegyzokonyv_hont.pdf\" target=\"_blank\" rel=\"noopener\"><strong>Jegyz\u0151k\u00f6nyv Hont K\u00f6zs\u00e9g \u00d6nkorm\u00e1nyzata K\u00e9pvisel\u0151-test\u00fclet\u00e9nek<br \/>\n2026. febru\u00e1r 2-\u00e1n tartott nyilv\u00e1nos \u00fcl\u00e9s\u00e9r\u0151l<\/strong><\/a><\/td>\n<\/tr>\n<tr>\n<td style=\"border: solid 1px;\" bgcolor=\"#2a2929\"><strong>2026<\/strong><\/td>\n<td style=\"border: solid 1px;\" bgcolor=\"#2a2929\"><a href=\"https:\/\/wp.hont.hu\/wp-content\/uploads\/2026\/02\/20260130_testuleti_jegyzokonyv_hont.pdf\" target=\"_blank\" rel=\"noopener\"><strong>Jegyz\u0151k\u00f6nyv Hont K\u00f6zs\u00e9g \u00d6nkorm\u00e1nyzata K\u00e9pvisel\u0151-test\u00fclet\u00e9nek<br \/>\n2026. janu\u00e1r 30-\u00e1n tartott rendk\u00edv\u00fcli nyilv\u00e1nos \u00fcl\u00e9s\u00e9r\u0151l<\/strong><\/a><\/td>\n<\/tr>\n<tr>\n<td style=\"border: solid 1px;\" bgcolor=\"#2a2929\"><strong>2025<\/strong><\/td>\n<td style=\"border: solid 1px;\" bgcolor=\"#2a2929\"><a href=\"https:\/\/wp.hont.hu\/wp-content\/uploads\/2026\/01\/20251201_testuleti_jegyzokonyv_hont.pdf\" target=\"_blank\" rel=\"noopener\"><strong>Jegyz\u0151k\u00f6nyv Hont K\u00f6zs\u00e9g \u00d6nkorm\u00e1nyzata K\u00e9pvisel\u0151-test\u00fclet\u00e9nek<br \/>\n2025. december 1-\u00e9n tartott nyilv\u00e1nos \u00fcl\u00e9s\u00e9r\u0151l<\/strong><\/a><\/td>\n<\/tr>\n<tr>\n<td style=\"border: solid 1px;\" bgcolor=\"#2a2929\"><strong>2025<\/strong><\/td>\n<td style=\"border: solid 1px;\" bgcolor=\"#2a2929\"><a href=\"https:\/\/wp.hont.hu\/wp-content\/uploads\/2025\/11\/20251029_testuleti_jegyzokonyv_hont.pdf\" target=\"_blank\" rel=\"noopener\"><strong>Jegyz\u0151k\u00f6nyv Hont K\u00f6zs\u00e9g \u00d6nkorm\u00e1nyzata K\u00e9pvisel\u0151-test\u00fclet\u00e9nek<br \/>\n2025. okt\u00f3ber 29-\u00e9n tartott nyilv\u00e1nos \u00fcl\u00e9s\u00e9r\u0151l<\/strong><\/a><\/td>\n<\/tr>\n<tr>\n<td style=\"border: solid 1px;\" bgcolor=\"#2a2929\"><strong>2025<\/strong><\/td>\n<td style=\"border: solid 1px;\" bgcolor=\"#2a2929\"><a href=\"https:\/\/wp.hont.hu\/wp-content\/uploads\/2025\/10\/20250930_jegyzokony_hont.pdf\" target=\"_blank\" rel=\"noopener\"><strong>Jegyz\u0151k\u00f6nyv Hont K\u00f6zs\u00e9g \u00d6nkorm\u00e1nyzata K\u00e9pvisel\u0151-test\u00fclet\u00e9nek<br \/>\n2025. szeptember 30-\u00e1n tartott rendk\u00edv\u00fcli nyilv\u00e1nos \u00fcl\u00e9s\u00e9r\u0151l<\/strong><\/a><\/td>\n<\/tr>\n<tr>\n<td style=\"border: solid 1px;\" bgcolor=\"#2a2929\"><strong>2025<\/strong><\/td>\n<td style=\"border: solid 1px;\" bgcolor=\"#2a2929\"><a href=\"https:\/\/wp.hont.hu\/wp-content\/uploads\/2025\/10\/20250918_testuleti_jegyzokonyv_hont.pdf\" target=\"_blank\" rel=\"noopener\"><strong>Jegyz\u0151k\u00f6nyv Hont K\u00f6zs\u00e9g \u00d6nkorm\u00e1nyzata K\u00e9pvisel\u0151-test\u00fclet\u00e9nek<br \/>\n2025. szeptember 18-\u00e1n tartott nyilv\u00e1nos \u00fcl\u00e9s\u00e9r\u0151l<\/strong><\/a><\/td>\n<\/tr>\n<tr>\n<td style=\"border: solid 1px;\" bgcolor=\"#2a2929\"><strong>2025<\/strong><\/td>\n<td style=\"border: solid 1px;\" bgcolor=\"#2a2929\"><a href=\"https:\/\/wp.hont.hu\/wp-content\/uploads\/2025\/10\/20250716_testuleti_jegyzokonyv_hont.pdf\" target=\"_blank\" rel=\"noopener\"><strong>Jegyz\u0151k\u00f6nyv Hont K\u00f6zs\u00e9g \u00d6nkorm\u00e1nyzata K\u00e9pvisel\u0151-test\u00fclet\u00e9nek<br \/>\n2025. j\u00falius 16-\u00e1n tartott nyilv\u00e1nos \u00fcl\u00e9s\u00e9r\u0151l<\/strong><\/a><\/td>\n<\/tr>\n<tr>\n<td style=\"border: solid 1px;\" bgcolor=\"#2a2929\"><strong>2025<\/strong><\/td>\n<td style=\"border: solid 1px;\" bgcolor=\"#2a2929\"><a href=\"https:\/\/wp.hont.hu\/wp-content\/uploads\/2025\/06\/20250512_testuleti_jegyzokonyv_hont.pdf\" target=\"_blank\" rel=\"noopener\"><strong>Jegyz\u0151k\u00f6nyv Hont K\u00f6zs\u00e9g \u00d6nkorm\u00e1nyzata K\u00e9pvisel\u0151-test\u00fclet\u00e9nek<br \/>\n2025. m\u00e1jus 12-\u00e9n tartott nyilv\u00e1nos \u00fcl\u00e9s\u00e9r\u0151l<\/strong><\/a><\/td>\n<\/tr>\n<tr>\n<td style=\"border: solid 1px;\" bgcolor=\"#2a2929\"><strong>2025<\/strong><\/td>\n<td style=\"border: solid 1px;\" bgcolor=\"#2a2929\"><a href=\"https:\/\/wp.hont.hu\/wp-content\/uploads\/2025\/04\/20250327_testuleti_jegyzokonyv_hont.pdf\" target=\"_blank\" rel=\"noopener\"><strong>Jegyz\u0151k\u00f6nyv Hont K\u00f6zs\u00e9g \u00d6nkorm\u00e1nyzata K\u00e9pvisel\u0151-test\u00fclet\u00e9nek<br \/>\n2025. m\u00e1rcius 27-\u00e9n tartott nyilv\u00e1nos \u00fcl\u00e9s\u00e9r\u0151l<\/strong><\/a><\/td>\n<\/tr>\n<tr>\n<td style=\"border: solid 1px;\" bgcolor=\"#2a2929\"><strong>2025<\/strong><\/td>\n<td style=\"border: solid 1px;\" bgcolor=\"#2a2929\"><strong><a href=\"https:\/\/wp.hont.hu\/wp-content\/uploads\/2025\/03\/20250212_testuleti_jegyzokonyv_hont.pdf\" target=\"_blank\" rel=\"noopener\">Jegyz\u0151k\u00f6nyv Hont K\u00f6zs\u00e9g \u00d6nkorm\u00e1nyzata K\u00e9pvisel\u0151-test\u00fclet\u00e9nek<br \/>\n2025. febru\u00e1r 12-\u00e9n tartott nyilv\u00e1nos \u00fcl\u00e9s\u00e9r\u0151l<\/a><\/strong><\/td>\n<\/tr>\n<\/tbody>\n<\/table>\n","protected":false},"excerpt":{"rendered":"<p>1. D\u00f6nt\u00e9shozatal, \u00fcl\u00e9sek &nbsp; K\u00e9pvisel\u0151-test\u00fclet munkatervei 2026 Hont K\u00f6zs\u00e9g \u00d6nkorm\u00e1nyzata K\u00e9pvisel\u0151-test\u00fclet\u00e9nek 2026. \u00e9vi munkaterve 2025 Hont K\u00f6zs\u00e9g \u00d6nkorm\u00e1nyzata K\u00e9pvisel\u0151-test\u00fclet\u00e9nek 2025. \u00e9vi munkaterve &nbsp; K\u00f6zmeghallgat\u00e1sok\u00a0 jegyz\u0151k\u00f6nyvei 2025 Jegyz\u0151k\u00f6nyv Hont K\u00f6zs\u00e9g \u00d6nkorm\u00e1nyzata K\u00e9pvisel\u0151-test\u00fclet\u00e9nek 2025. november 19-\u00e9n tartott k\u00f6zmeghallgat\u00e1s\u00e1r\u00f3l &nbsp; K\u00e9pvisel\u0151-test\u00fclet \u00fcl\u00e9seinek jegyz\u0151k\u00f6nyvei 2026 Jegyz\u0151k\u00f6nyv Hont K\u00f6zs\u00e9g \u00d6nkorm\u00e1nyzata K\u00e9pvisel\u0151-test\u00fclet\u00e9nek 2026. m\u00e1rcius 17-\u00e9n tartott nyilv\u00e1nos \u00fcl\u00e9s\u00e9r\u0151l 2026 Jegyz\u0151k\u00f6nyv Hont K\u00f6zs\u00e9g \u00d6nkorm\u00e1nyzata K\u00e9pvisel\u0151-test\u00fclet\u00e9nek 2026. febru\u00e1r 2-\u00e1n tartott nyilv\u00e1nos \u00fcl\u00e9s\u00e9r\u0151l 2026 Jegyz\u0151k\u00f6nyv Hont K\u00f6zs\u00e9g \u00d6nkorm\u00e1nyzata K\u00e9pvisel\u0151-test\u00fclet\u00e9nek 2026. janu\u00e1r 30-\u00e1n tartott rendk\u00edv\u00fcli nyilv\u00e1nos \u00fcl\u00e9s\u00e9r\u0151l 2025 Jegyz\u0151k\u00f6nyv Hont&#8230;<\/p>\n<p class=\"read-more\"><a class=\"btn btn-default\" href=\"https:\/\/wp.hont.hu\/index.php\/kozerdeku-adatok\/tevekenysegre-mukodesre-vonatkozo-adatok-donteshozatal-ulesek\/\"> Read More<span class=\"screen-reader-text\">  Read More<\/span><\/a><\/p>\n","protected":false},"author":1,"featured_media":0,"parent":581,"menu_order":0,"comment_status":"closed","ping_status":"closed","template":"","meta":{"footnotes":""},"class_list":["post-699","page","type-page","status-publish","hentry"],"aioseo_notices":[],"_links":{"self":[{"href":"https:\/\/wp.hont.hu\/index.php\/wp-json\/wp\/v2\/pages\/699","targetHints":{"allow":["GET"]}}],"collection":[{"href":"https:\/\/wp.hont.hu\/index.php\/wp-json\/wp\/v2\/pages"}],"about":[{"href":"https:\/\/wp.hont.hu\/index.php\/wp-json\/wp\/v2\/types\/page"}],"author":[{"embeddable":true,"href":"https:\/\/wp.hont.hu\/index.php\/wp-json\/wp\/v2\/users\/1"}],"replies":[{"embeddable":true,"href":"https:\/\/wp.hont.hu\/index.php\/wp-json\/wp\/v2\/comments?post=699"}],"version-history":[{"count":60,"href":"https:\/\/wp.hont.hu\/index.php\/wp-json\/wp\/v2\/pages\/699\/revisions"}],"predecessor-version":[{"id":960,"href":"https:\/\/wp.hont.hu\/index.php\/wp-json\/wp\/v2\/pages\/699\/revisions\/960"}],"up":[{"embeddable":true,"href":"https:\/\/wp.hont.hu\/index.php\/wp-json\/wp\/v2\/pages\/581"}],"wp:attachment":[{"href":"https:\/\/wp.hont.hu\/index.php\/wp-json\/wp\/v2\/media?parent=699"}],"curies":[{"name":"wp","href":"https:\/\/api.w.org\/{rel}","templated":true}]}}