{"id":707,"date":"2025-02-28T11:22:45","date_gmt":"2025-02-28T11:22:45","guid":{"rendered":"https:\/\/wp.hont.hu\/?page_id=707"},"modified":"2026-03-24T10:42:11","modified_gmt":"2026-03-24T10:42:11","slug":"tevekenysegre-mukodesre-vonatkozo-adatok-kozmuvelodesi-alapszolgaltatasok","status":"publish","type":"page","link":"https:\/\/wp.hont.hu\/index.php\/kozerdeku-adatok\/tevekenysegre-mukodesre-vonatkozo-adatok-kozmuvelodesi-alapszolgaltatasok\/","title":{"rendered":"Tev\u00e9kenys\u00e9gre, m\u0171k\u00f6d\u00e9sre vonatkoz\u00f3 adatok"},"content":{"rendered":"<h4 style=\"text-align: center;\"><strong>2. K\u00f6zm\u0171vel\u0151d\u00e9si alapszolg\u00e1ltat\u00e1sok<\/strong><\/h4>\n<p>&nbsp;<\/p>\n<table style=\"border: solid 1px;\">\n<tbody style=\"border: solid 1px;\">\n<tr style=\"border: solid 1px;\">\n<td style=\"border: solid 1px;\" bgcolor=\"#000000\"><strong>\u00c9v<\/strong><\/td>\n<td style=\"border: solid 1px;\" bgcolor=\"#000000\"><strong>Dokumentumok<\/strong><\/td>\n<\/tr>\n<tr>\n<td style=\"border: solid 1px;\" bgcolor=\"#2a2929\"><strong>2026<\/strong><\/td>\n<td style=\"border: solid 1px;\" bgcolor=\"#2a2929\"><a href=\"https:\/\/wp.hont.hu\/wp-content\/uploads\/2026\/03\/hont_szolgaltatasi_terv_2026.pdf\" target=\"_blank\" rel=\"noopener\"><strong>K\u00f6zm\u0171vel\u0151d\u00e9si alapszolg\u00e1ltat\u00e1sok 2026 &#8211; \u00e9ves munkaterv<\/strong><\/a><\/td>\n<\/tr>\n<tr>\n<td style=\"border: solid 1px;\" bgcolor=\"#2a2929\"><strong>2025<\/strong><\/td>\n<td style=\"border: solid 1px;\" bgcolor=\"#2a2929\"><strong><a href=\"https:\/\/wp.hont.hu\/wp-content\/uploads\/2025\/03\/2025_kozmuvelodesi_alapszolgaltatasok_hont.pdf\" target=\"_blank\" rel=\"noopener\">K\u00f6zm\u0171vel\u0151d\u00e9si alapszolg\u00e1ltat\u00e1sok 2025 &#8211; \u00e9ves munkaterv<\/a><\/strong><\/td>\n<\/tr>\n<\/tbody>\n<\/table>\n","protected":false},"excerpt":{"rendered":"<p>2. K\u00f6zm\u0171vel\u0151d\u00e9si alapszolg\u00e1ltat\u00e1sok &nbsp; \u00c9v Dokumentumok 2026 K\u00f6zm\u0171vel\u0151d\u00e9si alapszolg\u00e1ltat\u00e1sok 2026 &#8211; \u00e9ves munkaterv 2025 K\u00f6zm\u0171vel\u0151d\u00e9si alapszolg\u00e1ltat\u00e1sok 2025 &#8211; \u00e9ves munkaterv<\/p>\n","protected":false},"author":1,"featured_media":0,"parent":581,"menu_order":0,"comment_status":"closed","ping_status":"closed","template":"","meta":{"footnotes":""},"class_list":["post-707","page","type-page","status-publish","hentry"],"aioseo_notices":[],"_links":{"self":[{"href":"https:\/\/wp.hont.hu\/index.php\/wp-json\/wp\/v2\/pages\/707","targetHints":{"allow":["GET"]}}],"collection":[{"href":"https:\/\/wp.hont.hu\/index.php\/wp-json\/wp\/v2\/pages"}],"about":[{"href":"https:\/\/wp.hont.hu\/index.php\/wp-json\/wp\/v2\/types\/page"}],"author":[{"embeddable":true,"href":"https:\/\/wp.hont.hu\/index.php\/wp-json\/wp\/v2\/users\/1"}],"replies":[{"embeddable":true,"href":"https:\/\/wp.hont.hu\/index.php\/wp-json\/wp\/v2\/comments?post=707"}],"version-history":[{"count":5,"href":"https:\/\/wp.hont.hu\/index.php\/wp-json\/wp\/v2\/pages\/707\/revisions"}],"predecessor-version":[{"id":915,"href":"https:\/\/wp.hont.hu\/index.php\/wp-json\/wp\/v2\/pages\/707\/revisions\/915"}],"up":[{"embeddable":true,"href":"https:\/\/wp.hont.hu\/index.php\/wp-json\/wp\/v2\/pages\/581"}],"wp:attachment":[{"href":"https:\/\/wp.hont.hu\/index.php\/wp-json\/wp\/v2\/media?parent=707"}],"curies":[{"name":"wp","href":"https:\/\/api.w.org\/{rel}","templated":true}]}}