{"id":838,"date":"2025-11-21T13:26:47","date_gmt":"2025-11-21T13:26:47","guid":{"rendered":"https:\/\/wp.hont.hu\/?page_id=838"},"modified":"2026-04-08T12:25:21","modified_gmt":"2026-04-08T12:25:21","slug":"valasztasi-szervek-2026","status":"publish","type":"page","link":"https:\/\/wp.hont.hu\/index.php\/valasztasi-szervek-2026\/","title":{"rendered":"V\u00e1laszt\u00e1si szervek"},"content":{"rendered":"<p><strong>Hont K\u00f6zs\u00e9g Helyi V\u00e1laszt\u00e1si Bizotts\u00e1g\u00e1nak tagjai \u00e9s el\u00e9rhet\u0151s\u00e9gek:<\/strong><\/p>\n<p><strong>Tagjai:<br \/>\n<\/strong>G\u00e1l Fruzsina<br \/>\nG\u00e1l S\u00e1ndorn\u00e9<br \/>\nJuh\u00e1sz Margit Ildik\u00f3<br \/>\nPocsai S\u00e1ndorn\u00e9<br \/>\nSzmodics Anik\u00f3<\/p>\n<p><strong>P\u00f3ttagok:<br \/>\n<\/strong>Botka Rita<br \/>\nSzekeres L\u00e1szl\u00f3n\u00e9<\/p>\n<p><strong>El\u00e9rhet\u0151s\u00e9gek:<br \/>\n<\/strong>C\u00edm: 2647 Hont, Ipoly u. 55.<br \/>\nTelefon: <span class=\"contact-tag view service-contact \">35\/368-242<\/span><br \/>\nEmail: <span class=\"email-tag view service-email \"><a href=\"mailto:onkormanyzat@hont.hu\" target=\"_blank\" rel=\"noopener\">onkormanyzat@hont.hu<\/a><\/span><\/p>\n<p><strong>Helyi V\u00e1laszt\u00e1si Iroda vezet\u0151je:<\/strong><br \/>\nFecser Erika<\/p>\n<p><strong>El\u00e9rhet\u0151s\u00e9gek:<br \/>\n<\/strong>C\u00edm: 2646 Dr\u00e9gelypal\u00e1nk, R\u00e1k\u00f3czi \u00fat 1.<br \/>\nTelefon: 35\/367-199<br \/>\nEmail: <a href=\"mailto:jegyzo@dpkoh.hu\" target=\"_blank\" rel=\"noopener\">jegyzo@dpkoh.hu<\/a><\/p>\n<hr \/>\n<p style=\"text-align: center;\"><strong>Jelentkezzen szavazatsz\u00e1ml\u00e1l\u00f3 bizotts\u00e1gi tagnak a 2026-os orsz\u00e1ggy\u0171l\u00e9si v\u00e1laszt\u00e1sokra!<br \/>\n<\/strong>A szavazatsz\u00e1ml\u00e1l\u00f3 bizotts\u00e1g feladatait bemutat\u00f3 kisfilmet <a href=\"https:\/\/www.youtube.com\/watch?v=RUY2KY78-o4\" data-rel=\"lightbox-video-0\" target=\"_blank\" rel=\"noopener\"><strong>ide<\/strong><\/a> kattintva tekintheti meg.<br \/>\n<strong><a href=\"https:\/\/wp.hont.hu\/wp-content\/uploads\/2025\/12\/Jelentkezesi_Adatlap_Nyilatkozat_szszb_jelentkezeshez-Ho.pdf\" target=\"_blank\" rel=\"noopener\">Jelentkez\u00e9si adatlap \u00e9s nyilatkozat<\/a><br \/>\n<\/strong><a href=\"https:\/\/wp.hont.hu\/wp-content\/uploads\/2025\/12\/Jelentkezes-SZSZB-tagnak-2-page-001-scaled.jpg\" target=\"_blank\" rel=\"noopener\" data-rel=\"lightbox-gallery-K3RPPD7T\" data-rl_title=\"\" data-rl_caption=\"\" title=\"\"><img loading=\"lazy\" decoding=\"async\" class=\"alignnone wp-image-856\" src=\"https:\/\/wp.hont.hu\/wp-content\/uploads\/2025\/12\/Jelentkezes-SZSZB-tagnak-2-page-001-724x1024.jpg\" alt=\"\" width=\"300\" height=\"424\" srcset=\"https:\/\/wp.hont.hu\/wp-content\/uploads\/2025\/12\/Jelentkezes-SZSZB-tagnak-2-page-001-724x1024.jpg 724w, https:\/\/wp.hont.hu\/wp-content\/uploads\/2025\/12\/Jelentkezes-SZSZB-tagnak-2-page-001-212x300.jpg 212w, https:\/\/wp.hont.hu\/wp-content\/uploads\/2025\/12\/Jelentkezes-SZSZB-tagnak-2-page-001-768x1086.jpg 768w, https:\/\/wp.hont.hu\/wp-content\/uploads\/2025\/12\/Jelentkezes-SZSZB-tagnak-2-page-001-1086x1536.jpg 1086w, https:\/\/wp.hont.hu\/wp-content\/uploads\/2025\/12\/Jelentkezes-SZSZB-tagnak-2-page-001-1448x2048.jpg 1448w, https:\/\/wp.hont.hu\/wp-content\/uploads\/2025\/12\/Jelentkezes-SZSZB-tagnak-2-page-001-8x12.jpg 8w, https:\/\/wp.hont.hu\/wp-content\/uploads\/2025\/12\/Jelentkezes-SZSZB-tagnak-2-page-001-191x270.jpg 191w, https:\/\/wp.hont.hu\/wp-content\/uploads\/2025\/12\/Jelentkezes-SZSZB-tagnak-2-page-001-scaled.jpg 1810w\" sizes=\"auto, (max-width: 300px) 100vw, 300px\" \/><\/a> <a href=\"https:\/\/wp.hont.hu\/wp-content\/uploads\/2025\/12\/Jelentkezes-SZSZB-tagnak-2-page-002-scaled.jpg\" target=\"_blank\" rel=\"noopener\" data-rel=\"lightbox-gallery-K3RPPD7T\" data-rl_title=\"\" data-rl_caption=\"\" title=\"\"><img loading=\"lazy\" decoding=\"async\" class=\"alignnone wp-image-855\" src=\"https:\/\/wp.hont.hu\/wp-content\/uploads\/2025\/12\/Jelentkezes-SZSZB-tagnak-2-page-002-724x1024.jpg\" alt=\"\" width=\"300\" height=\"424\" srcset=\"https:\/\/wp.hont.hu\/wp-content\/uploads\/2025\/12\/Jelentkezes-SZSZB-tagnak-2-page-002-724x1024.jpg 724w, https:\/\/wp.hont.hu\/wp-content\/uploads\/2025\/12\/Jelentkezes-SZSZB-tagnak-2-page-002-212x300.jpg 212w, https:\/\/wp.hont.hu\/wp-content\/uploads\/2025\/12\/Jelentkezes-SZSZB-tagnak-2-page-002-768x1086.jpg 768w, https:\/\/wp.hont.hu\/wp-content\/uploads\/2025\/12\/Jelentkezes-SZSZB-tagnak-2-page-002-1086x1536.jpg 1086w, https:\/\/wp.hont.hu\/wp-content\/uploads\/2025\/12\/Jelentkezes-SZSZB-tagnak-2-page-002-1448x2048.jpg 1448w, https:\/\/wp.hont.hu\/wp-content\/uploads\/2025\/12\/Jelentkezes-SZSZB-tagnak-2-page-002-8x12.jpg 8w, https:\/\/wp.hont.hu\/wp-content\/uploads\/2025\/12\/Jelentkezes-SZSZB-tagnak-2-page-002-191x270.jpg 191w, https:\/\/wp.hont.hu\/wp-content\/uploads\/2025\/12\/Jelentkezes-SZSZB-tagnak-2-page-002-scaled.jpg 1810w\" sizes=\"auto, (max-width: 300px) 100vw, 300px\" \/><\/a><\/p>\n","protected":false},"excerpt":{"rendered":"<p>Hont K\u00f6zs\u00e9g Helyi V\u00e1laszt\u00e1si Bizotts\u00e1g\u00e1nak tagjai \u00e9s el\u00e9rhet\u0151s\u00e9gek: Tagjai: G\u00e1l Fruzsina G\u00e1l S\u00e1ndorn\u00e9 Juh\u00e1sz Margit Ildik\u00f3 Pocsai S\u00e1ndorn\u00e9 Szmodics Anik\u00f3 P\u00f3ttagok: Botka Rita Szekeres L\u00e1szl\u00f3n\u00e9 El\u00e9rhet\u0151s\u00e9gek: C\u00edm: 2647 Hont, Ipoly u. 55. Telefon: 35\/368-242 Email: onkormanyzat@hont.hu Helyi V\u00e1laszt\u00e1si Iroda vezet\u0151je: Fecser Erika El\u00e9rhet\u0151s\u00e9gek: C\u00edm: 2646 Dr\u00e9gelypal\u00e1nk, R\u00e1k\u00f3czi \u00fat 1. Telefon: 35\/367-199 Email: jegyzo@dpkoh.hu Jelentkezzen szavazatsz\u00e1ml\u00e1l\u00f3 bizotts\u00e1gi tagnak a 2026-os orsz\u00e1ggy\u0171l\u00e9si v\u00e1laszt\u00e1sokra! A szavazatsz\u00e1ml\u00e1l\u00f3 bizotts\u00e1g feladatait bemutat\u00f3 kisfilmet ide kattintva tekintheti meg. Jelentkez\u00e9si adatlap \u00e9s nyilatkozat<\/p>\n","protected":false},"author":1,"featured_media":0,"parent":0,"menu_order":0,"comment_status":"closed","ping_status":"closed","template":"","meta":{"footnotes":""},"class_list":["post-838","page","type-page","status-publish","hentry"],"aioseo_notices":[],"_links":{"self":[{"href":"https:\/\/wp.hont.hu\/index.php\/wp-json\/wp\/v2\/pages\/838","targetHints":{"allow":["GET"]}}],"collection":[{"href":"https:\/\/wp.hont.hu\/index.php\/wp-json\/wp\/v2\/pages"}],"about":[{"href":"https:\/\/wp.hont.hu\/index.php\/wp-json\/wp\/v2\/types\/page"}],"author":[{"embeddable":true,"href":"https:\/\/wp.hont.hu\/index.php\/wp-json\/wp\/v2\/users\/1"}],"replies":[{"embeddable":true,"href":"https:\/\/wp.hont.hu\/index.php\/wp-json\/wp\/v2\/comments?post=838"}],"version-history":[{"count":9,"href":"https:\/\/wp.hont.hu\/index.php\/wp-json\/wp\/v2\/pages\/838\/revisions"}],"predecessor-version":[{"id":951,"href":"https:\/\/wp.hont.hu\/index.php\/wp-json\/wp\/v2\/pages\/838\/revisions\/951"}],"wp:attachment":[{"href":"https:\/\/wp.hont.hu\/index.php\/wp-json\/wp\/v2\/media?parent=838"}],"curies":[{"name":"wp","href":"https:\/\/api.w.org\/{rel}","templated":true}]}}