{"id":839,"date":"2025-11-21T13:27:38","date_gmt":"2025-11-21T13:27:38","guid":{"rendered":"https:\/\/wp.hont.hu\/?page_id=839"},"modified":"2026-04-08T12:26:20","modified_gmt":"2026-04-08T12:26:20","slug":"valasztasi-ugyintezes-2026","status":"publish","type":"page","link":"https:\/\/wp.hont.hu\/index.php\/valasztasi-ugyintezes-2026\/","title":{"rendered":"V\u00e1laszt\u00e1si \u00fcgyint\u00e9z\u00e9s"},"content":{"rendered":"<p style=\"text-align: center;\">K\u00e9relmek beny\u00fajt\u00e1sa \u00e9s egy\u00e9b \u00fcgyint\u00e9z\u00e9s a <strong>Nemzeti V\u00e1laszt\u00e1si Iroda<\/strong> honlapj\u00e1n lehets\u00e9ges.<br \/>\n<a href=\"https:\/\/www.valasztas.hu\/ugyintezes\" target=\"_blank\" rel=\"noopener noreferrer\"><strong>www.valasztas.hu\/ugyintezes<\/strong><\/a><\/p>\n<hr \/>\n<p style=\"text-align: center;\"><strong>T\u00c1J\u00c9KOZTAT\u00d3<\/strong><\/p>\n<p style=\"text-align: center;\"><b>Tisztelt V\u00e1laszt\u00f3polg\u00e1rok! <\/b><\/p>\n<p style=\"text-align: center;\">A N\u00f3gr\u00e1d V\u00e1rmegyei Korm\u00e1nyhivatal, Balassagyarmat J\u00e1r\u00e1si Hivatal\u00e1nak Korm\u00e1nyablaka (2660 Balassagyarmat, R\u00e1k\u00f3czi fejedelem \u00fat 12.), a 2026. \u00e1prilis 12-i orsz\u00e1ggy\u0171l\u00e9si k\u00e9pvisel\u0151k \u00e1ltal\u00e1nos v\u00e1laszt\u00e1s\u00e1hoz kapcsol\u00f3d\u00f3an rendk\u00edv\u00fcli nyitvatart\u00e1sa az al\u00e1bbiak szerint biztos\u00edtott lesz:<br \/>\n<b><br \/>\n2026. \u00e1prilis 11-\u00e9n szombaton 8.00 \u2013 16.00 \u00f3ra k\u00f6z\u00f6tt<br \/>\n2026. \u00e1prilis 12-\u00e9n vas\u00e1rnap 7.00 \u2013 19.00 k\u00f6z\u00f6tt.<\/b><\/p>\n<p style=\"text-align: center;\"><b>A Korm\u00e1nyablak a rendk\u00edv\u00fcli nyitvatart\u00e1si id\u0151ben kiz\u00e1r\u00f3lag a v\u00e1laszt\u00e1shoz kapcsol\u00f3d\u00f3 egyes okm\u00e1nyok p\u00f3tl\u00e1s\u00e1nak \u00fcgyint\u00e9z\u00e9s\u00e9t fogja elv\u00e9gezni.<\/b><\/p>\n<p style=\"text-align: center;\"><b>Mell\u00e9klet:<\/b> <a href=\"https:\/\/wp.hont.hu\/wp-content\/uploads\/2026\/04\/valasztas_tajekoztato_kormhiv.pdf\" target=\"_blank\" rel=\"noopener\"><strong>T\u00e1j\u00e9koztat\u00f3 Balassagyarmat Korm\u00e1nyablak\u00e1nak rendk\u00edv\u00fcli nyitvatart\u00e1s\u00e1r\u00f3l<\/strong><\/a><\/p>\n","protected":false},"excerpt":{"rendered":"<p>K\u00e9relmek beny\u00fajt\u00e1sa \u00e9s egy\u00e9b \u00fcgyint\u00e9z\u00e9s a Nemzeti V\u00e1laszt\u00e1si Iroda honlapj\u00e1n lehets\u00e9ges. www.valasztas.hu\/ugyintezes T\u00c1J\u00c9KOZTAT\u00d3 Tisztelt V\u00e1laszt\u00f3polg\u00e1rok! A N\u00f3gr\u00e1d V\u00e1rmegyei Korm\u00e1nyhivatal, Balassagyarmat J\u00e1r\u00e1si Hivatal\u00e1nak Korm\u00e1nyablaka (2660 Balassagyarmat, R\u00e1k\u00f3czi fejedelem \u00fat 12.), a 2026. \u00e1prilis 12-i orsz\u00e1ggy\u0171l\u00e9si k\u00e9pvisel\u0151k \u00e1ltal\u00e1nos v\u00e1laszt\u00e1s\u00e1hoz kapcsol\u00f3d\u00f3an rendk\u00edv\u00fcli nyitvatart\u00e1sa az al\u00e1bbiak szerint biztos\u00edtott lesz: 2026. \u00e1prilis 11-\u00e9n szombaton 8.00 \u2013 16.00 \u00f3ra k\u00f6z\u00f6tt 2026. \u00e1prilis 12-\u00e9n vas\u00e1rnap 7.00 \u2013 19.00 k\u00f6z\u00f6tt. A Korm\u00e1nyablak a rendk\u00edv\u00fcli nyitvatart\u00e1si id\u0151ben kiz\u00e1r\u00f3lag a v\u00e1laszt\u00e1shoz kapcsol\u00f3d\u00f3 egyes okm\u00e1nyok p\u00f3tl\u00e1s\u00e1nak \u00fcgyint\u00e9z\u00e9s\u00e9t fogja elv\u00e9gezni. Mell\u00e9klet: T\u00e1j\u00e9koztat\u00f3&#8230;<\/p>\n<p class=\"read-more\"><a class=\"btn btn-default\" href=\"https:\/\/wp.hont.hu\/index.php\/valasztasi-ugyintezes-2026\/\"> Read More<span class=\"screen-reader-text\">  Read More<\/span><\/a><\/p>\n","protected":false},"author":1,"featured_media":0,"parent":0,"menu_order":0,"comment_status":"closed","ping_status":"closed","template":"","meta":{"footnotes":""},"class_list":["post-839","page","type-page","status-publish","hentry"],"aioseo_notices":[],"_links":{"self":[{"href":"https:\/\/wp.hont.hu\/index.php\/wp-json\/wp\/v2\/pages\/839","targetHints":{"allow":["GET"]}}],"collection":[{"href":"https:\/\/wp.hont.hu\/index.php\/wp-json\/wp\/v2\/pages"}],"about":[{"href":"https:\/\/wp.hont.hu\/index.php\/wp-json\/wp\/v2\/types\/page"}],"author":[{"embeddable":true,"href":"https:\/\/wp.hont.hu\/index.php\/wp-json\/wp\/v2\/users\/1"}],"replies":[{"embeddable":true,"href":"https:\/\/wp.hont.hu\/index.php\/wp-json\/wp\/v2\/comments?post=839"}],"version-history":[{"count":4,"href":"https:\/\/wp.hont.hu\/index.php\/wp-json\/wp\/v2\/pages\/839\/revisions"}],"predecessor-version":[{"id":953,"href":"https:\/\/wp.hont.hu\/index.php\/wp-json\/wp\/v2\/pages\/839\/revisions\/953"}],"wp:attachment":[{"href":"https:\/\/wp.hont.hu\/index.php\/wp-json\/wp\/v2\/media?parent=839"}],"curies":[{"name":"wp","href":"https:\/\/api.w.org\/{rel}","templated":true}]}}