{"id":840,"date":"2025-11-21T13:27:56","date_gmt":"2025-11-21T13:27:56","guid":{"rendered":"https:\/\/wp.hont.hu\/?page_id=840"},"modified":"2026-04-16T12:37:02","modified_gmt":"2026-04-16T12:37:02","slug":"2026-evi-valasztas","status":"publish","type":"page","link":"https:\/\/wp.hont.hu\/index.php\/2026-evi-valasztas\/","title":{"rendered":"2026. \u00e9vi v\u00e1laszt\u00e1s"},"content":{"rendered":"<p style=\"text-align: center;\"><strong>V\u00e1laszt\u00e1si eredm\u00e9nyek Honton:<br \/>\n<a href=\"https:\/\/vtr.valasztas.hu\/ogy2026\/egyeni-valasztokeruletek\/13\/02\/041\/szavazohelyisegek\/001?tab=eredmenyek&amp;filter=egyeni-valasztokeruleti\" target=\"_blank\" rel=\"noopener\">Hont, 001. sz\u00e1m\u00fa szavaz\u00f3k\u00f6r<\/a><\/strong><\/p>\n<p style=\"text-align: center;\"><strong>Tov\u00e1bbi tudnival\u00f3k a Nemzeti V\u00e1laszt\u00e1si Iroda honlapj\u00e1n!<\/strong><br \/>\n<strong><a href=\"https:\/\/www.valasztas.hu\" target=\"_blank\" rel=\"noopener noreferrer\">www.valasztas.hu<\/a><\/strong><\/p>\n","protected":false},"excerpt":{"rendered":"<p>V\u00e1laszt\u00e1si eredm\u00e9nyek Honton: Hont, 001. sz\u00e1m\u00fa szavaz\u00f3k\u00f6r Tov\u00e1bbi tudnival\u00f3k a Nemzeti V\u00e1laszt\u00e1si Iroda honlapj\u00e1n! www.valasztas.hu<\/p>\n","protected":false},"author":1,"featured_media":0,"parent":0,"menu_order":0,"comment_status":"closed","ping_status":"closed","template":"","meta":{"footnotes":""},"class_list":["post-840","page","type-page","status-publish","hentry"],"aioseo_notices":[],"_links":{"self":[{"href":"https:\/\/wp.hont.hu\/index.php\/wp-json\/wp\/v2\/pages\/840","targetHints":{"allow":["GET"]}}],"collection":[{"href":"https:\/\/wp.hont.hu\/index.php\/wp-json\/wp\/v2\/pages"}],"about":[{"href":"https:\/\/wp.hont.hu\/index.php\/wp-json\/wp\/v2\/types\/page"}],"author":[{"embeddable":true,"href":"https:\/\/wp.hont.hu\/index.php\/wp-json\/wp\/v2\/users\/1"}],"replies":[{"embeddable":true,"href":"https:\/\/wp.hont.hu\/index.php\/wp-json\/wp\/v2\/comments?post=840"}],"version-history":[{"count":3,"href":"https:\/\/wp.hont.hu\/index.php\/wp-json\/wp\/v2\/pages\/840\/revisions"}],"predecessor-version":[{"id":956,"href":"https:\/\/wp.hont.hu\/index.php\/wp-json\/wp\/v2\/pages\/840\/revisions\/956"}],"wp:attachment":[{"href":"https:\/\/wp.hont.hu\/index.php\/wp-json\/wp\/v2\/media?parent=840"}],"curies":[{"name":"wp","href":"https:\/\/api.w.org\/{rel}","templated":true}]}}