{"id":862,"date":"2025-12-01T12:20:02","date_gmt":"2025-12-01T12:20:02","guid":{"rendered":"https:\/\/wp.hont.hu\/?page_id=862"},"modified":"2025-12-01T12:28:54","modified_gmt":"2025-12-01T12:28:54","slug":"versenykepes-jarasok-program","status":"publish","type":"page","link":"https:\/\/wp.hont.hu\/index.php\/versenykepes-jarasok-program\/","title":{"rendered":"Versenyk\u00e9pes J\u00e1r\u00e1sok Program"},"content":{"rendered":"<p style=\"text-align: center;\"><img loading=\"lazy\" decoding=\"async\" class=\"alignnone wp-image-863\" src=\"https:\/\/wp.hont.hu\/wp-content\/uploads\/2025\/12\/vjp_logo.png\" alt=\"\" width=\"235\" height=\"163\" srcset=\"https:\/\/wp.hont.hu\/wp-content\/uploads\/2025\/12\/vjp_logo.png 258w, https:\/\/wp.hont.hu\/wp-content\/uploads\/2025\/12\/vjp_logo-18x12.png 18w\" sizes=\"auto, (max-width: 235px) 100vw, 235px\" \/><\/p>\n<p style=\"text-align: center;\"><strong>Sajt\u00f3k\u00f6zlem\u00e9ny<\/strong><\/p>\n<p style=\"text-align: center;\"><strong>\u00a0A VERSENYK\u00c9PES J\u00c1R\u00c1SOK PROGRAM KERET\u00c9BEN ELNYERT T\u00c1MOGAT\u00c1SR\u00d3L<\/strong><\/p>\n<p style=\"text-align: justify;\"><span style=\"color: #0d62b8;\"><strong>Magyarorsz\u00e1g Korm\u00e1ny\u00e1nak Versenyk\u00e9pes J\u00e1r\u00e1sok Programja keret\u00e9ben \u201e\u00d6nkorm\u00e1nyzati tulajdon\u00fa ingatlanok fejleszt\u00e9se\u201d c\u00edmen Dr\u00e9gelypal\u00e1nk, Hont, Ipolyvece, Dejt\u00e1r, Patak telep\u00fcl\u00e9sek \u00f6nkorm\u00e1nyzatai k\u00f6z\u00f6sen, konzorciumi form\u00e1ban 2025. els\u0151 f\u00e9l\u00e9v\u00e9ben fejleszt\u00e9si ig\u00e9nyt ny\u00fajtottak be a K\u00f6zigazgat\u00e1si \u00e9s Ter\u00fcletfejleszt\u00e9si Miniszt\u00e9riumhoz.<\/strong><\/span><\/p>\n<p style=\"text-align: justify;\"><strong>A konzorcium eg\u00e9sz\u00e9re meg\u00edt\u00e9lt t\u00e1mogat\u00e1s \u00f6sszege brutt\u00f3 45 000 000 forint, melyb\u0151l Hont K\u00f6zs\u00e9g \u00d6nkorm\u00e1nyzata 9 000 000 Ft t\u00e1mogat\u00e1sban r\u00e9szes\u00fclt.<\/strong><\/p>\n<p style=\"text-align: justify;\">Az <strong>\u201e\u00d6nkorm\u00e1nyzati tulajdon\u00fa ingatlanok fejleszt\u00e9se\u201d<\/strong> c\u00edm\u0171 projekt Magyarorsz\u00e1g Korm\u00e1ny\u00e1nak a Versenyk\u00e9pes J\u00e1r\u00e1sok Program keret\u00e9ben biztos\u00edtott vissza nem t\u00e9r\u00edtend\u0151 t\u00e1mogat\u00e1s\u00e1val, hazai forr\u00e1sb\u00f3l val\u00f3sul meg.<br \/>\nA program\/fejleszt\u00e9s r\u00f6vid tartalma A fel\u00faj\u00edt\u00e1s sor\u00e1n \u00faj csoportos fogyaszt\u00e1s-m\u00e9r\u0151hely lesz kialak\u00edtva az \u00e9p\u00fclet oldalfal\u00e1n. A fogyaszt\u00e1sm\u00e9r\u0151 helyhez kapcsol\u00f3d\u00f3an ki\u00e9p\u00edt\u00e9sre ker\u00fcl az \u00faj l\u00e9gvezet\u00e9kes tart\u00f3szerkezet illetve a m\u00e9retlen\/m\u00e9rt vezet\u00e9k-h\u00e1l\u00f3zat v\u00e9d\u0151cs\u00f6vez\u00e9se \u00e9s azok vezet\u00e9kei. Az \u00faj m\u00e9r\u0151hely \u00e9s eloszt\u00f3 3&#215;230\/400V 50 Hz rendszer\u0171 lesz, ki\u00e9p\u00edt\u00e9sre ker\u00fcl az \u00faj f\u0171t\u0151 r\u00e9z cs\u0151h\u00e1l\u00f3zat. \u00daj korszer\u0171 h\u0151lead\u00f3 fel\u00fcletek ker\u00fclnek be\u00e9p\u00edt\u00e9sre amelyek egyedi thermo-szab\u00e1lyz\u00e1ssal lesznek ell\u00e1tva. Pinceszinten ker\u00fcl elhelyez\u00e9sre a gazdas\u00e1gos \u00fczem\u0171 kondenz\u00e1ci\u00f3s g\u00e1zkaz\u00e1n.<\/p>\n<p>A beruh\u00e1z\u00e1s kezdete: 2025.09.01.<br \/>\nA beruh\u00e1z\u00e1s v\u00e1rhat\u00f3 befejez\u00e9se: 2026.12.31.<\/p>\n<p style=\"text-align: justify;\">A Versenyk\u00e9pes J\u00e1r\u00e1sok Program kiemelt c\u00e9lja, hogy a j\u00e1r\u00e1sok szempontj\u00e1b\u00f3l jelent\u0151s, t\u00f6bb telep\u00fcl\u00e9s helyzet\u00e9t jav\u00edt\u00f3, illetve az adott j\u00e1r\u00e1s lakoss\u00e1g\u00e1nak min\u00e9l nagyobb h\u00e1nyad\u00e1t \u00e9rint\u0151 fejleszt\u00e9sek t\u00e1mogat\u00e1s\u00e1val \u00f6szt\u00f6n\u00f6zze a t\u00e9rs\u00e9gi \u00e9s telep\u00fcl\u00e9si egy\u00fcttm\u0171k\u00f6d\u00e9seket, megteremtse a p\u00e1rbesz\u00e9det a j\u00e1r\u00e1sok telep\u00fcl\u00e9sei k\u00f6z\u00f6tt annak \u00e9rdek\u00e9ben, hogy k\u00f6z\u00f6s c\u00e9ljaikat min\u00e9l hat\u00e9konyabban val\u00f3s\u00edts\u00e1k meg.<\/p>\n<p style=\"text-align: right;\">Hont, 2025.11.03.<\/p>\n<p style=\"text-align: center;\"><img loading=\"lazy\" decoding=\"async\" class=\"alignnone wp-image-93\" src=\"https:\/\/wp.hont.hu\/wp-content\/uploads\/2024\/04\/cropped-hont_cimer-1.png\" alt=\"\" width=\"200\" height=\"200\" srcset=\"https:\/\/wp.hont.hu\/wp-content\/uploads\/2024\/04\/cropped-hont_cimer-1.png 512w, https:\/\/wp.hont.hu\/wp-content\/uploads\/2024\/04\/cropped-hont_cimer-1-300x300.png 300w, https:\/\/wp.hont.hu\/wp-content\/uploads\/2024\/04\/cropped-hont_cimer-1-150x150.png 150w, https:\/\/wp.hont.hu\/wp-content\/uploads\/2024\/04\/cropped-hont_cimer-1-12x12.png 12w, https:\/\/wp.hont.hu\/wp-content\/uploads\/2024\/04\/cropped-hont_cimer-1-270x270.png 270w, https:\/\/wp.hont.hu\/wp-content\/uploads\/2024\/04\/cropped-hont_cimer-1-192x192.png 192w, https:\/\/wp.hont.hu\/wp-content\/uploads\/2024\/04\/cropped-hont_cimer-1-180x180.png 180w, https:\/\/wp.hont.hu\/wp-content\/uploads\/2024\/04\/cropped-hont_cimer-1-32x32.png 32w\" sizes=\"auto, (max-width: 200px) 100vw, 200px\" \/><\/p>\n","protected":false},"excerpt":{"rendered":"<p>Sajt\u00f3k\u00f6zlem\u00e9ny \u00a0A VERSENYK\u00c9PES J\u00c1R\u00c1SOK PROGRAM KERET\u00c9BEN ELNYERT T\u00c1MOGAT\u00c1SR\u00d3L Magyarorsz\u00e1g Korm\u00e1ny\u00e1nak Versenyk\u00e9pes J\u00e1r\u00e1sok Programja keret\u00e9ben \u201e\u00d6nkorm\u00e1nyzati tulajdon\u00fa ingatlanok fejleszt\u00e9se\u201d c\u00edmen Dr\u00e9gelypal\u00e1nk, Hont, Ipolyvece, Dejt\u00e1r, Patak telep\u00fcl\u00e9sek \u00f6nkorm\u00e1nyzatai k\u00f6z\u00f6sen, konzorciumi form\u00e1ban 2025. els\u0151 f\u00e9l\u00e9v\u00e9ben fejleszt\u00e9si ig\u00e9nyt ny\u00fajtottak be a K\u00f6zigazgat\u00e1si \u00e9s Ter\u00fcletfejleszt\u00e9si Miniszt\u00e9riumhoz. A konzorcium eg\u00e9sz\u00e9re meg\u00edt\u00e9lt t\u00e1mogat\u00e1s \u00f6sszege brutt\u00f3 45 000 000 forint, melyb\u0151l Hont K\u00f6zs\u00e9g \u00d6nkorm\u00e1nyzata 9 000 000 Ft t\u00e1mogat\u00e1sban r\u00e9szes\u00fclt. Az \u201e\u00d6nkorm\u00e1nyzati tulajdon\u00fa ingatlanok fejleszt\u00e9se\u201d c\u00edm\u0171 projekt Magyarorsz\u00e1g Korm\u00e1ny\u00e1nak a Versenyk\u00e9pes J\u00e1r\u00e1sok Program keret\u00e9ben biztos\u00edtott vissza nem t\u00e9r\u00edtend\u0151&#8230;<\/p>\n<p class=\"read-more\"><a class=\"btn btn-default\" href=\"https:\/\/wp.hont.hu\/index.php\/versenykepes-jarasok-program\/\"> Read More<span class=\"screen-reader-text\">  Read More<\/span><\/a><\/p>\n","protected":false},"author":1,"featured_media":0,"parent":0,"menu_order":0,"comment_status":"closed","ping_status":"closed","template":"","meta":{"footnotes":""},"class_list":["post-862","page","type-page","status-publish","hentry"],"aioseo_notices":[],"_links":{"self":[{"href":"https:\/\/wp.hont.hu\/index.php\/wp-json\/wp\/v2\/pages\/862","targetHints":{"allow":["GET"]}}],"collection":[{"href":"https:\/\/wp.hont.hu\/index.php\/wp-json\/wp\/v2\/pages"}],"about":[{"href":"https:\/\/wp.hont.hu\/index.php\/wp-json\/wp\/v2\/types\/page"}],"author":[{"embeddable":true,"href":"https:\/\/wp.hont.hu\/index.php\/wp-json\/wp\/v2\/users\/1"}],"replies":[{"embeddable":true,"href":"https:\/\/wp.hont.hu\/index.php\/wp-json\/wp\/v2\/comments?post=862"}],"version-history":[{"count":9,"href":"https:\/\/wp.hont.hu\/index.php\/wp-json\/wp\/v2\/pages\/862\/revisions"}],"predecessor-version":[{"id":875,"href":"https:\/\/wp.hont.hu\/index.php\/wp-json\/wp\/v2\/pages\/862\/revisions\/875"}],"wp:attachment":[{"href":"https:\/\/wp.hont.hu\/index.php\/wp-json\/wp\/v2\/media?parent=862"}],"curies":[{"name":"wp","href":"https:\/\/api.w.org\/{rel}","templated":true}]}}